{"id":11040,"date":"2020-03-17T15:21:47","date_gmt":"2020-03-17T08:21:47","guid":{"rendered":"http:\/\/thuquandoanhnhan.org\/?page_id=11040"},"modified":"2025-01-20T04:14:43","modified_gmt":"2025-01-19T21:14:43","slug":"triet-ly-giao-duc-youre","status":"publish","type":"page","link":"https:\/\/youre.org.vn\/en\/triet-ly-giao-duc-youre\/","title":{"rendered":"Tri\u1ebft L\u00fd Gi\u00e1o D\u1ee5c DNXH YourE"},"content":{"rendered":"<div data-elementor-type=\"wp-page\" data-elementor-id=\"11040\" class=\"elementor elementor-11040\" data-elementor-settings=\"[]\">\n\t\t\t\t\t\t<div class=\"elementor-inner\">\n\t\t\t\t\t\t\t<div class=\"elementor-section-wrap\">\n\t\t\t\t\t\t\t<section class=\"has_ae_slider elementor-section elementor-top-section elementor-element elementor-element-c0625d8 elementor-section-boxed elementor-section-height-default elementor-section-height-default ae-bg-gallery-type-default\" data-id=\"c0625d8\" data-element_type=\"section\">\n\t\t\t\t\t\t<div class=\"elementor-container elementor-column-gap-default\">\n\t\t\t\t\t\t\t<div class=\"elementor-row\">\n\t\t\t\t\t<div class=\"has_ae_slider elementor-column elementor-col-100 elementor-top-column elementor-element elementor-element-076cc4c ae-bg-gallery-type-default\" data-id=\"076cc4c\" data-element_type=\"column\">\n\t\t\t<div class=\"elementor-column-wrap elementor-element-populated\">\n\t\t\t\t\t\t\t<div class=\"elementor-widget-wrap\">\n\t\t\t\t\t\t<div class=\"elementor-element elementor-element-4544cea elementor-widget elementor-widget-image\" data-id=\"4544cea\" data-element_type=\"widget\" data-widget_type=\"image.default\">\n\t\t\t\t<div class=\"elementor-widget-container\">\n\t\t\t\t\t\t\t\t<div class=\"elementor-image\">\n\t\t\t\t\t\t\t\t\t\t\t\t<img width=\"1366\" height=\"768\" src=\"https:\/\/youre.org.vn\/wp-content\/uploads\/2023\/02\/triet-ly-giao-duc.jpg\" class=\"attachment-full size-full\" alt=\"Tri\u1ebft l\u00fd gi\u00e1o d\u1ee5c\" loading=\"lazy\" srcset=\"https:\/\/youre.org.vn\/wp-content\/uploads\/2023\/02\/triet-ly-giao-duc.jpg 1366w, https:\/\/youre.org.vn\/wp-content\/uploads\/2023\/02\/triet-ly-giao-duc-300x169.jpg 300w, https:\/\/youre.org.vn\/wp-content\/uploads\/2023\/02\/triet-ly-giao-duc-1024x576.jpg 1024w, https:\/\/youre.org.vn\/wp-content\/uploads\/2023\/02\/triet-ly-giao-duc-768x432.jpg 768w, https:\/\/youre.org.vn\/wp-content\/uploads\/2023\/02\/triet-ly-giao-duc-18x10.jpg 18w\" sizes=\"(max-width: 1366px) 100vw, 1366px\" \/>\t\t\t\t\t\t\t\t\t\t\t\t\t\t<\/div>\n\t\t\t\t\t\t<\/div>\n\t\t\t\t<\/div>\n\t\t\t\t\t\t<\/div>\n\t\t\t\t\t<\/div>\n\t\t<\/div>\n\t\t\t\t\t\t\t\t<\/div>\n\t\t\t\t\t<\/div>\n\t\t<\/section>\n\t\t\t\t<section class=\"has_ae_slider elementor-section elementor-top-section elementor-element elementor-element-e925f50 elementor-hidden-phone elementor-section-boxed elementor-section-height-default elementor-section-height-default ae-bg-gallery-type-default\" data-id=\"e925f50\" data-element_type=\"section\">\n\t\t\t\t\t\t<div class=\"elementor-container elementor-column-gap-default\">\n\t\t\t\t\t\t\t<div class=\"elementor-row\">\n\t\t\t\t\t<div class=\"has_ae_slider elementor-column elementor-col-100 elementor-top-column elementor-element elementor-element-9bde546 ae-bg-gallery-type-default\" data-id=\"9bde546\" data-element_type=\"column\">\n\t\t\t<div class=\"elementor-column-wrap elementor-element-populated\">\n\t\t\t\t\t\t\t<div class=\"elementor-widget-wrap\">\n\t\t\t\t\t\t<div class=\"elementor-element elementor-element-35d9d9b elementor-widget elementor-widget-spacer\" data-id=\"35d9d9b\" data-element_type=\"widget\" data-widget_type=\"spacer.default\">\n\t\t\t\t<div class=\"elementor-widget-container\">\n\t\t\t\t\t<div class=\"elementor-spacer\">\n\t\t\t<div class=\"elementor-spacer-inner\"><\/div>\n\t\t<\/div>\n\t\t\t\t<\/div>\n\t\t\t\t<\/div>\n\t\t\t\t\t\t<\/div>\n\t\t\t\t\t<\/div>\n\t\t<\/div>\n\t\t\t\t\t\t\t\t<\/div>\n\t\t\t\t\t<\/div>\n\t\t<\/section>\n\t\t\t\t<section class=\"has_ae_slider elementor-section elementor-top-section elementor-element elementor-element-a8e0475 elementor-section-boxed elementor-section-height-default elementor-section-height-default ae-bg-gallery-type-default\" data-id=\"a8e0475\" data-element_type=\"section\">\n\t\t\t\t\t\t<div class=\"elementor-container elementor-column-gap-default\">\n\t\t\t\t\t\t\t<div class=\"elementor-row\">\n\t\t\t\t\t<div class=\"has_ae_slider elementor-column elementor-col-100 elementor-top-column elementor-element elementor-element-587471b ae-bg-gallery-type-default\" data-id=\"587471b\" data-element_type=\"column\">\n\t\t\t<div class=\"elementor-column-wrap elementor-element-populated\">\n\t\t\t\t\t\t\t<div class=\"elementor-widget-wrap\">\n\t\t\t\t\t\t<div class=\"elementor-element elementor-element-88b18af elementor-widget elementor-widget-heading\" data-id=\"88b18af\" data-element_type=\"widget\" data-widget_type=\"heading.default\">\n\t\t\t\t<div class=\"elementor-widget-container\">\n\t\t\t<h2 class=\"elementor-heading-title elementor-size-default\">Tri\u1ebft L\u00fd Gi\u00e1o D\u1ee5c YOUREORG<\/h2>\t\t<\/div>\n\t\t\t\t<\/div>\n\t\t\t\t<div class=\"elementor-element elementor-element-ab40951 elementor-widget elementor-widget-text-editor\" data-id=\"ab40951\" data-element_type=\"widget\" data-widget_type=\"text-editor.default\">\n\t\t\t\t<div class=\"elementor-widget-container\">\n\t\t\t\t\t\t\t\t<div class=\"elementor-text-editor elementor-clearfix\">\n\t\t\t\t\t<ul><li><strong>If only<\/strong>\u00a0my teachers knew more about my learning aspirations, development plans, strengths, and weaknesses!<\/li><li><strong>If only <\/strong>I was able to share with my teachers how I can effectively absorb new knowledge and how I tend to apply it in my life!<\/li><li><strong>If only<\/strong> my teachers could spend more time on each student's development instead of rushing through the curriculum to stay on schedule!<\/li><li><strong>If only<\/strong> I could seek additional support from my teachers whenever and wherever I need clarification about my progress!<\/li><li><strong>If only<\/strong> I could see a comprehensive picture of my progress in each skill, instead of just receiving numbers from test results!<\/li><li><strong>If only<\/strong> I could access quality learning opportunities without being hindered by tuition costs!<\/li><li><strong>If only<\/strong> my learning could extend beyond the classroom walls and be enriched by the community!<\/li><\/ul>\t\t\t\t\t<\/div>\n\t\t\t\t\t\t<\/div>\n\t\t\t\t<\/div>\n\t\t\t\t<div class=\"elementor-element elementor-element-a1fa725 elementor-widget elementor-widget-text-editor\" data-id=\"a1fa725\" data-element_type=\"widget\" data-widget_type=\"text-editor.default\">\n\t\t\t\t<div class=\"elementor-widget-container\">\n\t\t\t\t\t\t\t\t<div class=\"elementor-text-editor elementor-clearfix\">\n\t\t\t\t\t<p>T\u1ea1i YOUREORG, ch\u00fang t\u00f4i r\u1ea5t \u0111\u1ed3ng c\u1ea3m v\u00e0 chia s\u1ebb v\u1edbi nh\u00f3m h\u1ecdc sinh, sinh vi\u00ean y\u1ebfu th\u1ebf v\u1ec1 nh\u1eefng n\u1ed7i bu\u1ed3n ch\u1ea5t ch\u1ee9a trong hai t\u1eeb \u201cGi\u00e1 nh\u01b0\u201d m\u00e0 c\u00e1c em \u0111\u00e3 v\u00e0 \u0111ang tr\u1ea3i qua.<\/p><p>Therefore, to fully support the sustainable development of each student, we have designed and developed English courses based on our educational philosophy <strong>Every Student by Name and Need<\/strong>. \u0110\u1ec3 t\u1eeb \u0111\u00f3, m\u1ecdi h\u1ecdc vi\u00ean c\u1ee7a YOUREORG b\u1ea5t k\u1ec3 ho\u00e0n c\u1ea3nh xu\u1ea5t th\u00e2n nh\u01b0 th\u1ebf n\u00e0o \u0111\u1ec1u c\u1ea3m th\u1ea5y tho\u1ea3i m\u00e1i, t\u1ef1 tin phi\u00eau l\u01b0u trong ch\u00ednh h\u00e0nh tr\u00ecnh gi\u00e1o d\u1ee5c \u0111\u00e3 \u0111\u01b0\u1ee3c c\u00e1 nh\u00e2n ho\u00e1, ph\u00f9 h\u1ee3p v\u1edbi nhu c\u1ea7u ph\u00e1t tri\u1ec3n ri\u00eang bi\u1ec7t c\u1ee7a ch\u00ednh m\u00ecnh.<\/p><p>V\u1edbi tri\u1ebft l\u00fd gi\u00e1o d\u1ee5c &#8220;Every Student by Name and Need&#8221;, YOUREORG cam k\u1ebft m\u1ed7i ng\u00e0y trong qu\u00e1 tr\u00ecnh h\u1ecdc t\u1eadp c\u1ee7a t\u1eebng h\u1ecdc vi\u00ean s\u1ebd tr\u1edf n\u00ean \u0111\u00e1ng nh\u1edb v\u00e0 g\u1eb7t h\u00e1i nhi\u1ec1u tr\u1ea3i nghi\u1ec7m h\u1ecdc t\u1eadp th\u00e0nh c\u00f4ng.<\/p>\t\t\t\t\t<\/div>\n\t\t\t\t\t\t<\/div>\n\t\t\t\t<\/div>\n\t\t\t\t\t\t<\/div>\n\t\t\t\t\t<\/div>\n\t\t<\/div>\n\t\t\t\t\t\t\t\t<\/div>\n\t\t\t\t\t<\/div>\n\t\t<\/section>\n\t\t\t\t<section class=\"has_ae_slider elementor-section elementor-top-section elementor-element elementor-element-f255a70 elementor-section-boxed elementor-section-height-default elementor-section-height-default ae-bg-gallery-type-default\" data-id=\"f255a70\" data-element_type=\"section\">\n\t\t\t\t\t\t<div class=\"elementor-container elementor-column-gap-default\">\n\t\t\t\t\t\t\t<div class=\"elementor-row\">\n\t\t\t\t\t<div class=\"has_ae_slider elementor-column elementor-col-100 elementor-top-column elementor-element elementor-element-e4149d0 ae-bg-gallery-type-default\" data-id=\"e4149d0\" data-element_type=\"column\">\n\t\t\t<div class=\"elementor-column-wrap elementor-element-populated\">\n\t\t\t\t\t\t\t<div class=\"elementor-widget-wrap\">\n\t\t\t\t\t\t<div class=\"elementor-element elementor-element-51cfa07 elementor-widget elementor-widget-heading\" data-id=\"51cfa07\" data-element_type=\"widget\" data-widget_type=\"heading.default\">\n\t\t\t\t<div class=\"elementor-widget-container\">\n\t\t\t<h2 class=\"elementor-heading-title elementor-size-default\">Pedagogical Philosophy <span style=\"color:#A50000;\">\"Every Student by Name and Need\"<\/span><\/h2>\t\t<\/div>\n\t\t\t\t<\/div>\n\t\t\t\t\t\t<\/div>\n\t\t\t\t\t<\/div>\n\t\t<\/div>\n\t\t\t\t\t\t\t\t<\/div>\n\t\t\t\t\t<\/div>\n\t\t<\/section>\n\t\t\t\t<section class=\"has_ae_slider elementor-section elementor-top-section elementor-element elementor-element-7f27f5e elementor-hidden-desktop elementor-hidden-tablet elementor-hidden-phone elementor-section-boxed elementor-section-height-default elementor-section-height-default ae-bg-gallery-type-default\" data-id=\"7f27f5e\" data-element_type=\"section\">\n\t\t\t\t\t\t<div class=\"elementor-container elementor-column-gap-default\">\n\t\t\t\t\t\t\t<div class=\"elementor-row\">\n\t\t\t\t\t<div class=\"has_ae_slider elementor-column elementor-col-100 elementor-top-column elementor-element elementor-element-a2c2617 ae-bg-gallery-type-default\" data-id=\"a2c2617\" data-element_type=\"column\">\n\t\t\t<div class=\"elementor-column-wrap elementor-element-populated\">\n\t\t\t\t\t\t\t<div class=\"elementor-widget-wrap\">\n\t\t\t\t\t\t<div class=\"elementor-element elementor-element-3bb849c elementor-widget elementor-widget-image\" data-id=\"3bb849c\" data-element_type=\"widget\" data-widget_type=\"image.default\">\n\t\t\t\t<div class=\"elementor-widget-container\">\n\t\t\t\t\t\t\t\t<div class=\"elementor-image\">\n\t\t\t\t\t\t\t\t\t\t\t\t<img width=\"11640\" height=\"4459\" src=\"https:\/\/youre.org.vn\/wp-content\/uploads\/2023\/02\/Triet-ly-giao-duc.png\" class=\"attachment-full size-full\" alt=\"Tri\u1ebft l\u00fd gi\u00e1o d\u1ee5c YourE\" loading=\"lazy\" srcset=\"https:\/\/youre.org.vn\/wp-content\/uploads\/2023\/02\/Triet-ly-giao-duc.png 11640w, https:\/\/youre.org.vn\/wp-content\/uploads\/2023\/02\/Triet-ly-giao-duc-300x115.png 300w, https:\/\/youre.org.vn\/wp-content\/uploads\/2023\/02\/Triet-ly-giao-duc-1024x392.png 1024w, https:\/\/youre.org.vn\/wp-content\/uploads\/2023\/02\/Triet-ly-giao-duc-768x294.png 768w, https:\/\/youre.org.vn\/wp-content\/uploads\/2023\/02\/Triet-ly-giao-duc-1536x588.png 1536w, https:\/\/youre.org.vn\/wp-content\/uploads\/2023\/02\/Triet-ly-giao-duc-2048x785.png 2048w, https:\/\/youre.org.vn\/wp-content\/uploads\/2023\/02\/Triet-ly-giao-duc-18x7.png 18w\" sizes=\"(max-width: 11640px) 100vw, 11640px\" \/>\t\t\t\t\t\t\t\t\t\t\t\t\t\t<\/div>\n\t\t\t\t\t\t<\/div>\n\t\t\t\t<\/div>\n\t\t\t\t<div class=\"elementor-element elementor-element-f439b92 elementor-widget elementor-widget-spacer\" data-id=\"f439b92\" data-element_type=\"widget\" data-widget_type=\"spacer.default\">\n\t\t\t\t<div class=\"elementor-widget-container\">\n\t\t\t\t\t<div class=\"elementor-spacer\">\n\t\t\t<div class=\"elementor-spacer-inner\"><\/div>\n\t\t<\/div>\n\t\t\t\t<\/div>\n\t\t\t\t<\/div>\n\t\t\t\t\t\t<\/div>\n\t\t\t\t\t<\/div>\n\t\t<\/div>\n\t\t\t\t\t\t\t\t<\/div>\n\t\t\t\t\t<\/div>\n\t\t<\/section>\n\t\t\t\t\t\t<\/div>\n\t\t\t\t\t\t<\/div>\n\t\t\t\t\t<\/div>","protected":false},"excerpt":{"rendered":"<p>Tri\u1ebft L\u00fd Gi\u00e1o D\u1ee5c YOUREORG Gi\u00e1 nh\u01b0\u00a0gi\u00e1o vi\u00ean c\u1ee7a t\u00f4i bi\u1ebft th\u00eam nhi\u1ec1u th\u00f4ng tin v\u1ec1 nguy\u1ec7n v\u1ecdng h\u1ecdc t\u1eadp, k\u1ebf ho\u1ea1ch ph\u00e1t tri\u1ec3n, \u0111i\u1ec3m m\u1ea1nh, \u0111i\u1ec3m y\u1ebfu c\u1ee7a t\u00f4i! Gi\u00e1 nh\u01b0 t\u00f4i \u0111\u01b0\u1ee3c chia s\u1ebb v\u1edbi gi\u00e1o vi\u00ean c\u1ee7a m\u00ecnh v\u1ec1 c\u00e1ch th\u1ee9c t\u00f4i s\u1ebd ti\u1ebfp thu hi\u1ec7u qu\u1ea3 nh\u1eefng ki\u1ebfn th\u1ee9c m\u1edbi v\u00e0&hellip;&nbsp;<a href=\"https:\/\/youre.org.vn\/en\/triet-ly-giao-duc-youre\/\" class=\"\" rel=\"bookmark\">Read More &raquo;<span class=\"screen-reader-text\">Tri\u1ebft L\u00fd Gi\u00e1o D\u1ee5c DNXH YourE<\/span><\/a><\/p>","protected":false},"author":5,"featured_media":27494,"parent":0,"menu_order":0,"comment_status":"closed","ping_status":"closed","template":"","meta":{"neve_meta_sidebar":"full-width","neve_meta_container":"full-width","neve_meta_enable_content_width":"off","neve_meta_content_width":0,"neve_meta_title_alignment":"","neve_meta_author_avatar":"","neve_post_elements_order":"","neve_meta_disable_header":"","neve_meta_disable_footer":"","neve_meta_disable_title":"on"},"yoast_head":"<!-- This site is optimized with the Yoast SEO plugin v17.5 - https:\/\/yoast.com\/wordpress\/plugins\/seo\/ -->\n<title>Tri\u1ebft L\u00fd Gi\u00e1o D\u1ee5c DNXH YourE<\/title>\n<meta name=\"description\" content=\"T\u1ea1i DNXH YourE, ch\u00fang t\u00f4i hi\u1ec3u r\u00f5 t\u1ea7m quan tr\u1ecdng c\u1ee7a tri\u1ebft l\u00fd gi\u00e1o d\u1ee5c trong vi\u1ec7c h\u01b0\u1edbng d\u1eabn h\u1ecdc vi\u00ean nh\u1eadn ra v\u00e0 khai th\u00e1c ti\u1ec1m n\u0103ng c\u1ee7a b\u1ea3n th\u00e2n\" \/>\n<meta name=\"robots\" content=\"index, follow, max-snippet:-1, max-image-preview:large, max-video-preview:-1\" \/>\n<link rel=\"canonical\" href=\"https:\/\/youre.org.vn\/en\/triet-ly-giao-duc-youre\/\" \/>\n<meta property=\"og:locale\" content=\"en_US\" \/>\n<meta property=\"og:type\" content=\"article\" \/>\n<meta property=\"og:title\" content=\"Tri\u1ebft L\u00fd Gi\u00e1o D\u1ee5c DNXH YourE\" \/>\n<meta property=\"og:description\" content=\"T\u1ea1i DNXH YourE, ch\u00fang t\u00f4i hi\u1ec3u r\u00f5 t\u1ea7m quan tr\u1ecdng c\u1ee7a tri\u1ebft l\u00fd gi\u00e1o d\u1ee5c trong vi\u1ec7c h\u01b0\u1edbng d\u1eabn h\u1ecdc vi\u00ean nh\u1eadn ra v\u00e0 khai th\u00e1c ti\u1ec1m n\u0103ng c\u1ee7a b\u1ea3n th\u00e2n\" \/>\n<meta property=\"og:url\" content=\"https:\/\/youre.org.vn\/en\/triet-ly-giao-duc-youre\/\" \/>\n<meta property=\"og:site_name\" content=\"T\u1ed5 ch\u1ee9c X\u00e3 H\u1ed9i Gi\u00e1o D\u1ee5c &amp; \u0110\u00e0o T\u1ea1o YOUREORG\" \/>\n<meta property=\"article:publisher\" content=\"https:\/\/www.facebook.com\/youre.organization\" \/>\n<meta property=\"article:modified_time\" content=\"2025-01-19T21:14:43+00:00\" \/>\n<meta property=\"og:image\" content=\"https:\/\/youre.org.vn\/wp-content\/uploads\/2021\/11\/Triet-ly-giao-duc-Background.jpg\" \/>\n\t<meta property=\"og:image:width\" content=\"2048\" \/>\n\t<meta property=\"og:image:height\" content=\"1736\" \/>\n<meta name=\"twitter:card\" content=\"summary_large_image\" \/>\n<meta name=\"twitter:label1\" content=\"Est. reading time\" \/>\n\t<meta name=\"twitter:data1\" content=\"3 minutes\" \/>\n<script type=\"application\/ld+json\" class=\"yoast-schema-graph\">{\"@context\":\"https:\/\/schema.org\",\"@graph\":[{\"@type\":\"Organization\",\"@id\":\"https:\/\/youre.org.vn\/#organization\",\"name\":\"Doanh Nghi\\u1ec7p X\\u00e3 H\\u1ed9i YourE\",\"url\":\"https:\/\/youre.org.vn\/\",\"sameAs\":[\"https:\/\/www.facebook.com\/youre.organization\",\"https:\/\/www.instagram.com\/youre.organization\/\",\"https:\/\/www.linkedin.com\/company\/youre-education-training-centre\",\"https:\/\/www.youtube.com\/channel\/UCjFcDKSF56thpv5sQKXWyEg\"],\"logo\":{\"@type\":\"ImageObject\",\"@id\":\"https:\/\/youre.org.vn\/#logo\",\"inLanguage\":\"en-US\",\"url\":\"https:\/\/doanhnghiepxahoiyoure.org.vn\/wp-content\/uploads\/2023\/03\/Website.png\",\"contentUrl\":\"https:\/\/doanhnghiepxahoiyoure.org.vn\/wp-content\/uploads\/2023\/03\/Website.png\",\"width\":1248,\"height\":672,\"caption\":\"Doanh Nghi\\u1ec7p X\\u00e3 H\\u1ed9i YourE\"},\"image\":{\"@id\":\"https:\/\/youre.org.vn\/#logo\"}},{\"@type\":\"WebSite\",\"@id\":\"https:\/\/youre.org.vn\/#website\",\"url\":\"https:\/\/youre.org.vn\/\",\"name\":\"T\\u1ed5 ch\\u1ee9c X\\u00e3 H\\u1ed9i Gi\\u00e1o D\\u1ee5c &amp; \\u0110\\u00e0o T\\u1ea1o YOUREORG\",\"description\":\"\",\"publisher\":{\"@id\":\"https:\/\/youre.org.vn\/#organization\"},\"potentialAction\":[{\"@type\":\"SearchAction\",\"target\":{\"@type\":\"EntryPoint\",\"urlTemplate\":\"https:\/\/youre.org.vn\/?s={search_term_string}\"},\"query-input\":\"required name=search_term_string\"}],\"inLanguage\":\"en-US\"},{\"@type\":\"ImageObject\",\"@id\":\"https:\/\/youre.org.vn\/triet-ly-giao-duc-youre\/#primaryimage\",\"inLanguage\":\"en-US\",\"url\":\"https:\/\/youre.org.vn\/wp-content\/uploads\/2021\/11\/Triet-ly-giao-duc-Background.jpg\",\"contentUrl\":\"https:\/\/youre.org.vn\/wp-content\/uploads\/2021\/11\/Triet-ly-giao-duc-Background.jpg\",\"width\":2048,\"height\":1736,\"caption\":\"Tri\\u1ebft l\\u00fd gi\\u00e1o d\\u1ee5c Background\"},{\"@type\":\"WebPage\",\"@id\":\"https:\/\/youre.org.vn\/triet-ly-giao-duc-youre\/#webpage\",\"url\":\"https:\/\/youre.org.vn\/triet-ly-giao-duc-youre\/\",\"name\":\"Tri\\u1ebft L\\u00fd Gi\\u00e1o D\\u1ee5c DNXH YourE\",\"isPartOf\":{\"@id\":\"https:\/\/youre.org.vn\/#website\"},\"primaryImageOfPage\":{\"@id\":\"https:\/\/youre.org.vn\/triet-ly-giao-duc-youre\/#primaryimage\"},\"datePublished\":\"2020-03-17T08:21:47+00:00\",\"dateModified\":\"2025-01-19T21:14:43+00:00\",\"description\":\"T\\u1ea1i DNXH YourE, ch\\u00fang t\\u00f4i hi\\u1ec3u r\\u00f5 t\\u1ea7m quan tr\\u1ecdng c\\u1ee7a tri\\u1ebft l\\u00fd gi\\u00e1o d\\u1ee5c trong vi\\u1ec7c h\\u01b0\\u1edbng d\\u1eabn h\\u1ecdc vi\\u00ean nh\\u1eadn ra v\\u00e0 khai th\\u00e1c ti\\u1ec1m n\\u0103ng c\\u1ee7a b\\u1ea3n th\\u00e2n\",\"breadcrumb\":{\"@id\":\"https:\/\/youre.org.vn\/triet-ly-giao-duc-youre\/#breadcrumb\"},\"inLanguage\":\"en-US\",\"potentialAction\":[{\"@type\":\"ReadAction\",\"target\":[\"https:\/\/youre.org.vn\/triet-ly-giao-duc-youre\/\"]}]},{\"@type\":\"BreadcrumbList\",\"@id\":\"https:\/\/youre.org.vn\/triet-ly-giao-duc-youre\/#breadcrumb\",\"itemListElement\":[{\"@type\":\"ListItem\",\"position\":1,\"name\":\"Home\",\"item\":\"https:\/\/youre.org.vn\/\"},{\"@type\":\"ListItem\",\"position\":2,\"name\":\"Tri\\u1ebft L\\u00fd Gi\\u00e1o D\\u1ee5c DNXH YourE\"}]}]}<\/script>\n<!-- \/ Yoast SEO plugin. -->","yoast_head_json":{"title":"Tri\u1ebft L\u00fd Gi\u00e1o D\u1ee5c DNXH YourE","description":"T\u1ea1i DNXH YourE, ch\u00fang t\u00f4i hi\u1ec3u r\u00f5 t\u1ea7m quan tr\u1ecdng c\u1ee7a tri\u1ebft l\u00fd gi\u00e1o d\u1ee5c trong vi\u1ec7c h\u01b0\u1edbng d\u1eabn h\u1ecdc vi\u00ean nh\u1eadn ra v\u00e0 khai th\u00e1c ti\u1ec1m n\u0103ng c\u1ee7a b\u1ea3n th\u00e2n","robots":{"index":"index","follow":"follow","max-snippet":"max-snippet:-1","max-image-preview":"max-image-preview:large","max-video-preview":"max-video-preview:-1"},"canonical":"https:\/\/youre.org.vn\/en\/triet-ly-giao-duc-youre\/","og_locale":"en_US","og_type":"article","og_title":"Tri\u1ebft L\u00fd Gi\u00e1o D\u1ee5c DNXH YourE","og_description":"T\u1ea1i DNXH YourE, ch\u00fang t\u00f4i hi\u1ec3u r\u00f5 t\u1ea7m quan tr\u1ecdng c\u1ee7a tri\u1ebft l\u00fd gi\u00e1o d\u1ee5c trong vi\u1ec7c h\u01b0\u1edbng d\u1eabn h\u1ecdc vi\u00ean nh\u1eadn ra v\u00e0 khai th\u00e1c ti\u1ec1m n\u0103ng c\u1ee7a b\u1ea3n th\u00e2n","og_url":"https:\/\/youre.org.vn\/en\/triet-ly-giao-duc-youre\/","og_site_name":"T\u1ed5 ch\u1ee9c X\u00e3 H\u1ed9i Gi\u00e1o D\u1ee5c &amp; \u0110\u00e0o T\u1ea1o YOUREORG","article_publisher":"https:\/\/www.facebook.com\/youre.organization","article_modified_time":"2025-01-19T21:14:43+00:00","og_image":[{"width":2048,"height":1736,"url":"https:\/\/youre.org.vn\/wp-content\/uploads\/2021\/11\/Triet-ly-giao-duc-Background.jpg","type":"image\/jpeg"}],"twitter_card":"summary_large_image","twitter_misc":{"Est. reading time":"3 minutes"},"schema":{"@context":"https:\/\/schema.org","@graph":[{"@type":"Organization","@id":"https:\/\/youre.org.vn\/#organization","name":"Doanh Nghi\u1ec7p X\u00e3 H\u1ed9i YourE","url":"https:\/\/youre.org.vn\/","sameAs":["https:\/\/www.facebook.com\/youre.organization","https:\/\/www.instagram.com\/youre.organization\/","https:\/\/www.linkedin.com\/company\/youre-education-training-centre","https:\/\/www.youtube.com\/channel\/UCjFcDKSF56thpv5sQKXWyEg"],"logo":{"@type":"ImageObject","@id":"https:\/\/youre.org.vn\/#logo","inLanguage":"en-US","url":"https:\/\/doanhnghiepxahoiyoure.org.vn\/wp-content\/uploads\/2023\/03\/Website.png","contentUrl":"https:\/\/doanhnghiepxahoiyoure.org.vn\/wp-content\/uploads\/2023\/03\/Website.png","width":1248,"height":672,"caption":"Doanh Nghi\u1ec7p X\u00e3 H\u1ed9i YourE"},"image":{"@id":"https:\/\/youre.org.vn\/#logo"}},{"@type":"WebSite","@id":"https:\/\/youre.org.vn\/#website","url":"https:\/\/youre.org.vn\/","name":"T\u1ed5 ch\u1ee9c X\u00e3 H\u1ed9i Gi\u00e1o D\u1ee5c &amp; \u0110\u00e0o T\u1ea1o YOUREORG","description":"","publisher":{"@id":"https:\/\/youre.org.vn\/#organization"},"potentialAction":[{"@type":"SearchAction","target":{"@type":"EntryPoint","urlTemplate":"https:\/\/youre.org.vn\/?s={search_term_string}"},"query-input":"required name=search_term_string"}],"inLanguage":"en-US"},{"@type":"ImageObject","@id":"https:\/\/youre.org.vn\/triet-ly-giao-duc-youre\/#primaryimage","inLanguage":"en-US","url":"https:\/\/youre.org.vn\/wp-content\/uploads\/2021\/11\/Triet-ly-giao-duc-Background.jpg","contentUrl":"https:\/\/youre.org.vn\/wp-content\/uploads\/2021\/11\/Triet-ly-giao-duc-Background.jpg","width":2048,"height":1736,"caption":"Tri\u1ebft l\u00fd gi\u00e1o d\u1ee5c Background"},{"@type":"WebPage","@id":"https:\/\/youre.org.vn\/triet-ly-giao-duc-youre\/#webpage","url":"https:\/\/youre.org.vn\/triet-ly-giao-duc-youre\/","name":"Tri\u1ebft L\u00fd Gi\u00e1o D\u1ee5c DNXH YourE","isPartOf":{"@id":"https:\/\/youre.org.vn\/#website"},"primaryImageOfPage":{"@id":"https:\/\/youre.org.vn\/triet-ly-giao-duc-youre\/#primaryimage"},"datePublished":"2020-03-17T08:21:47+00:00","dateModified":"2025-01-19T21:14:43+00:00","description":"T\u1ea1i DNXH YourE, ch\u00fang t\u00f4i hi\u1ec3u r\u00f5 t\u1ea7m quan tr\u1ecdng c\u1ee7a tri\u1ebft l\u00fd gi\u00e1o d\u1ee5c trong vi\u1ec7c h\u01b0\u1edbng d\u1eabn h\u1ecdc vi\u00ean nh\u1eadn ra v\u00e0 khai th\u00e1c ti\u1ec1m n\u0103ng c\u1ee7a b\u1ea3n th\u00e2n","breadcrumb":{"@id":"https:\/\/youre.org.vn\/triet-ly-giao-duc-youre\/#breadcrumb"},"inLanguage":"en-US","potentialAction":[{"@type":"ReadAction","target":["https:\/\/youre.org.vn\/triet-ly-giao-duc-youre\/"]}]},{"@type":"BreadcrumbList","@id":"https:\/\/youre.org.vn\/triet-ly-giao-duc-youre\/#breadcrumb","itemListElement":[{"@type":"ListItem","position":1,"name":"Home","item":"https:\/\/youre.org.vn\/"},{"@type":"ListItem","position":2,"name":"Tri\u1ebft L\u00fd Gi\u00e1o D\u1ee5c DNXH YourE"}]}]}},"_links":{"self":[{"href":"https:\/\/youre.org.vn\/en\/wp-json\/wp\/v2\/pages\/11040"}],"collection":[{"href":"https:\/\/youre.org.vn\/en\/wp-json\/wp\/v2\/pages"}],"about":[{"href":"https:\/\/youre.org.vn\/en\/wp-json\/wp\/v2\/types\/page"}],"author":[{"embeddable":true,"href":"https:\/\/youre.org.vn\/en\/wp-json\/wp\/v2\/users\/5"}],"replies":[{"embeddable":true,"href":"https:\/\/youre.org.vn\/en\/wp-json\/wp\/v2\/comments?post=11040"}],"version-history":[{"count":3,"href":"https:\/\/youre.org.vn\/en\/wp-json\/wp\/v2\/pages\/11040\/revisions"}],"predecessor-version":[{"id":51199,"href":"https:\/\/youre.org.vn\/en\/wp-json\/wp\/v2\/pages\/11040\/revisions\/51199"}],"wp:featuredmedia":[{"embeddable":true,"href":"https:\/\/youre.org.vn\/en\/wp-json\/wp\/v2\/media\/27494"}],"wp:attachment":[{"href":"https:\/\/youre.org.vn\/en\/wp-json\/wp\/v2\/media?parent=11040"}],"curies":[{"name":"wp","href":"https:\/\/api.w.org\/{rel}","templated":true}]}}