{"id":16905,"date":"2021-04-22T11:31:27","date_gmt":"2021-04-22T04:31:27","guid":{"rendered":"https:\/\/youre.vn\/?page_id=16905"},"modified":"2021-04-22T15:44:54","modified_gmt":"2021-04-22T08:44:54","slug":"dang-ky-hoc","status":"publish","type":"page","link":"https:\/\/youre.org.vn\/en\/dang-ky-hoc\/","title":{"rendered":"Enroll Now"},"content":{"rendered":"<div data-elementor-type=\"wp-page\" data-elementor-id=\"16905\" class=\"elementor elementor-16905\" data-elementor-settings=\"[]\">\n\t\t\t\t\t\t<div class=\"elementor-inner\">\n\t\t\t\t\t\t\t<div class=\"elementor-section-wrap\">\n\t\t\t\t\t\t\t<section class=\"has_ae_slider elementor-section elementor-top-section elementor-element elementor-element-34bc6b6 elementor-section-boxed elementor-section-height-default elementor-section-height-default ae-bg-gallery-type-default\" data-id=\"34bc6b6\" data-element_type=\"section\">\n\t\t\t\t\t\t<div class=\"elementor-container elementor-column-gap-default\">\n\t\t\t\t\t\t\t<div class=\"elementor-row\">\n\t\t\t\t\t<div class=\"has_ae_slider elementor-column elementor-col-100 elementor-top-column elementor-element elementor-element-24762b7 ae-bg-gallery-type-default\" data-id=\"24762b7\" data-element_type=\"column\">\n\t\t\t<div class=\"elementor-column-wrap elementor-element-populated\">\n\t\t\t\t\t\t\t<div class=\"elementor-widget-wrap\">\n\t\t\t\t\t\t<div class=\"elementor-element elementor-element-16c66a7 elementor-widget elementor-widget-shortcode\" data-id=\"16c66a7\" data-element_type=\"widget\" data-widget_type=\"shortcode.default\">\n\t\t\t\t<div class=\"elementor-widget-container\">\n\t\t\t\t\t<div class=\"elementor-shortcode\">[ipt_fsqm_form id=\"1\"]<\/div>\n\t\t\t\t<\/div>\n\t\t\t\t<\/div>\n\t\t\t\t\t\t<\/div>\n\t\t\t\t\t<\/div>\n\t\t<\/div>\n\t\t\t\t\t\t\t\t<\/div>\n\t\t\t\t\t<\/div>\n\t\t<\/section>\n\t\t\t\t\t\t<\/div>\n\t\t\t\t\t\t<\/div>\n\t\t\t\t\t<\/div>","protected":false},"excerpt":{"rendered":"<p>[ipt_fsqm_form id=&#8221;1&#8243;]<\/p>","protected":false},"author":5,"featured_media":0,"parent":0,"menu_order":0,"comment_status":"closed","ping_status":"closed","template":"page-templates\/template-pagebuilder-full-width.php","meta":{"neve_meta_sidebar":"full-width","neve_meta_container":"","neve_meta_enable_content_width":"on","neve_meta_content_width":100,"neve_meta_title_alignment":"","neve_meta_author_avatar":"","neve_post_elements_order":"","neve_meta_disable_header":"","neve_meta_disable_footer":"","neve_meta_disable_title":""},"yoast_head":"<!-- This site is optimized with the Yoast SEO plugin v17.5 - https:\/\/yoast.com\/wordpress\/plugins\/seo\/ -->\n<title>\u0110\u0103ng k\u00fd h\u1ecdc - T\u1ed5 ch\u1ee9c X\u00e3 H\u1ed9i Gi\u00e1o D\u1ee5c &amp; \u0110\u00e0o T\u1ea1o YOUREORG<\/title>\n<meta name=\"robots\" content=\"index, follow, max-snippet:-1, max-image-preview:large, max-video-preview:-1\" \/>\n<link rel=\"canonical\" href=\"https:\/\/youre.vn\/dang-ky-hoc\/\" \/>\n<meta property=\"og:locale\" content=\"en_US\" \/>\n<meta property=\"og:type\" content=\"article\" \/>\n<meta property=\"og:title\" content=\"\u0110\u0103ng k\u00fd h\u1ecdc - T\u1ed5 ch\u1ee9c X\u00e3 H\u1ed9i Gi\u00e1o D\u1ee5c &amp; \u0110\u00e0o T\u1ea1o YOUREORG\" \/>\n<meta property=\"og:description\" content=\"[ipt_fsqm_form id=&#8221;1&#8243;]\" \/>\n<meta property=\"og:url\" content=\"https:\/\/youre.vn\/dang-ky-hoc\/\" \/>\n<meta property=\"og:site_name\" content=\"T\u1ed5 ch\u1ee9c X\u00e3 H\u1ed9i Gi\u00e1o D\u1ee5c &amp; \u0110\u00e0o T\u1ea1o YOUREORG\" \/>\n<meta property=\"article:publisher\" content=\"https:\/\/www.facebook.com\/youre.organization\" \/>\n<meta property=\"article:modified_time\" content=\"2021-04-22T08:44:54+00:00\" \/>\n<meta name=\"twitter:card\" content=\"summary_large_image\" \/>\n<script type=\"application\/ld+json\" class=\"yoast-schema-graph\">{\"@context\":\"https:\/\/schema.org\",\"@graph\":[{\"@type\":\"Organization\",\"@id\":\"https:\/\/youre.org.vn\/#organization\",\"name\":\"Doanh Nghi\\u1ec7p X\\u00e3 H\\u1ed9i YourE\",\"url\":\"https:\/\/youre.org.vn\/\",\"sameAs\":[\"https:\/\/www.facebook.com\/youre.organization\",\"https:\/\/www.instagram.com\/youre.organization\/\",\"https:\/\/www.linkedin.com\/company\/youre-education-training-centre\",\"https:\/\/www.youtube.com\/channel\/UCjFcDKSF56thpv5sQKXWyEg\"],\"logo\":{\"@type\":\"ImageObject\",\"@id\":\"https:\/\/youre.org.vn\/#logo\",\"inLanguage\":\"en-US\",\"url\":\"https:\/\/doanhnghiepxahoiyoure.org.vn\/wp-content\/uploads\/2023\/03\/Website.png\",\"contentUrl\":\"https:\/\/doanhnghiepxahoiyoure.org.vn\/wp-content\/uploads\/2023\/03\/Website.png\",\"width\":1248,\"height\":672,\"caption\":\"Doanh Nghi\\u1ec7p X\\u00e3 H\\u1ed9i YourE\"},\"image\":{\"@id\":\"https:\/\/youre.org.vn\/#logo\"}},{\"@type\":\"WebSite\",\"@id\":\"https:\/\/youre.org.vn\/#website\",\"url\":\"https:\/\/youre.org.vn\/\",\"name\":\"T\\u1ed5 ch\\u1ee9c X\\u00e3 H\\u1ed9i Gi\\u00e1o D\\u1ee5c &amp; \\u0110\\u00e0o T\\u1ea1o YOUREORG\",\"description\":\"\",\"publisher\":{\"@id\":\"https:\/\/youre.org.vn\/#organization\"},\"potentialAction\":[{\"@type\":\"SearchAction\",\"target\":{\"@type\":\"EntryPoint\",\"urlTemplate\":\"https:\/\/youre.org.vn\/?s={search_term_string}\"},\"query-input\":\"required name=search_term_string\"}],\"inLanguage\":\"en-US\"},{\"@type\":\"WebPage\",\"@id\":\"https:\/\/youre.vn\/dang-ky-hoc\/#webpage\",\"url\":\"https:\/\/youre.vn\/dang-ky-hoc\/\",\"name\":\"\\u0110\\u0103ng k\\u00fd h\\u1ecdc - T\\u1ed5 ch\\u1ee9c X\\u00e3 H\\u1ed9i Gi\\u00e1o D\\u1ee5c &amp; \\u0110\\u00e0o T\\u1ea1o YOUREORG\",\"isPartOf\":{\"@id\":\"https:\/\/youre.org.vn\/#website\"},\"datePublished\":\"2021-04-22T04:31:27+00:00\",\"dateModified\":\"2021-04-22T08:44:54+00:00\",\"breadcrumb\":{\"@id\":\"https:\/\/youre.vn\/dang-ky-hoc\/#breadcrumb\"},\"inLanguage\":\"en-US\",\"potentialAction\":[{\"@type\":\"ReadAction\",\"target\":[\"https:\/\/youre.vn\/dang-ky-hoc\/\"]}]},{\"@type\":\"BreadcrumbList\",\"@id\":\"https:\/\/youre.vn\/dang-ky-hoc\/#breadcrumb\",\"itemListElement\":[{\"@type\":\"ListItem\",\"position\":1,\"name\":\"Home\",\"item\":\"https:\/\/youre.org.vn\/\"},{\"@type\":\"ListItem\",\"position\":2,\"name\":\"\\u0110\\u0103ng k\\u00fd h\\u1ecdc\"}]}]}<\/script>\n<!-- \/ Yoast SEO plugin. -->","yoast_head_json":{"title":"\u0110\u0103ng k\u00fd h\u1ecdc - T\u1ed5 ch\u1ee9c X\u00e3 H\u1ed9i Gi\u00e1o D\u1ee5c &amp; \u0110\u00e0o T\u1ea1o YOUREORG","robots":{"index":"index","follow":"follow","max-snippet":"max-snippet:-1","max-image-preview":"max-image-preview:large","max-video-preview":"max-video-preview:-1"},"canonical":"https:\/\/youre.vn\/dang-ky-hoc\/","og_locale":"en_US","og_type":"article","og_title":"\u0110\u0103ng k\u00fd h\u1ecdc - T\u1ed5 ch\u1ee9c X\u00e3 H\u1ed9i Gi\u00e1o D\u1ee5c &amp; \u0110\u00e0o T\u1ea1o YOUREORG","og_description":"[ipt_fsqm_form id=&#8221;1&#8243;]","og_url":"https:\/\/youre.vn\/dang-ky-hoc\/","og_site_name":"T\u1ed5 ch\u1ee9c X\u00e3 H\u1ed9i Gi\u00e1o D\u1ee5c &amp; \u0110\u00e0o T\u1ea1o YOUREORG","article_publisher":"https:\/\/www.facebook.com\/youre.organization","article_modified_time":"2021-04-22T08:44:54+00:00","twitter_card":"summary_large_image","schema":{"@context":"https:\/\/schema.org","@graph":[{"@type":"Organization","@id":"https:\/\/youre.org.vn\/#organization","name":"Doanh Nghi\u1ec7p X\u00e3 H\u1ed9i YourE","url":"https:\/\/youre.org.vn\/","sameAs":["https:\/\/www.facebook.com\/youre.organization","https:\/\/www.instagram.com\/youre.organization\/","https:\/\/www.linkedin.com\/company\/youre-education-training-centre","https:\/\/www.youtube.com\/channel\/UCjFcDKSF56thpv5sQKXWyEg"],"logo":{"@type":"ImageObject","@id":"https:\/\/youre.org.vn\/#logo","inLanguage":"en-US","url":"https:\/\/doanhnghiepxahoiyoure.org.vn\/wp-content\/uploads\/2023\/03\/Website.png","contentUrl":"https:\/\/doanhnghiepxahoiyoure.org.vn\/wp-content\/uploads\/2023\/03\/Website.png","width":1248,"height":672,"caption":"Doanh Nghi\u1ec7p X\u00e3 H\u1ed9i YourE"},"image":{"@id":"https:\/\/youre.org.vn\/#logo"}},{"@type":"WebSite","@id":"https:\/\/youre.org.vn\/#website","url":"https:\/\/youre.org.vn\/","name":"T\u1ed5 ch\u1ee9c X\u00e3 H\u1ed9i Gi\u00e1o D\u1ee5c &amp; \u0110\u00e0o T\u1ea1o YOUREORG","description":"","publisher":{"@id":"https:\/\/youre.org.vn\/#organization"},"potentialAction":[{"@type":"SearchAction","target":{"@type":"EntryPoint","urlTemplate":"https:\/\/youre.org.vn\/?s={search_term_string}"},"query-input":"required name=search_term_string"}],"inLanguage":"en-US"},{"@type":"WebPage","@id":"https:\/\/youre.vn\/dang-ky-hoc\/#webpage","url":"https:\/\/youre.vn\/dang-ky-hoc\/","name":"\u0110\u0103ng k\u00fd h\u1ecdc - T\u1ed5 ch\u1ee9c X\u00e3 H\u1ed9i Gi\u00e1o D\u1ee5c &amp; \u0110\u00e0o T\u1ea1o YOUREORG","isPartOf":{"@id":"https:\/\/youre.org.vn\/#website"},"datePublished":"2021-04-22T04:31:27+00:00","dateModified":"2021-04-22T08:44:54+00:00","breadcrumb":{"@id":"https:\/\/youre.vn\/dang-ky-hoc\/#breadcrumb"},"inLanguage":"en-US","potentialAction":[{"@type":"ReadAction","target":["https:\/\/youre.vn\/dang-ky-hoc\/"]}]},{"@type":"BreadcrumbList","@id":"https:\/\/youre.vn\/dang-ky-hoc\/#breadcrumb","itemListElement":[{"@type":"ListItem","position":1,"name":"Home","item":"https:\/\/youre.org.vn\/"},{"@type":"ListItem","position":2,"name":"\u0110\u0103ng k\u00fd h\u1ecdc"}]}]}},"_links":{"self":[{"href":"https:\/\/youre.org.vn\/en\/wp-json\/wp\/v2\/pages\/16905"}],"collection":[{"href":"https:\/\/youre.org.vn\/en\/wp-json\/wp\/v2\/pages"}],"about":[{"href":"https:\/\/youre.org.vn\/en\/wp-json\/wp\/v2\/types\/page"}],"author":[{"embeddable":true,"href":"https:\/\/youre.org.vn\/en\/wp-json\/wp\/v2\/users\/5"}],"replies":[{"embeddable":true,"href":"https:\/\/youre.org.vn\/en\/wp-json\/wp\/v2\/comments?post=16905"}],"version-history":[{"count":0,"href":"https:\/\/youre.org.vn\/en\/wp-json\/wp\/v2\/pages\/16905\/revisions"}],"wp:attachment":[{"href":"https:\/\/youre.org.vn\/en\/wp-json\/wp\/v2\/media?parent=16905"}],"curies":[{"name":"wp","href":"https:\/\/api.w.org\/{rel}","templated":true}]}}