{"id":20744,"date":"2021-06-04T15:08:30","date_gmt":"2021-06-04T08:08:30","guid":{"rendered":"https:\/\/youre.vn\/?page_id=20744"},"modified":"2021-06-12T09:52:11","modified_gmt":"2021-06-12T02:52:11","slug":"youre-tuyen-dung-event-coordinator","status":"publish","type":"page","link":"https:\/\/youre.org.vn\/en\/youre-tuyen-dung-event-coordinator\/","title":{"rendered":"YOURE Tuy\u1ec3n D\u1ee5ng Event Coordinator"},"content":{"rendered":"<div data-elementor-type=\"wp-page\" data-elementor-id=\"20744\" class=\"elementor elementor-20744\" data-elementor-settings=\"[]\">\n\t\t\t\t\t\t<div class=\"elementor-inner\">\n\t\t\t\t\t\t\t<div class=\"elementor-section-wrap\">\n\t\t\t\t\t\t\t<section class=\"has_ae_slider elementor-section elementor-top-section elementor-element elementor-element-1636fc2 elementor-section-full_width elementor-section-height-default elementor-section-height-default ae-bg-gallery-type-default\" data-id=\"1636fc2\" data-element_type=\"section\">\n\t\t\t\t\t\t<div class=\"elementor-container elementor-column-gap-default\">\n\t\t\t\t\t\t\t<div class=\"elementor-row\">\n\t\t\t\t\t<div class=\"has_ae_slider elementor-column elementor-col-100 elementor-top-column elementor-element elementor-element-48655b6 ae-bg-gallery-type-default\" data-id=\"48655b6\" data-element_type=\"column\" data-settings=\"{&quot;background_background&quot;:&quot;classic&quot;}\">\n\t\t\t<div class=\"elementor-column-wrap elementor-element-populated\">\n\t\t\t\t\t\t\t<div class=\"elementor-widget-wrap\">\n\t\t\t\t\t\t<div class=\"elementor-element elementor-element-5ec7129 elementor-widget elementor-widget-spacer\" data-id=\"5ec7129\" data-element_type=\"widget\" data-widget_type=\"spacer.default\">\n\t\t\t\t<div class=\"elementor-widget-container\">\n\t\t\t\t\t<div class=\"elementor-spacer\">\n\t\t\t<div class=\"elementor-spacer-inner\"><\/div>\n\t\t<\/div>\n\t\t\t\t<\/div>\n\t\t\t\t<\/div>\n\t\t\t\t<div class=\"elementor-element elementor-element-29c7e6b elementor-widget elementor-widget-heading\" data-id=\"29c7e6b\" data-element_type=\"widget\" data-widget_type=\"heading.default\">\n\t\t\t\t<div class=\"elementor-widget-container\">\n\t\t\t<h2 class=\"elementor-heading-title elementor-size-default\">Event Coordinator<\/h2>\t\t<\/div>\n\t\t\t\t<\/div>\n\t\t\t\t<div class=\"elementor-element elementor-element-e43621a elementor-widget elementor-widget-spacer\" data-id=\"e43621a\" data-element_type=\"widget\" data-widget_type=\"spacer.default\">\n\t\t\t\t<div class=\"elementor-widget-container\">\n\t\t\t\t\t<div class=\"elementor-spacer\">\n\t\t\t<div class=\"elementor-spacer-inner\"><\/div>\n\t\t<\/div>\n\t\t\t\t<\/div>\n\t\t\t\t<\/div>\n\t\t\t\t\t\t<\/div>\n\t\t\t\t\t<\/div>\n\t\t<\/div>\n\t\t\t\t\t\t\t\t<\/div>\n\t\t\t\t\t<\/div>\n\t\t<\/section>\n\t\t\t\t<section class=\"has_ae_slider elementor-section elementor-top-section elementor-element elementor-element-a8e0475 elementor-section-boxed elementor-section-height-default elementor-section-height-default ae-bg-gallery-type-default\" data-id=\"a8e0475\" data-element_type=\"section\">\n\t\t\t\t\t\t<div class=\"elementor-container elementor-column-gap-default\">\n\t\t\t\t\t\t\t<div class=\"elementor-row\">\n\t\t\t\t\t<div class=\"has_ae_slider elementor-column elementor-col-100 elementor-top-column elementor-element elementor-element-587471b ae-bg-gallery-type-default\" data-id=\"587471b\" data-element_type=\"column\">\n\t\t\t<div class=\"elementor-column-wrap elementor-element-populated\">\n\t\t\t\t\t\t\t<div class=\"elementor-widget-wrap\">\n\t\t\t\t\t\t<div class=\"elementor-element elementor-element-89cbf90 elementor-widget elementor-widget-spacer\" data-id=\"89cbf90\" data-element_type=\"widget\" data-widget_type=\"spacer.default\">\n\t\t\t\t<div class=\"elementor-widget-container\">\n\t\t\t\t\t<div class=\"elementor-spacer\">\n\t\t\t<div class=\"elementor-spacer-inner\"><\/div>\n\t\t<\/div>\n\t\t\t\t<\/div>\n\t\t\t\t<\/div>\n\t\t\t\t<div class=\"elementor-element elementor-element-88b18af elementor-widget elementor-widget-heading\" data-id=\"88b18af\" data-element_type=\"widget\" data-widget_type=\"heading.default\">\n\t\t\t\t<div class=\"elementor-widget-container\">\n\t\t\t<h2 class=\"elementor-heading-title elementor-size-default\">Th\u00f4ng tin tuy\u1ec3n d\u1ee5ng<\/h2>\t\t<\/div>\n\t\t\t\t<\/div>\n\t\t\t\t<div class=\"elementor-element elementor-element-6411b17 elementor-widget elementor-widget-heading\" data-id=\"6411b17\" data-element_type=\"widget\" data-widget_type=\"heading.default\">\n\t\t\t\t<div class=\"elementor-widget-container\">\n\t\t\t<h2 class=\"elementor-heading-title elementor-size-default\">Social Media<\/h2>\t\t<\/div>\n\t\t\t\t<\/div>\n\t\t\t\t<div class=\"elementor-element elementor-element-0e43ef8 elementor-widget elementor-widget-spacer\" data-id=\"0e43ef8\" data-element_type=\"widget\" data-widget_type=\"spacer.default\">\n\t\t\t\t<div class=\"elementor-widget-container\">\n\t\t\t\t\t<div class=\"elementor-spacer\">\n\t\t\t<div class=\"elementor-spacer-inner\"><\/div>\n\t\t<\/div>\n\t\t\t\t<\/div>\n\t\t\t\t<\/div>\n\t\t\t\t<div class=\"elementor-element elementor-element-535c7af elementor-widget elementor-widget-heading\" data-id=\"535c7af\" data-element_type=\"widget\" data-widget_type=\"heading.default\">\n\t\t\t\t<div class=\"elementor-widget-container\">\n\t\t\t<h2 class=\"elementor-heading-title elementor-size-default\">M\u00f4 T\u1ea3 C\u00f4ng Vi\u1ec7c<\/h2>\t\t<\/div>\n\t\t\t\t<\/div>\n\t\t\t\t<div class=\"elementor-element elementor-element-1159c88 elementor-icon-list--layout-traditional elementor-list-item-link-full_width elementor-widget elementor-widget-icon-list\" data-id=\"1159c88\" data-element_type=\"widget\" data-widget_type=\"icon-list.default\">\n\t\t\t\t<div class=\"elementor-widget-container\">\n\t\t\t\t\t<ul class=\"elementor-icon-list-items\">\n\t\t\t\t\t\t\t<li class=\"elementor-icon-list-item\">\n\t\t\t\t\t\t\t\t\t\t\t<span class=\"elementor-icon-list-icon\">\n\t\t\t\t\t\t\t<i aria-hidden=\"true\" class=\"far fa-dot-circle\"><\/i>\t\t\t\t\t\t<\/span>\n\t\t\t\t\t\t\t\t\t\t<span class=\"elementor-icon-list-text\">L\u00ean k\u1ebf ho\u1ea1ch t\u1ed5 ch\u1ee9c s\u1ef1 ki\u1ec7n YOURE Talk, YOURE Epiphany, thi\u1ebft k\u1ebf trang tr\u00ed, qu\u1ea3n l\u00fd s\u1ef1 ki\u1ec7n v\u00e0 tri\u1ec3n khai chi ti\u1ebft; \u0111\u1ea3m b\u1ea3o m\u1ecdi vi\u1ec7c di\u1ec5n ra \u0111\u00fang quy tr\u00ecnh v\u00e0 th\u1eddi gian.<\/span>\n\t\t\t\t\t\t\t\t\t<\/li>\n\t\t\t\t\t\t\t\t<li class=\"elementor-icon-list-item\">\n\t\t\t\t\t\t\t\t\t\t\t<span class=\"elementor-icon-list-icon\">\n\t\t\t\t\t\t\t<i aria-hidden=\"true\" class=\"far fa-dot-circle\"><\/i>\t\t\t\t\t\t<\/span>\n\t\t\t\t\t\t\t\t\t\t<span class=\"elementor-icon-list-text\">Gi\u00e1m s\u00e1t, \u0111\u1ea3m b\u1ea3o s\u1ef1 ki\u1ec7n di\u1ec5n ra \u0111\u00fang ti\u1ebfn \u0111\u1ed9 v\u00e0 \u0111\u1ea1t ch\u1ea5t l\u01b0\u1ee3ng; t\u1ea5t c\u1ea3 c\u00e1c h\u1ea1ng m\u1ee5c trong checklist \u0111\u1ec1u ho\u00e0n t\u1ea5t.<\/span>\n\t\t\t\t\t\t\t\t\t<\/li>\n\t\t\t\t\t\t\t\t<li class=\"elementor-icon-list-item\">\n\t\t\t\t\t\t\t\t\t\t\t<span class=\"elementor-icon-list-icon\">\n\t\t\t\t\t\t\t<i aria-hidden=\"true\" class=\"far fa-dot-circle\"><\/i>\t\t\t\t\t\t<\/span>\n\t\t\t\t\t\t\t\t\t\t<span class=\"elementor-icon-list-text\">Qu\u1ea3n l\u00fd c\u00e1c t\u1ea5t c\u1ea3 th\u00f4ng tin c\u1ee7a s\u1ef1 ki\u1ec7n nh\u01b0: trang tr\u00ed, nh\u00e2n s\u1ef1, catering, logistic, \u0111\u1ecba \u0111i\u1ec3m, c\u00f4ng c\u1ee5 d\u1ee5ng c\u1ee5\u2026<\/span>\n\t\t\t\t\t\t\t\t\t<\/li>\n\t\t\t\t\t\t<\/ul>\n\t\t\t\t<\/div>\n\t\t\t\t<\/div>\n\t\t\t\t<div class=\"elementor-element elementor-element-84ea3c9 elementor-widget elementor-widget-heading\" data-id=\"84ea3c9\" data-element_type=\"widget\" data-widget_type=\"heading.default\">\n\t\t\t\t<div class=\"elementor-widget-container\">\n\t\t\t<h2 class=\"elementor-heading-title elementor-size-default\">Ti\u00eau chu\u1ea9n \u1ee9ng vi\u00ean<\/h2>\t\t<\/div>\n\t\t\t\t<\/div>\n\t\t\t\t<div class=\"elementor-element elementor-element-c309209 elementor-icon-list--layout-traditional elementor-list-item-link-full_width elementor-widget elementor-widget-icon-list\" data-id=\"c309209\" data-element_type=\"widget\" data-widget_type=\"icon-list.default\">\n\t\t\t\t<div class=\"elementor-widget-container\">\n\t\t\t\t\t<ul class=\"elementor-icon-list-items\">\n\t\t\t\t\t\t\t<li class=\"elementor-icon-list-item\">\n\t\t\t\t\t\t\t\t\t\t\t<span class=\"elementor-icon-list-icon\">\n\t\t\t\t\t\t\t<i aria-hidden=\"true\" class=\"fas fa-check\"><\/i>\t\t\t\t\t\t<\/span>\n\t\t\t\t\t\t\t\t\t\t<span class=\"elementor-icon-list-text\">Nhanh nh\u1ea1y, giao ti\u1ebfp t\u1ed1t<\/span>\n\t\t\t\t\t\t\t\t\t<\/li>\n\t\t\t\t\t\t\t\t<li class=\"elementor-icon-list-item\">\n\t\t\t\t\t\t\t\t\t\t\t<span class=\"elementor-icon-list-icon\">\n\t\t\t\t\t\t\t<i aria-hidden=\"true\" class=\"fas fa-check\"><\/i>\t\t\t\t\t\t<\/span>\n\t\t\t\t\t\t\t\t\t\t<span class=\"elementor-icon-list-text\">C\u1ea9n th\u1eadn, ch\u1ec9nh chu<\/span>\n\t\t\t\t\t\t\t\t\t<\/li>\n\t\t\t\t\t\t\t\t<li class=\"elementor-icon-list-item\">\n\t\t\t\t\t\t\t\t\t\t\t<span class=\"elementor-icon-list-icon\">\n\t\t\t\t\t\t\t<i aria-hidden=\"true\" class=\"fas fa-check\"><\/i>\t\t\t\t\t\t<\/span>\n\t\t\t\t\t\t\t\t\t\t<span class=\"elementor-icon-list-text\">C\u00f3 kh\u1ea3 n\u0103ng l\u00e0m vi\u1ec7c nh\u00f3m,  \u0111\u00fang deadline<\/span>\n\t\t\t\t\t\t\t\t\t<\/li>\n\t\t\t\t\t\t\t\t<li class=\"elementor-icon-list-item\">\n\t\t\t\t\t\t\t\t\t\t\t<span class=\"elementor-icon-list-icon\">\n\t\t\t\t\t\t\t<i aria-hidden=\"true\" class=\"fas fa-check\"><\/i>\t\t\t\t\t\t<\/span>\n\t\t\t\t\t\t\t\t\t\t<span class=\"elementor-icon-list-text\">\u0110am m\u00ea, y\u00eau th\u00edch t\u1ed5 ch\u1ee9c s\u1ef1 ki\u1ec7n c\u1ed9ng \u0111\u1ed3ng<\/span>\n\t\t\t\t\t\t\t\t\t<\/li>\n\t\t\t\t\t\t<\/ul>\n\t\t\t\t<\/div>\n\t\t\t\t<\/div>\n\t\t\t\t<div class=\"elementor-element elementor-element-3e4fe4c elementor-widget elementor-widget-heading\" data-id=\"3e4fe4c\" data-element_type=\"widget\" data-widget_type=\"heading.default\">\n\t\t\t\t<div class=\"elementor-widget-container\">\n\t\t\t<h2 class=\"elementor-heading-title elementor-size-default\">Quy\u1ec1n l\u1ee3i \u0111\u01b0\u1ee3c h\u01b0\u1edfng<\/h2>\t\t<\/div>\n\t\t\t\t<\/div>\n\t\t\t\t<div class=\"elementor-element elementor-element-4b5eaf3 elementor-icon-list--layout-traditional elementor-list-item-link-full_width elementor-widget elementor-widget-icon-list\" data-id=\"4b5eaf3\" data-element_type=\"widget\" data-widget_type=\"icon-list.default\">\n\t\t\t\t<div class=\"elementor-widget-container\">\n\t\t\t\t\t<ul class=\"elementor-icon-list-items\">\n\t\t\t\t\t\t\t<li class=\"elementor-icon-list-item\">\n\t\t\t\t\t\t\t\t\t\t\t<span class=\"elementor-icon-list-icon\">\n\t\t\t\t\t\t\t<i aria-hidden=\"true\" class=\"fas fa-check-circle\"><\/i>\t\t\t\t\t\t<\/span>\n\t\t\t\t\t\t\t\t\t\t<span class=\"elementor-icon-list-text\">Tr\u1ee3 c\u1ea5p h\u00e0ng th\u00e1ng 2 tri\u1ec7u.<\/span>\n\t\t\t\t\t\t\t\t\t<\/li>\n\t\t\t\t\t\t\t\t<li class=\"elementor-icon-list-item\">\n\t\t\t\t\t\t\t\t\t\t\t<span class=\"elementor-icon-list-icon\">\n\t\t\t\t\t\t\t<i aria-hidden=\"true\" class=\"fas fa-check-circle\"><\/i>\t\t\t\t\t\t<\/span>\n\t\t\t\t\t\t\t\t\t\t<span class=\"elementor-icon-list-text\">Mi\u1ec5n ph\u00ed 80% kho\u00e1 h\u1ecdc b\u1ea5t k\u1ef3 (n\u1ebfu l\u00e0m \u0111\u1ee7 6 th\u00e1ng)<\/span>\n\t\t\t\t\t\t\t\t\t<\/li>\n\t\t\t\t\t\t\t\t<li class=\"elementor-icon-list-item\">\n\t\t\t\t\t\t\t\t\t\t\t<span class=\"elementor-icon-list-icon\">\n\t\t\t\t\t\t\t<i aria-hidden=\"true\" class=\"fas fa-check-circle\"><\/i>\t\t\t\t\t\t<\/span>\n\t\t\t\t\t\t\t\t\t\t<span class=\"elementor-icon-list-text\">H\u1ed7 tr\u1ee3 x\u00e2y d\u1ef1ng h\u1ed3 s\u01a1 du h\u1ecdc, k\u1ef9 n\u0103ng s\u0103n h\u1ecdc b\u1ed5ng mi\u1ec5n ph\u00ed (n\u1ebfu l\u00e0m 6 th\u00e1ng)<\/span>\n\t\t\t\t\t\t\t\t\t<\/li>\n\t\t\t\t\t\t\t\t<li class=\"elementor-icon-list-item\">\n\t\t\t\t\t\t\t\t\t\t\t<span class=\"elementor-icon-list-icon\">\n\t\t\t\t\t\t\t<i aria-hidden=\"true\" class=\"fas fa-check-circle\"><\/i>\t\t\t\t\t\t<\/span>\n\t\t\t\t\t\t\t\t\t\t<span class=\"elementor-icon-list-text\">H\u1ed7 tr\u1ee3 vi\u1ebft nh\u1eadn x\u00e9t th\u1ef1c t\u1eadp (n\u1ebfu c\u1ea7n), c\u1ea5p gi\u1ea5y ch\u1ee9ng nh\u1eadn c\u00f4ng t\u00e1c c\u00f3 m\u1ed9c \u0111\u1ecf c\u1ee7a Doanh Nghi\u1ec7p X\u00e3 H\u1ed9i<\/span>\n\t\t\t\t\t\t\t\t\t<\/li>\n\t\t\t\t\t\t\t\t<li class=\"elementor-icon-list-item\">\n\t\t\t\t\t\t\t\t\t\t\t<span class=\"elementor-icon-list-icon\">\n\t\t\t\t\t\t\t<i aria-hidden=\"true\" class=\"fas fa-check-circle\"><\/i>\t\t\t\t\t\t<\/span>\n\t\t\t\t\t\t\t\t\t\t<span class=\"elementor-icon-list-text\">L\u00e0m vi\u1ec7c trong m\u00f4i tr\u01b0\u1eddng startup tr\u1ebb v\u00e0 n\u0103ng \u0111\u1ed9ng. L\u00e0m vi\u1ec7c \u1edf YOURE, b\u1ea1n s\u1ebd \u0111\u01b0\u1ee3c tho\u1ea3i m\u00e1i l\u00e0 ch\u00ednh m\u00ecnh, t\u1ef1 tin c\u1ed1ng hi\u1ebfn ki\u1ebfn th\u1ee9c, t\u00e0i n\u0103ng v\u00e0 kh\u00f4ng ng\u1ea1i b\u1ecb \u0111\u00e1nh gi\u00e1 khi \u0111\u01b0a ra c\u00e1c \u00fd t\u01b0\u1edfng m\u1edbi.<\/span>\n\t\t\t\t\t\t\t\t\t<\/li>\n\t\t\t\t\t\t<\/ul>\n\t\t\t\t<\/div>\n\t\t\t\t<\/div>\n\t\t\t\t<div class=\"elementor-element elementor-element-94c9d64 elementor-widget elementor-widget-text-editor\" data-id=\"94c9d64\" data-element_type=\"widget\" data-widget_type=\"text-editor.default\">\n\t\t\t\t<div class=\"elementor-widget-container\">\n\t\t\t\t\t\t\t\t<div class=\"elementor-text-editor elementor-clearfix\">\n\t\t\t\t\t<p><strong>S\u1ed1 l\u01b0\u1ee3ng c\u1ea7n tuy\u1ec3n:<\/strong> 1 ng\u01b0\u1eddi<br \/><strong>Th\u1eddi gian l\u00e0m vi\u1ec7c:<\/strong> 6 th\u00e1ng<br \/><strong>\u0110\u1ecba \u0111i\u1ec3m l\u00e0m vi\u1ec7c:<\/strong> 685E Thanh \u0110a, P.27, qu\u1eadn B\u00ecnh Th\u1ea1nh, Tp.HCM<br \/><strong>Li\u00ean h\u1ec7 \u1ee9ng tuy\u1ec3n:<\/strong> contact@youre.vn<\/p>\t\t\t\t\t<\/div>\n\t\t\t\t\t\t<\/div>\n\t\t\t\t<\/div>\n\t\t\t\t\t\t<\/div>\n\t\t\t\t\t<\/div>\n\t\t<\/div>\n\t\t\t\t\t\t\t\t<\/div>\n\t\t\t\t\t<\/div>\n\t\t<\/section>\n\t\t\t\t\t\t<\/div>\n\t\t\t\t\t\t<\/div>\n\t\t\t\t\t<\/div>","protected":false},"excerpt":{"rendered":"<p>Event Coordinator Th\u00f4ng tin tuy\u1ec3n d\u1ee5ng Social Media M\u00f4 T\u1ea3 C\u00f4ng Vi\u1ec7c L\u00ean k\u1ebf ho\u1ea1ch t\u1ed5 ch\u1ee9c s\u1ef1 ki\u1ec7n YOURE Talk, YOURE Epiphany, thi\u1ebft k\u1ebf trang tr\u00ed, qu\u1ea3n l\u00fd s\u1ef1 ki\u1ec7n v\u00e0 tri\u1ec3n khai chi ti\u1ebft; \u0111\u1ea3m b\u1ea3o m\u1ecdi vi\u1ec7c di\u1ec5n ra \u0111\u00fang quy tr\u00ecnh v\u00e0 th\u1eddi gian. Gi\u00e1m s\u00e1t, \u0111\u1ea3m b\u1ea3o s\u1ef1 ki\u1ec7n di\u1ec5n&hellip;&nbsp;<a href=\"https:\/\/youre.org.vn\/en\/youre-tuyen-dung-event-coordinator\/\" class=\"\" rel=\"bookmark\">Read More &raquo;<span class=\"screen-reader-text\">YOURE Tuy\u1ec3n D\u1ee5ng Event Coordinator<\/span><\/a><\/p>","protected":false},"author":5,"featured_media":20862,"parent":0,"menu_order":0,"comment_status":"closed","ping_status":"closed","template":"","meta":{"neve_meta_sidebar":"full-width","neve_meta_container":"full-width","neve_meta_enable_content_width":"off","neve_meta_content_width":0,"neve_meta_title_alignment":"","neve_meta_author_avatar":"","neve_post_elements_order":"","neve_meta_disable_header":"","neve_meta_disable_footer":"","neve_meta_disable_title":"on"},"yoast_head":"<!-- This site is optimized with the Yoast SEO plugin v17.5 - https:\/\/yoast.com\/wordpress\/plugins\/seo\/ -->\n<title>YOURE Tuy\u1ec3n D\u1ee5ng Event Coordinator - T\u1ed5 ch\u1ee9c X\u00e3 H\u1ed9i Gi\u00e1o D\u1ee5c &amp; \u0110\u00e0o T\u1ea1o YOUREORG<\/title>\n<meta name=\"description\" content=\"Quy\u1ec1n l\u1ee3i \u0111\u01b0\u1ee3c h\u01b0\u1edfng: - Tr\u1ee3 c\u1ea5p h\u00e0ng th\u00e1ng 2 tri\u1ec7u - Mi\u1ec5n ph\u00ed 50%-80% kho\u00e1 h\u1ecdc b\u1ea5t k\u1ef3 - H\u1ed7 tr\u1ee3 x\u00e2y d\u1ef1ng h\u1ed3 s\u01a1 du h\u1ecdc, k\u1ef9 n\u0103ng s\u0103n h\u1ecdc b\u1ed5ng mi\u1ec5n ph\u00ed\" \/>\n<meta name=\"robots\" content=\"index, follow, max-snippet:-1, max-image-preview:large, max-video-preview:-1\" \/>\n<link rel=\"canonical\" href=\"https:\/\/youre.vn\/youre-tuyen-dung-event-coordinator\/\" \/>\n<meta property=\"og:locale\" content=\"en_US\" \/>\n<meta property=\"og:type\" content=\"article\" \/>\n<meta property=\"og:title\" content=\"YOURE Tuy\u1ec3n D\u1ee5ng Event Coordinator - T\u1ed5 ch\u1ee9c X\u00e3 H\u1ed9i Gi\u00e1o D\u1ee5c &amp; \u0110\u00e0o T\u1ea1o YOUREORG\" \/>\n<meta property=\"og:description\" content=\"Quy\u1ec1n l\u1ee3i \u0111\u01b0\u1ee3c h\u01b0\u1edfng: - Tr\u1ee3 c\u1ea5p h\u00e0ng th\u00e1ng 2 tri\u1ec7u - Mi\u1ec5n ph\u00ed 50%-80% kho\u00e1 h\u1ecdc b\u1ea5t k\u1ef3 - H\u1ed7 tr\u1ee3 x\u00e2y d\u1ef1ng h\u1ed3 s\u01a1 du h\u1ecdc, k\u1ef9 n\u0103ng s\u0103n h\u1ecdc b\u1ed5ng mi\u1ec5n ph\u00ed\" \/>\n<meta property=\"og:url\" content=\"https:\/\/youre.vn\/youre-tuyen-dung-event-coordinator\/\" \/>\n<meta property=\"og:site_name\" content=\"T\u1ed5 ch\u1ee9c X\u00e3 H\u1ed9i Gi\u00e1o D\u1ee5c &amp; \u0110\u00e0o T\u1ea1o YOUREORG\" \/>\n<meta property=\"article:publisher\" content=\"https:\/\/www.facebook.com\/youre.organization\" \/>\n<meta property=\"article:modified_time\" content=\"2021-06-12T02:52:11+00:00\" \/>\n<meta property=\"og:image\" content=\"https:\/\/youre.vn\/wp-content\/uploads\/2021\/06\/Event-Coordinator-1.jpg\" \/>\n\t<meta property=\"og:image:width\" content=\"1600\" \/>\n\t<meta property=\"og:image:height\" content=\"898\" \/>\n<meta name=\"twitter:card\" content=\"summary_large_image\" \/>\n<meta name=\"twitter:label1\" content=\"Est. reading time\" \/>\n\t<meta name=\"twitter:data1\" content=\"2 minutes\" \/>\n<script type=\"application\/ld+json\" class=\"yoast-schema-graph\">{\"@context\":\"https:\/\/schema.org\",\"@graph\":[{\"@type\":\"Organization\",\"@id\":\"https:\/\/youre.org.vn\/#organization\",\"name\":\"Doanh Nghi\\u1ec7p X\\u00e3 H\\u1ed9i YourE\",\"url\":\"https:\/\/youre.org.vn\/\",\"sameAs\":[\"https:\/\/www.facebook.com\/youre.organization\",\"https:\/\/www.instagram.com\/youre.organization\/\",\"https:\/\/www.linkedin.com\/company\/youre-education-training-centre\",\"https:\/\/www.youtube.com\/channel\/UCjFcDKSF56thpv5sQKXWyEg\"],\"logo\":{\"@type\":\"ImageObject\",\"@id\":\"https:\/\/youre.org.vn\/#logo\",\"inLanguage\":\"en-US\",\"url\":\"https:\/\/doanhnghiepxahoiyoure.org.vn\/wp-content\/uploads\/2023\/03\/Website.png\",\"contentUrl\":\"https:\/\/doanhnghiepxahoiyoure.org.vn\/wp-content\/uploads\/2023\/03\/Website.png\",\"width\":1248,\"height\":672,\"caption\":\"Doanh Nghi\\u1ec7p X\\u00e3 H\\u1ed9i YourE\"},\"image\":{\"@id\":\"https:\/\/youre.org.vn\/#logo\"}},{\"@type\":\"WebSite\",\"@id\":\"https:\/\/youre.org.vn\/#website\",\"url\":\"https:\/\/youre.org.vn\/\",\"name\":\"T\\u1ed5 ch\\u1ee9c X\\u00e3 H\\u1ed9i Gi\\u00e1o D\\u1ee5c &amp; \\u0110\\u00e0o T\\u1ea1o YOUREORG\",\"description\":\"\",\"publisher\":{\"@id\":\"https:\/\/youre.org.vn\/#organization\"},\"potentialAction\":[{\"@type\":\"SearchAction\",\"target\":{\"@type\":\"EntryPoint\",\"urlTemplate\":\"https:\/\/youre.org.vn\/?s={search_term_string}\"},\"query-input\":\"required name=search_term_string\"}],\"inLanguage\":\"en-US\"},{\"@type\":\"ImageObject\",\"@id\":\"https:\/\/youre.vn\/youre-tuyen-dung-event-coordinator\/#primaryimage\",\"inLanguage\":\"en-US\",\"url\":\"https:\/\/youre.org.vn\/wp-content\/uploads\/2021\/06\/Event-Coordinator-1.jpg\",\"contentUrl\":\"https:\/\/youre.org.vn\/wp-content\/uploads\/2021\/06\/Event-Coordinator-1.jpg\",\"width\":1600,\"height\":898,\"caption\":\"event management flowchart concept\"},{\"@type\":\"WebPage\",\"@id\":\"https:\/\/youre.vn\/youre-tuyen-dung-event-coordinator\/#webpage\",\"url\":\"https:\/\/youre.vn\/youre-tuyen-dung-event-coordinator\/\",\"name\":\"YOURE Tuy\\u1ec3n D\\u1ee5ng Event Coordinator - T\\u1ed5 ch\\u1ee9c X\\u00e3 H\\u1ed9i Gi\\u00e1o D\\u1ee5c &amp; \\u0110\\u00e0o T\\u1ea1o YOUREORG\",\"isPartOf\":{\"@id\":\"https:\/\/youre.org.vn\/#website\"},\"primaryImageOfPage\":{\"@id\":\"https:\/\/youre.vn\/youre-tuyen-dung-event-coordinator\/#primaryimage\"},\"datePublished\":\"2021-06-04T08:08:30+00:00\",\"dateModified\":\"2021-06-12T02:52:11+00:00\",\"description\":\"Quy\\u1ec1n l\\u1ee3i \\u0111\\u01b0\\u1ee3c h\\u01b0\\u1edfng: - Tr\\u1ee3 c\\u1ea5p h\\u00e0ng th\\u00e1ng 2 tri\\u1ec7u - Mi\\u1ec5n ph\\u00ed 50%-80% kho\\u00e1 h\\u1ecdc b\\u1ea5t k\\u1ef3 - H\\u1ed7 tr\\u1ee3 x\\u00e2y d\\u1ef1ng h\\u1ed3 s\\u01a1 du h\\u1ecdc, k\\u1ef9 n\\u0103ng s\\u0103n h\\u1ecdc b\\u1ed5ng mi\\u1ec5n ph\\u00ed\",\"breadcrumb\":{\"@id\":\"https:\/\/youre.vn\/youre-tuyen-dung-event-coordinator\/#breadcrumb\"},\"inLanguage\":\"en-US\",\"potentialAction\":[{\"@type\":\"ReadAction\",\"target\":[\"https:\/\/youre.vn\/youre-tuyen-dung-event-coordinator\/\"]}]},{\"@type\":\"BreadcrumbList\",\"@id\":\"https:\/\/youre.vn\/youre-tuyen-dung-event-coordinator\/#breadcrumb\",\"itemListElement\":[{\"@type\":\"ListItem\",\"position\":1,\"name\":\"Home\",\"item\":\"https:\/\/youre.org.vn\/\"},{\"@type\":\"ListItem\",\"position\":2,\"name\":\"YOURE Tuy\\u1ec3n D\\u1ee5ng Event Coordinator\"}]}]}<\/script>\n<!-- \/ Yoast SEO plugin. -->","yoast_head_json":{"title":"YOURE Tuy\u1ec3n D\u1ee5ng Event Coordinator - T\u1ed5 ch\u1ee9c X\u00e3 H\u1ed9i Gi\u00e1o D\u1ee5c &amp; \u0110\u00e0o T\u1ea1o YOUREORG","description":"Quy\u1ec1n l\u1ee3i \u0111\u01b0\u1ee3c h\u01b0\u1edfng: - Tr\u1ee3 c\u1ea5p h\u00e0ng th\u00e1ng 2 tri\u1ec7u - Mi\u1ec5n ph\u00ed 50%-80% kho\u00e1 h\u1ecdc b\u1ea5t k\u1ef3 - H\u1ed7 tr\u1ee3 x\u00e2y d\u1ef1ng h\u1ed3 s\u01a1 du h\u1ecdc, k\u1ef9 n\u0103ng s\u0103n h\u1ecdc b\u1ed5ng mi\u1ec5n ph\u00ed","robots":{"index":"index","follow":"follow","max-snippet":"max-snippet:-1","max-image-preview":"max-image-preview:large","max-video-preview":"max-video-preview:-1"},"canonical":"https:\/\/youre.vn\/youre-tuyen-dung-event-coordinator\/","og_locale":"en_US","og_type":"article","og_title":"YOURE Tuy\u1ec3n D\u1ee5ng Event Coordinator - T\u1ed5 ch\u1ee9c X\u00e3 H\u1ed9i Gi\u00e1o D\u1ee5c &amp; \u0110\u00e0o T\u1ea1o YOUREORG","og_description":"Quy\u1ec1n l\u1ee3i \u0111\u01b0\u1ee3c h\u01b0\u1edfng: - Tr\u1ee3 c\u1ea5p h\u00e0ng th\u00e1ng 2 tri\u1ec7u - Mi\u1ec5n ph\u00ed 50%-80% kho\u00e1 h\u1ecdc b\u1ea5t k\u1ef3 - H\u1ed7 tr\u1ee3 x\u00e2y d\u1ef1ng h\u1ed3 s\u01a1 du h\u1ecdc, k\u1ef9 n\u0103ng s\u0103n h\u1ecdc b\u1ed5ng mi\u1ec5n ph\u00ed","og_url":"https:\/\/youre.vn\/youre-tuyen-dung-event-coordinator\/","og_site_name":"T\u1ed5 ch\u1ee9c X\u00e3 H\u1ed9i Gi\u00e1o D\u1ee5c &amp; \u0110\u00e0o T\u1ea1o YOUREORG","article_publisher":"https:\/\/www.facebook.com\/youre.organization","article_modified_time":"2021-06-12T02:52:11+00:00","og_image":[{"width":1600,"height":898,"url":"https:\/\/youre.vn\/wp-content\/uploads\/2021\/06\/Event-Coordinator-1.jpg","type":"image\/jpeg"}],"twitter_card":"summary_large_image","twitter_misc":{"Est. reading time":"2 minutes"},"schema":{"@context":"https:\/\/schema.org","@graph":[{"@type":"Organization","@id":"https:\/\/youre.org.vn\/#organization","name":"Doanh Nghi\u1ec7p X\u00e3 H\u1ed9i YourE","url":"https:\/\/youre.org.vn\/","sameAs":["https:\/\/www.facebook.com\/youre.organization","https:\/\/www.instagram.com\/youre.organization\/","https:\/\/www.linkedin.com\/company\/youre-education-training-centre","https:\/\/www.youtube.com\/channel\/UCjFcDKSF56thpv5sQKXWyEg"],"logo":{"@type":"ImageObject","@id":"https:\/\/youre.org.vn\/#logo","inLanguage":"en-US","url":"https:\/\/doanhnghiepxahoiyoure.org.vn\/wp-content\/uploads\/2023\/03\/Website.png","contentUrl":"https:\/\/doanhnghiepxahoiyoure.org.vn\/wp-content\/uploads\/2023\/03\/Website.png","width":1248,"height":672,"caption":"Doanh Nghi\u1ec7p X\u00e3 H\u1ed9i YourE"},"image":{"@id":"https:\/\/youre.org.vn\/#logo"}},{"@type":"WebSite","@id":"https:\/\/youre.org.vn\/#website","url":"https:\/\/youre.org.vn\/","name":"T\u1ed5 ch\u1ee9c X\u00e3 H\u1ed9i Gi\u00e1o D\u1ee5c &amp; \u0110\u00e0o T\u1ea1o YOUREORG","description":"","publisher":{"@id":"https:\/\/youre.org.vn\/#organization"},"potentialAction":[{"@type":"SearchAction","target":{"@type":"EntryPoint","urlTemplate":"https:\/\/youre.org.vn\/?s={search_term_string}"},"query-input":"required name=search_term_string"}],"inLanguage":"en-US"},{"@type":"ImageObject","@id":"https:\/\/youre.vn\/youre-tuyen-dung-event-coordinator\/#primaryimage","inLanguage":"en-US","url":"https:\/\/youre.org.vn\/wp-content\/uploads\/2021\/06\/Event-Coordinator-1.jpg","contentUrl":"https:\/\/youre.org.vn\/wp-content\/uploads\/2021\/06\/Event-Coordinator-1.jpg","width":1600,"height":898,"caption":"event management flowchart concept"},{"@type":"WebPage","@id":"https:\/\/youre.vn\/youre-tuyen-dung-event-coordinator\/#webpage","url":"https:\/\/youre.vn\/youre-tuyen-dung-event-coordinator\/","name":"YOURE Tuy\u1ec3n D\u1ee5ng Event Coordinator - T\u1ed5 ch\u1ee9c X\u00e3 H\u1ed9i Gi\u00e1o D\u1ee5c &amp; \u0110\u00e0o T\u1ea1o YOUREORG","isPartOf":{"@id":"https:\/\/youre.org.vn\/#website"},"primaryImageOfPage":{"@id":"https:\/\/youre.vn\/youre-tuyen-dung-event-coordinator\/#primaryimage"},"datePublished":"2021-06-04T08:08:30+00:00","dateModified":"2021-06-12T02:52:11+00:00","description":"Quy\u1ec1n l\u1ee3i \u0111\u01b0\u1ee3c h\u01b0\u1edfng: - Tr\u1ee3 c\u1ea5p h\u00e0ng th\u00e1ng 2 tri\u1ec7u - Mi\u1ec5n ph\u00ed 50%-80% kho\u00e1 h\u1ecdc b\u1ea5t k\u1ef3 - H\u1ed7 tr\u1ee3 x\u00e2y d\u1ef1ng h\u1ed3 s\u01a1 du h\u1ecdc, k\u1ef9 n\u0103ng s\u0103n h\u1ecdc b\u1ed5ng mi\u1ec5n ph\u00ed","breadcrumb":{"@id":"https:\/\/youre.vn\/youre-tuyen-dung-event-coordinator\/#breadcrumb"},"inLanguage":"en-US","potentialAction":[{"@type":"ReadAction","target":["https:\/\/youre.vn\/youre-tuyen-dung-event-coordinator\/"]}]},{"@type":"BreadcrumbList","@id":"https:\/\/youre.vn\/youre-tuyen-dung-event-coordinator\/#breadcrumb","itemListElement":[{"@type":"ListItem","position":1,"name":"Home","item":"https:\/\/youre.org.vn\/"},{"@type":"ListItem","position":2,"name":"YOURE Tuy\u1ec3n D\u1ee5ng Event Coordinator"}]}]}},"_links":{"self":[{"href":"https:\/\/youre.org.vn\/en\/wp-json\/wp\/v2\/pages\/20744"}],"collection":[{"href":"https:\/\/youre.org.vn\/en\/wp-json\/wp\/v2\/pages"}],"about":[{"href":"https:\/\/youre.org.vn\/en\/wp-json\/wp\/v2\/types\/page"}],"author":[{"embeddable":true,"href":"https:\/\/youre.org.vn\/en\/wp-json\/wp\/v2\/users\/5"}],"replies":[{"embeddable":true,"href":"https:\/\/youre.org.vn\/en\/wp-json\/wp\/v2\/comments?post=20744"}],"version-history":[{"count":0,"href":"https:\/\/youre.org.vn\/en\/wp-json\/wp\/v2\/pages\/20744\/revisions"}],"wp:featuredmedia":[{"embeddable":true,"href":"https:\/\/youre.org.vn\/en\/wp-json\/wp\/v2\/media\/20862"}],"wp:attachment":[{"href":"https:\/\/youre.org.vn\/en\/wp-json\/wp\/v2\/media?parent=20744"}],"curies":[{"name":"wp","href":"https:\/\/api.w.org\/{rel}","templated":true}]}}