{"id":21252,"date":"2021-06-09T10:11:12","date_gmt":"2021-06-09T03:11:12","guid":{"rendered":"https:\/\/youre.vn\/?page_id=21252"},"modified":"2021-06-14T15:48:33","modified_gmt":"2021-06-14T08:48:33","slug":"quy-trinh-dang-ky-hoc","status":"publish","type":"page","link":"https:\/\/youre.org.vn\/en\/quy-trinh-dang-ky-hoc\/","title":{"rendered":"Quy Tr\u00ecnh \u0110\u0103ng K\u00fd H\u1ecdc"},"content":{"rendered":"<div data-elementor-type=\"wp-page\" data-elementor-id=\"21252\" class=\"elementor elementor-21252\" data-elementor-settings=\"[]\">\n\t\t\t\t\t\t<div class=\"elementor-inner\">\n\t\t\t\t\t\t\t<div class=\"elementor-section-wrap\">\n\t\t\t\t\t\t\t<section class=\"has_ae_slider elementor-section elementor-top-section elementor-element elementor-element-f86022c elementor-section-boxed elementor-section-height-default elementor-section-height-default ae-bg-gallery-type-default\" data-id=\"f86022c\" data-element_type=\"section\">\n\t\t\t\t\t\t<div class=\"elementor-container elementor-column-gap-default\">\n\t\t\t\t\t\t\t<div class=\"elementor-row\">\n\t\t\t\t\t<div class=\"has_ae_slider elementor-column elementor-col-100 elementor-top-column elementor-element elementor-element-15e9456 ae-bg-gallery-type-default\" data-id=\"15e9456\" data-element_type=\"column\">\n\t\t\t<div class=\"elementor-column-wrap elementor-element-populated\">\n\t\t\t\t\t\t\t<div class=\"elementor-widget-wrap\">\n\t\t\t\t\t\t<div class=\"elementor-element elementor-element-1d20758 elementor-widget elementor-widget-spacer\" data-id=\"1d20758\" data-element_type=\"widget\" data-widget_type=\"spacer.default\">\n\t\t\t\t<div class=\"elementor-widget-container\">\n\t\t\t\t\t<div class=\"elementor-spacer\">\n\t\t\t<div class=\"elementor-spacer-inner\"><\/div>\n\t\t<\/div>\n\t\t\t\t<\/div>\n\t\t\t\t<\/div>\n\t\t\t\t<div class=\"elementor-element elementor-element-bdb655c elementor-widget elementor-widget-heading\" data-id=\"bdb655c\" data-element_type=\"widget\" data-widget_type=\"heading.default\">\n\t\t\t\t<div class=\"elementor-widget-container\">\n\t\t\t<h2 class=\"elementor-heading-title elementor-size-default\">Quy tr\u00ecnh \u0111\u0103ng k\u00fd h\u1ecdc t\u1ea1i youre<\/h2>\t\t<\/div>\n\t\t\t\t<\/div>\n\t\t\t\t\t\t<\/div>\n\t\t\t\t\t<\/div>\n\t\t<\/div>\n\t\t\t\t\t\t\t\t<\/div>\n\t\t\t\t\t<\/div>\n\t\t<\/section>\n\t\t\t\t<section class=\"has_ae_slider elementor-section elementor-top-section elementor-element elementor-element-36295f1 elementor-section-boxed elementor-section-height-default elementor-section-height-default ae-bg-gallery-type-default\" data-id=\"36295f1\" data-element_type=\"section\">\n\t\t\t\t\t\t<div class=\"elementor-container elementor-column-gap-default\">\n\t\t\t\t\t\t\t<div class=\"elementor-row\">\n\t\t\t\t\t<div class=\"has_ae_slider elementor-column elementor-col-100 elementor-top-column elementor-element elementor-element-21bb15b ae-bg-gallery-type-default\" data-id=\"21bb15b\" data-element_type=\"column\">\n\t\t\t<div class=\"elementor-column-wrap elementor-element-populated\">\n\t\t\t\t\t\t\t<div class=\"elementor-widget-wrap\">\n\t\t\t\t\t\t<div class=\"elementor-element elementor-element-1a14292 elementor-widget elementor-widget-spacer\" data-id=\"1a14292\" data-element_type=\"widget\" data-widget_type=\"spacer.default\">\n\t\t\t\t<div class=\"elementor-widget-container\">\n\t\t\t\t\t<div class=\"elementor-spacer\">\n\t\t\t<div class=\"elementor-spacer-inner\"><\/div>\n\t\t<\/div>\n\t\t\t\t<\/div>\n\t\t\t\t<\/div>\n\t\t\t\t<div class=\"elementor-element elementor-element-413fa6f elementor-widget elementor-widget-text-editor\" data-id=\"413fa6f\" data-element_type=\"widget\" data-widget_type=\"text-editor.default\">\n\t\t\t\t<div class=\"elementor-widget-container\">\n\t\t\t\t\t\t\t\t<div class=\"elementor-text-editor elementor-clearfix\">\n\t\t\t\t\t<ol><li>H\u1ecdc vi\u00ean \u0111i\u1ec1n \u0111\u01a1n \u0111\u0103ng k\u00fd tr\u00ean trang https:\/\/doanhnghiepxahoiyoure.org.vn\/<\/li><li>Trong v\u00f2ng 01 ng\u00e0y l\u00e0m vi\u1ec7c t\u1eeb l\u00fac nh\u1eadn \u0111\u01a1n, h\u1ecdc vi\u00ean s\u1ebd \u0111\u01b0\u1ee3c Qu\u1ea3n l\u00fd h\u1ecdc thu\u1eadt c\u1ee7a YOURE g\u1ecdi \u0111i\u1ec7n, h\u1eb9n ph\u1ecfng v\u1ea5n.<\/li><li>Trong v\u00f2ng 02 ng\u00e0y l\u00e0m vi\u1ec7c sau khi n\u00f3i chuy\u1ec7n ph\u1ecfng v\u1ea5n v\u1edbi Qu\u1ea3n l\u00fd h\u1ecdc thu\u1eadt, h\u1ecdc vi\u00ean s\u1ebd nh\u1eadn \u0111\u01b0\u1ee3c email k\u1ebft qu\u1ea3 x\u00e9t tuy\u1ec3n k\u00e8m h\u01b0\u1edbng d\u1eabn \u0111\u00f3ng h\u1ecdc ph\u00ed cho h\u1ecdc vi\u00ean tr\u00fang tuy\u1ec3n.<\/li><li>H\u1ecdc vi\u00ean tr\u00fang tuy\u1ec3n ho\u00e0n th\u00e0nh vi\u1ec7c \u0111\u00f3ng h\u1ecdc ph\u00ed theo h\u01b0\u1edbng d\u1eabn.<\/li><li>Trong v\u00f2ng 01 ng\u00e0y l\u00e0m vi\u1ec7c sau khi \u0111\u00f3ng h\u1ecdc ph\u00ed, h\u1ecdc vi\u00ean s\u1ebd \u0111\u01b0\u1ee3c Qu\u1ea3n l\u00fd h\u1ecdc thu\u1eadt s\u1ebd li\u00ean h\u1ec7 x\u1ebfp l\u1ecbch l\u00e0m vi\u1ec7c \u0111\u1ec3 c\u00f9ng l\u00ean k\u1ebf ho\u1ea1ch h\u1ecdc t\u1eadp c\u00e1 nh\u00e2n h\u00f3a.<\/li><li>Trong v\u00f2ng 02 ng\u00e0y l\u00e0m vi\u1ec7c t\u1eeb bu\u1ed5i l\u00e0m vi\u1ec7c v\u1edbi Qu\u1ea3n l\u00fd h\u1ecdc thu\u1eadt, h\u1ecdc vi\u00ean s\u1ebd nh\u1eadn \u0111\u01b0\u1ee3c email b\u1ea3n nh\u00e1p k\u1ebf ho\u1ea1ch c\u00e1 nh\u00e2n h\u00f3a.<\/li><li>H\u1ecdc vi\u00ean g\u00f3p \u00fd cho b\u1ea3n nh\u00e1p.<\/li><li>Trong v\u00f2ng 02 ng\u00e0y l\u00e0m vi\u1ec7c k\u1ec3 t\u1eeb khi ph\u1ea3n h\u1ed3i g\u00f3p \u00fd, h\u1ecdc vi\u00ean s\u1ebd nh\u1eadn \u0111\u01b0\u1ee3c email phi\u00ean b\u1ea3n k\u1ebf ho\u1ea1ch c\u00e1 nh\u00e2n h\u00f3a cu\u1ed1i c\u00f9ng t\u1eeb Qu\u1ea3n l\u00fd h\u1ecdc thu\u1eadt.<\/li><\/ol>\t\t\t\t\t<\/div>\n\t\t\t\t\t\t<\/div>\n\t\t\t\t<\/div>\n\t\t\t\t<div class=\"elementor-element elementor-element-7f4f349 elementor-widget elementor-widget-text-editor\" data-id=\"7f4f349\" data-element_type=\"widget\" data-widget_type=\"text-editor.default\">\n\t\t\t\t<div class=\"elementor-widget-container\">\n\t\t\t\t\t\t\t\t<div class=\"elementor-text-editor elementor-clearfix\">\n\t\t\t\t\t<p><strong>L\u01b0u \u00fd:<\/strong> C\u00e1c kho\u1ea3ng th\u1eddi gian n\u00eau trong quy tr\u00ecnh l\u00e0 th\u1eddi gian t\u1ed1i \u0111a cho ph\u00e9p, th\u1ef1c t\u1ebf s\u1ebd di\u1ec5n ra nhanh h\u01a1n. B\u01b0\u1edbc 7 c\u1ee7a quy tr\u00ecnh c\u1ea7n \u0111\u01b0\u1ee3c ho\u00e0n th\u00e0nh tr\u01b0\u1edbc ng\u00e0y khai gi\u1ea3ng t\u1ed1i thi\u1ec3u 1 ng\u00e0y.<\/p>\t\t\t\t\t<\/div>\n\t\t\t\t\t\t<\/div>\n\t\t\t\t<\/div>\n\t\t\t\t\t\t<\/div>\n\t\t\t\t\t<\/div>\n\t\t<\/div>\n\t\t\t\t\t\t\t\t<\/div>\n\t\t\t\t\t<\/div>\n\t\t<\/section>\n\t\t\t\t<section class=\"has_ae_slider elementor-section elementor-top-section elementor-element elementor-element-564d611 elementor-section-boxed elementor-section-height-default elementor-section-height-default ae-bg-gallery-type-default\" data-id=\"564d611\" data-element_type=\"section\">\n\t\t\t\t\t\t<div class=\"elementor-container elementor-column-gap-default\">\n\t\t\t\t\t\t\t<div class=\"elementor-row\">\n\t\t\t\t\t<div class=\"has_ae_slider elementor-column elementor-col-100 elementor-top-column elementor-element elementor-element-4f15d16 ae-bg-gallery-type-default\" data-id=\"4f15d16\" data-element_type=\"column\">\n\t\t\t<div class=\"elementor-column-wrap elementor-element-populated\">\n\t\t\t\t\t\t\t<div class=\"elementor-widget-wrap\">\n\t\t\t\t\t\t<div class=\"elementor-element elementor-element-049e80d elementor-widget elementor-widget-spacer\" data-id=\"049e80d\" data-element_type=\"widget\" data-widget_type=\"spacer.default\">\n\t\t\t\t<div class=\"elementor-widget-container\">\n\t\t\t\t\t<div class=\"elementor-spacer\">\n\t\t\t<div class=\"elementor-spacer-inner\"><\/div>\n\t\t<\/div>\n\t\t\t\t<\/div>\n\t\t\t\t<\/div>\n\t\t\t\t\t\t<\/div>\n\t\t\t\t\t<\/div>\n\t\t<\/div>\n\t\t\t\t\t\t\t\t<\/div>\n\t\t\t\t\t<\/div>\n\t\t<\/section>\n\t\t\t\t\t\t<\/div>\n\t\t\t\t\t\t<\/div>\n\t\t\t\t\t<\/div>","protected":false},"excerpt":{"rendered":"<p>Quy tr\u00ecnh \u0111\u0103ng k\u00fd h\u1ecdc t\u1ea1i youre H\u1ecdc vi\u00ean \u0111i\u1ec1n \u0111\u01a1n \u0111\u0103ng k\u00fd tr\u00ean trang https:\/\/youre.vn\/ Trong v\u00f2ng 01 ng\u00e0y l\u00e0m vi\u1ec7c t\u1eeb l\u00fac nh\u1eadn \u0111\u01a1n, h\u1ecdc vi\u00ean s\u1ebd \u0111\u01b0\u1ee3c Qu\u1ea3n l\u00fd h\u1ecdc thu\u1eadt c\u1ee7a YOURE g\u1ecdi \u0111i\u1ec7n, h\u1eb9n ph\u1ecfng v\u1ea5n. Trong v\u00f2ng 02 ng\u00e0y l\u00e0m vi\u1ec7c sau khi n\u00f3i chuy\u1ec7n ph\u1ecfng v\u1ea5n v\u1edbi Qu\u1ea3n&hellip;&nbsp;<a href=\"https:\/\/youre.org.vn\/en\/quy-trinh-dang-ky-hoc\/\" class=\"\" rel=\"bookmark\">Read More &raquo;<span class=\"screen-reader-text\">Quy Tr\u00ecnh \u0110\u0103ng K\u00fd H\u1ecdc<\/span><\/a><\/p>","protected":false},"author":5,"featured_media":21266,"parent":0,"menu_order":0,"comment_status":"closed","ping_status":"closed","template":"page-templates\/template-pagebuilder-full-width.php","meta":{"neve_meta_sidebar":"full-width","neve_meta_container":"","neve_meta_enable_content_width":"on","neve_meta_content_width":100,"neve_meta_title_alignment":"","neve_meta_author_avatar":"","neve_post_elements_order":"","neve_meta_disable_header":"","neve_meta_disable_footer":"","neve_meta_disable_title":""},"yoast_head":"<!-- This site is optimized with the Yoast SEO plugin v17.5 - https:\/\/yoast.com\/wordpress\/plugins\/seo\/ -->\n<title>Quy Tr\u00ecnh \u0110\u0103ng K\u00fd H\u1ecdc - T\u1ed5 ch\u1ee9c X\u00e3 H\u1ed9i Gi\u00e1o D\u1ee5c &amp; \u0110\u00e0o T\u1ea1o YOUREORG<\/title>\n<meta name=\"description\" content=\"Quy tr\u00ecnh \u0111\u0103ng k\u00fd nh\u1eadn t\u01b0 v\u1ea5n v\u00e0 \u0111\u0103ng k\u00fd kh\u00f3a h\u1ecdc t\u1ea1i YOURE.\" \/>\n<meta name=\"robots\" content=\"index, follow, max-snippet:-1, max-image-preview:large, max-video-preview:-1\" \/>\n<link rel=\"canonical\" href=\"https:\/\/youre.vn\/quy-trinh-dang-ky-hoc\/\" \/>\n<meta property=\"og:locale\" content=\"en_US\" \/>\n<meta property=\"og:type\" content=\"article\" \/>\n<meta property=\"og:title\" content=\"Quy Tr\u00ecnh \u0110\u0103ng K\u00fd H\u1ecdc - T\u1ed5 ch\u1ee9c X\u00e3 H\u1ed9i Gi\u00e1o D\u1ee5c &amp; \u0110\u00e0o T\u1ea1o YOUREORG\" \/>\n<meta property=\"og:description\" content=\"Quy tr\u00ecnh \u0111\u0103ng k\u00fd nh\u1eadn t\u01b0 v\u1ea5n v\u00e0 \u0111\u0103ng k\u00fd kh\u00f3a h\u1ecdc t\u1ea1i YOURE.\" \/>\n<meta property=\"og:url\" content=\"https:\/\/youre.vn\/quy-trinh-dang-ky-hoc\/\" \/>\n<meta property=\"og:site_name\" content=\"T\u1ed5 ch\u1ee9c X\u00e3 H\u1ed9i Gi\u00e1o D\u1ee5c &amp; \u0110\u00e0o T\u1ea1o YOUREORG\" \/>\n<meta property=\"article:publisher\" content=\"https:\/\/www.facebook.com\/youre.organization\" \/>\n<meta property=\"article:modified_time\" content=\"2021-06-14T08:48:33+00:00\" \/>\n<meta property=\"og:image\" content=\"https:\/\/youre.vn\/wp-content\/uploads\/2021\/06\/Quy-trinh-tuyen-sinh.jpg\" \/>\n\t<meta property=\"og:image:width\" content=\"1600\" \/>\n\t<meta property=\"og:image:height\" content=\"1067\" \/>\n<meta name=\"twitter:card\" content=\"summary_large_image\" \/>\n<meta name=\"twitter:label1\" content=\"Est. reading time\" \/>\n\t<meta name=\"twitter:data1\" content=\"2 minutes\" \/>\n<script type=\"application\/ld+json\" class=\"yoast-schema-graph\">{\"@context\":\"https:\/\/schema.org\",\"@graph\":[{\"@type\":\"Organization\",\"@id\":\"https:\/\/youre.org.vn\/#organization\",\"name\":\"Doanh Nghi\\u1ec7p X\\u00e3 H\\u1ed9i YourE\",\"url\":\"https:\/\/youre.org.vn\/\",\"sameAs\":[\"https:\/\/www.facebook.com\/youre.organization\",\"https:\/\/www.instagram.com\/youre.organization\/\",\"https:\/\/www.linkedin.com\/company\/youre-education-training-centre\",\"https:\/\/www.youtube.com\/channel\/UCjFcDKSF56thpv5sQKXWyEg\"],\"logo\":{\"@type\":\"ImageObject\",\"@id\":\"https:\/\/youre.org.vn\/#logo\",\"inLanguage\":\"en-US\",\"url\":\"https:\/\/doanhnghiepxahoiyoure.org.vn\/wp-content\/uploads\/2023\/03\/Website.png\",\"contentUrl\":\"https:\/\/doanhnghiepxahoiyoure.org.vn\/wp-content\/uploads\/2023\/03\/Website.png\",\"width\":1248,\"height\":672,\"caption\":\"Doanh Nghi\\u1ec7p X\\u00e3 H\\u1ed9i YourE\"},\"image\":{\"@id\":\"https:\/\/youre.org.vn\/#logo\"}},{\"@type\":\"WebSite\",\"@id\":\"https:\/\/youre.org.vn\/#website\",\"url\":\"https:\/\/youre.org.vn\/\",\"name\":\"T\\u1ed5 ch\\u1ee9c X\\u00e3 H\\u1ed9i Gi\\u00e1o D\\u1ee5c &amp; \\u0110\\u00e0o T\\u1ea1o YOUREORG\",\"description\":\"\",\"publisher\":{\"@id\":\"https:\/\/youre.org.vn\/#organization\"},\"potentialAction\":[{\"@type\":\"SearchAction\",\"target\":{\"@type\":\"EntryPoint\",\"urlTemplate\":\"https:\/\/youre.org.vn\/?s={search_term_string}\"},\"query-input\":\"required name=search_term_string\"}],\"inLanguage\":\"en-US\"},{\"@type\":\"ImageObject\",\"@id\":\"https:\/\/youre.vn\/quy-trinh-dang-ky-hoc\/#primaryimage\",\"inLanguage\":\"en-US\",\"url\":\"https:\/\/youre.org.vn\/wp-content\/uploads\/2021\/06\/Quy-trinh-tuyen-sinh.jpg\",\"contentUrl\":\"https:\/\/youre.org.vn\/wp-content\/uploads\/2021\/06\/Quy-trinh-tuyen-sinh.jpg\",\"width\":1600,\"height\":1067,\"caption\":\"Quy Tr\\u00ecnh Tuy\\u1ec3n Sinh\"},{\"@type\":\"WebPage\",\"@id\":\"https:\/\/youre.vn\/quy-trinh-dang-ky-hoc\/#webpage\",\"url\":\"https:\/\/youre.vn\/quy-trinh-dang-ky-hoc\/\",\"name\":\"Quy Tr\\u00ecnh \\u0110\\u0103ng K\\u00fd H\\u1ecdc - T\\u1ed5 ch\\u1ee9c X\\u00e3 H\\u1ed9i Gi\\u00e1o D\\u1ee5c &amp; \\u0110\\u00e0o T\\u1ea1o YOUREORG\",\"isPartOf\":{\"@id\":\"https:\/\/youre.org.vn\/#website\"},\"primaryImageOfPage\":{\"@id\":\"https:\/\/youre.vn\/quy-trinh-dang-ky-hoc\/#primaryimage\"},\"datePublished\":\"2021-06-09T03:11:12+00:00\",\"dateModified\":\"2021-06-14T08:48:33+00:00\",\"description\":\"Quy tr\\u00ecnh \\u0111\\u0103ng k\\u00fd nh\\u1eadn t\\u01b0 v\\u1ea5n v\\u00e0 \\u0111\\u0103ng k\\u00fd kh\\u00f3a h\\u1ecdc t\\u1ea1i YOURE.\",\"breadcrumb\":{\"@id\":\"https:\/\/youre.vn\/quy-trinh-dang-ky-hoc\/#breadcrumb\"},\"inLanguage\":\"en-US\",\"potentialAction\":[{\"@type\":\"ReadAction\",\"target\":[\"https:\/\/youre.vn\/quy-trinh-dang-ky-hoc\/\"]}]},{\"@type\":\"BreadcrumbList\",\"@id\":\"https:\/\/youre.vn\/quy-trinh-dang-ky-hoc\/#breadcrumb\",\"itemListElement\":[{\"@type\":\"ListItem\",\"position\":1,\"name\":\"Home\",\"item\":\"https:\/\/youre.org.vn\/\"},{\"@type\":\"ListItem\",\"position\":2,\"name\":\"Quy Tr\\u00ecnh \\u0110\\u0103ng K\\u00fd H\\u1ecdc\"}]}]}<\/script>\n<!-- \/ Yoast SEO plugin. -->","yoast_head_json":{"title":"Quy Tr\u00ecnh \u0110\u0103ng K\u00fd H\u1ecdc - T\u1ed5 ch\u1ee9c X\u00e3 H\u1ed9i Gi\u00e1o D\u1ee5c &amp; \u0110\u00e0o T\u1ea1o YOUREORG","description":"Quy tr\u00ecnh \u0111\u0103ng k\u00fd nh\u1eadn t\u01b0 v\u1ea5n v\u00e0 \u0111\u0103ng k\u00fd kh\u00f3a h\u1ecdc t\u1ea1i YOURE.","robots":{"index":"index","follow":"follow","max-snippet":"max-snippet:-1","max-image-preview":"max-image-preview:large","max-video-preview":"max-video-preview:-1"},"canonical":"https:\/\/youre.vn\/quy-trinh-dang-ky-hoc\/","og_locale":"en_US","og_type":"article","og_title":"Quy Tr\u00ecnh \u0110\u0103ng K\u00fd H\u1ecdc - T\u1ed5 ch\u1ee9c X\u00e3 H\u1ed9i Gi\u00e1o D\u1ee5c &amp; \u0110\u00e0o T\u1ea1o YOUREORG","og_description":"Quy tr\u00ecnh \u0111\u0103ng k\u00fd nh\u1eadn t\u01b0 v\u1ea5n v\u00e0 \u0111\u0103ng k\u00fd kh\u00f3a h\u1ecdc t\u1ea1i YOURE.","og_url":"https:\/\/youre.vn\/quy-trinh-dang-ky-hoc\/","og_site_name":"T\u1ed5 ch\u1ee9c X\u00e3 H\u1ed9i Gi\u00e1o D\u1ee5c &amp; \u0110\u00e0o T\u1ea1o YOUREORG","article_publisher":"https:\/\/www.facebook.com\/youre.organization","article_modified_time":"2021-06-14T08:48:33+00:00","og_image":[{"width":1600,"height":1067,"url":"https:\/\/youre.vn\/wp-content\/uploads\/2021\/06\/Quy-trinh-tuyen-sinh.jpg","type":"image\/jpeg"}],"twitter_card":"summary_large_image","twitter_misc":{"Est. reading time":"2 minutes"},"schema":{"@context":"https:\/\/schema.org","@graph":[{"@type":"Organization","@id":"https:\/\/youre.org.vn\/#organization","name":"Doanh Nghi\u1ec7p X\u00e3 H\u1ed9i YourE","url":"https:\/\/youre.org.vn\/","sameAs":["https:\/\/www.facebook.com\/youre.organization","https:\/\/www.instagram.com\/youre.organization\/","https:\/\/www.linkedin.com\/company\/youre-education-training-centre","https:\/\/www.youtube.com\/channel\/UCjFcDKSF56thpv5sQKXWyEg"],"logo":{"@type":"ImageObject","@id":"https:\/\/youre.org.vn\/#logo","inLanguage":"en-US","url":"https:\/\/doanhnghiepxahoiyoure.org.vn\/wp-content\/uploads\/2023\/03\/Website.png","contentUrl":"https:\/\/doanhnghiepxahoiyoure.org.vn\/wp-content\/uploads\/2023\/03\/Website.png","width":1248,"height":672,"caption":"Doanh Nghi\u1ec7p X\u00e3 H\u1ed9i YourE"},"image":{"@id":"https:\/\/youre.org.vn\/#logo"}},{"@type":"WebSite","@id":"https:\/\/youre.org.vn\/#website","url":"https:\/\/youre.org.vn\/","name":"T\u1ed5 ch\u1ee9c X\u00e3 H\u1ed9i Gi\u00e1o D\u1ee5c &amp; \u0110\u00e0o T\u1ea1o YOUREORG","description":"","publisher":{"@id":"https:\/\/youre.org.vn\/#organization"},"potentialAction":[{"@type":"SearchAction","target":{"@type":"EntryPoint","urlTemplate":"https:\/\/youre.org.vn\/?s={search_term_string}"},"query-input":"required name=search_term_string"}],"inLanguage":"en-US"},{"@type":"ImageObject","@id":"https:\/\/youre.vn\/quy-trinh-dang-ky-hoc\/#primaryimage","inLanguage":"en-US","url":"https:\/\/youre.org.vn\/wp-content\/uploads\/2021\/06\/Quy-trinh-tuyen-sinh.jpg","contentUrl":"https:\/\/youre.org.vn\/wp-content\/uploads\/2021\/06\/Quy-trinh-tuyen-sinh.jpg","width":1600,"height":1067,"caption":"Quy Tr\u00ecnh Tuy\u1ec3n Sinh"},{"@type":"WebPage","@id":"https:\/\/youre.vn\/quy-trinh-dang-ky-hoc\/#webpage","url":"https:\/\/youre.vn\/quy-trinh-dang-ky-hoc\/","name":"Quy Tr\u00ecnh \u0110\u0103ng K\u00fd H\u1ecdc - T\u1ed5 ch\u1ee9c X\u00e3 H\u1ed9i Gi\u00e1o D\u1ee5c &amp; \u0110\u00e0o T\u1ea1o YOUREORG","isPartOf":{"@id":"https:\/\/youre.org.vn\/#website"},"primaryImageOfPage":{"@id":"https:\/\/youre.vn\/quy-trinh-dang-ky-hoc\/#primaryimage"},"datePublished":"2021-06-09T03:11:12+00:00","dateModified":"2021-06-14T08:48:33+00:00","description":"Quy tr\u00ecnh \u0111\u0103ng k\u00fd nh\u1eadn t\u01b0 v\u1ea5n v\u00e0 \u0111\u0103ng k\u00fd kh\u00f3a h\u1ecdc t\u1ea1i YOURE.","breadcrumb":{"@id":"https:\/\/youre.vn\/quy-trinh-dang-ky-hoc\/#breadcrumb"},"inLanguage":"en-US","potentialAction":[{"@type":"ReadAction","target":["https:\/\/youre.vn\/quy-trinh-dang-ky-hoc\/"]}]},{"@type":"BreadcrumbList","@id":"https:\/\/youre.vn\/quy-trinh-dang-ky-hoc\/#breadcrumb","itemListElement":[{"@type":"ListItem","position":1,"name":"Home","item":"https:\/\/youre.org.vn\/"},{"@type":"ListItem","position":2,"name":"Quy Tr\u00ecnh \u0110\u0103ng K\u00fd H\u1ecdc"}]}]}},"_links":{"self":[{"href":"https:\/\/youre.org.vn\/en\/wp-json\/wp\/v2\/pages\/21252"}],"collection":[{"href":"https:\/\/youre.org.vn\/en\/wp-json\/wp\/v2\/pages"}],"about":[{"href":"https:\/\/youre.org.vn\/en\/wp-json\/wp\/v2\/types\/page"}],"author":[{"embeddable":true,"href":"https:\/\/youre.org.vn\/en\/wp-json\/wp\/v2\/users\/5"}],"replies":[{"embeddable":true,"href":"https:\/\/youre.org.vn\/en\/wp-json\/wp\/v2\/comments?post=21252"}],"version-history":[{"count":0,"href":"https:\/\/youre.org.vn\/en\/wp-json\/wp\/v2\/pages\/21252\/revisions"}],"wp:featuredmedia":[{"embeddable":true,"href":"https:\/\/youre.org.vn\/en\/wp-json\/wp\/v2\/media\/21266"}],"wp:attachment":[{"href":"https:\/\/youre.org.vn\/en\/wp-json\/wp\/v2\/media?parent=21252"}],"curies":[{"name":"wp","href":"https:\/\/api.w.org\/{rel}","templated":true}]}}