{"id":23084,"date":"2021-06-23T15:00:03","date_gmt":"2021-06-23T08:00:03","guid":{"rendered":"https:\/\/youre.vn\/?page_id=23084"},"modified":"2023-10-06T01:05:20","modified_gmt":"2023-10-05T18:05:20","slug":"hinh-anh","status":"publish","type":"page","link":"https:\/\/youre.org.vn\/en\/hinh-anh\/","title":{"rendered":"H\u00ecnh \u1ea2nh"},"content":{"rendered":"<div data-elementor-type=\"wp-page\" data-elementor-id=\"23084\" class=\"elementor elementor-23084\" data-elementor-settings=\"[]\">\n\t\t\t\t\t\t<div class=\"elementor-inner\">\n\t\t\t\t\t\t\t<div class=\"elementor-section-wrap\">\n\t\t\t\t\t\t\t<section class=\"has_ae_slider elementor-section elementor-top-section elementor-element elementor-element-2c51fac1 elementor-section-boxed elementor-section-height-default elementor-section-height-default ae-bg-gallery-type-default\" data-id=\"2c51fac1\" data-element_type=\"section\">\n\t\t\t\t\t\t<div class=\"elementor-container elementor-column-gap-default\">\n\t\t\t\t\t\t\t<div class=\"elementor-row\">\n\t\t\t\t\t<div class=\"has_ae_slider elementor-column elementor-col-100 elementor-top-column elementor-element elementor-element-4f6d6c01 ae-bg-gallery-type-default\" data-id=\"4f6d6c01\" data-element_type=\"column\">\n\t\t\t<div class=\"elementor-column-wrap elementor-element-populated\">\n\t\t\t\t\t\t\t<div class=\"elementor-widget-wrap\">\n\t\t\t\t\t\t<div class=\"elementor-element elementor-element-5d3b077c elementor-widget elementor-widget-spacer\" data-id=\"5d3b077c\" data-element_type=\"widget\" data-widget_type=\"spacer.default\">\n\t\t\t\t<div class=\"elementor-widget-container\">\n\t\t\t\t\t<div class=\"elementor-spacer\">\n\t\t\t<div class=\"elementor-spacer-inner\"><\/div>\n\t\t<\/div>\n\t\t\t\t<\/div>\n\t\t\t\t<\/div>\n\t\t\t\t<div class=\"elementor-element elementor-element-4935041c elementor-hidden-phone elementor-widget elementor-widget-heading\" data-id=\"4935041c\" data-element_type=\"widget\" data-widget_type=\"heading.default\">\n\t\t\t\t<div class=\"elementor-widget-container\">\n\t\t\t<h2 class=\"elementor-heading-title elementor-size-default\">H\u00ecnh \u1ea3nh DNXH Your-E<\/h2>\t\t<\/div>\n\t\t\t\t<\/div>\n\t\t\t\t<div class=\"elementor-element elementor-element-5d4299b elementor-hidden-desktop elementor-hidden-tablet elementor-widget elementor-widget-heading\" data-id=\"5d4299b\" data-element_type=\"widget\" data-widget_type=\"heading.default\">\n\t\t\t\t<div class=\"elementor-widget-container\">\n\t\t\t<h2 class=\"elementor-heading-title elementor-size-default\">H\u00ecnh \u1ea3nh DNXH Your-E<\/h2>\t\t<\/div>\n\t\t\t\t<\/div>\n\t\t\t\t\t\t<\/div>\n\t\t\t\t\t<\/div>\n\t\t<\/div>\n\t\t\t\t\t\t\t\t<\/div>\n\t\t\t\t\t<\/div>\n\t\t<\/section>\n\t\t\t\t<section class=\"has_ae_slider elementor-section elementor-top-section elementor-element elementor-element-23bc2106 elementor-section-boxed elementor-section-height-default elementor-section-height-default ae-bg-gallery-type-default\" data-id=\"23bc2106\" data-element_type=\"section\">\n\t\t\t\t\t\t<div class=\"elementor-container elementor-column-gap-default\">\n\t\t\t\t\t\t\t<div class=\"elementor-row\">\n\t\t\t\t\t<div class=\"has_ae_slider elementor-column elementor-col-100 elementor-top-column elementor-element elementor-element-349cab1c ae-bg-gallery-type-default\" data-id=\"349cab1c\" data-element_type=\"column\">\n\t\t\t<div class=\"elementor-column-wrap elementor-element-populated\">\n\t\t\t\t\t\t\t<div class=\"elementor-widget-wrap\">\n\t\t\t\t\t\t<section class=\"has_ae_slider elementor-section elementor-inner-section elementor-element elementor-element-16009a70 elementor-section-boxed elementor-section-height-default elementor-section-height-default ae-bg-gallery-type-default\" data-id=\"16009a70\" data-element_type=\"section\">\n\t\t\t\t\t\t<div class=\"elementor-container elementor-column-gap-default\">\n\t\t\t\t\t\t\t<div class=\"elementor-row\">\n\t\t\t\t\t<div class=\"has_ae_slider elementor-column elementor-col-20 elementor-inner-column elementor-element elementor-element-59da864 ae-bg-gallery-type-default\" data-id=\"59da864\" data-element_type=\"column\">\n\t\t\t<div class=\"elementor-column-wrap\">\n\t\t\t\t\t\t\t<div class=\"elementor-widget-wrap\">\n\t\t\t\t\t\t\t\t<\/div>\n\t\t\t\t\t<\/div>\n\t\t<\/div>\n\t\t\t\t<div class=\"has_ae_slider elementor-column elementor-col-20 elementor-inner-column elementor-element elementor-element-2d4b42f7 ae-bg-gallery-type-default\" data-id=\"2d4b42f7\" data-element_type=\"column\">\n\t\t\t<div class=\"elementor-column-wrap elementor-element-populated\">\n\t\t\t\t\t\t\t<div class=\"elementor-widget-wrap\">\n\t\t\t\t\t\t<div class=\"elementor-element elementor-element-4d6f656d elementor-widget elementor-widget-image\" data-id=\"4d6f656d\" data-element_type=\"widget\" data-widget_type=\"image.default\">\n\t\t\t\t<div class=\"elementor-widget-container\">\n\t\t\t\t\t\t\t\t<div class=\"elementor-image\">\n\t\t\t\t\t\t\t\t\t\t\t\t\t<a href=\"https:\/\/doanhnghiepxahoiyoure.org.vn\/co-so-vat-chat-hinh-anh\/\">\n\t\t\t\t\t\t\t<img width=\"930\" height=\"620\" src=\"https:\/\/youre.org.vn\/wp-content\/uploads\/2022\/01\/Hinh-anh-YOURE-31-930x620.jpg\" class=\"attachment-neve-blog size-neve-blog\" alt=\"H\u00ecnh \u1ea3nh YOURE 31\" loading=\"lazy\" srcset=\"https:\/\/youre.org.vn\/wp-content\/uploads\/2022\/01\/Hinh-anh-YOURE-31-930x620.jpg 930w, https:\/\/youre.org.vn\/wp-content\/uploads\/2022\/01\/Hinh-anh-YOURE-31-16x12.jpg 16w\" sizes=\"(max-width: 930px) 100vw, 930px\" \/>\t\t\t\t\t\t\t\t<\/a>\n\t\t\t\t\t\t\t\t\t\t\t\t\t\t<\/div>\n\t\t\t\t\t\t<\/div>\n\t\t\t\t<\/div>\n\t\t\t\t<div class=\"elementor-element elementor-element-580267b9 elementor-widget elementor-widget-heading\" data-id=\"580267b9\" data-element_type=\"widget\" data-widget_type=\"heading.default\">\n\t\t\t\t<div class=\"elementor-widget-container\">\n\t\t\t<h2 class=\"elementor-heading-title elementor-size-default\"><a href=\"https:\/\/doanhnghiepxahoiyoure.org.vn\/co-so-vat-chat-hinh-anh\/\">C\u01a1 S\u1edf V\u1eadt Ch\u1ea5t<\/a><\/h2>\t\t<\/div>\n\t\t\t\t<\/div>\n\t\t\t\t\t\t<\/div>\n\t\t\t\t\t<\/div>\n\t\t<\/div>\n\t\t\t\t<div class=\"has_ae_slider elementor-column elementor-col-20 elementor-inner-column elementor-element elementor-element-b9dff9b ae-bg-gallery-type-default\" data-id=\"b9dff9b\" data-element_type=\"column\">\n\t\t\t<div class=\"elementor-column-wrap\">\n\t\t\t\t\t\t\t<div class=\"elementor-widget-wrap\">\n\t\t\t\t\t\t\t\t<\/div>\n\t\t\t\t\t<\/div>\n\t\t<\/div>\n\t\t\t\t<div class=\"has_ae_slider elementor-column elementor-col-20 elementor-inner-column elementor-element elementor-element-a154afd elementor-hidden-desktop elementor-hidden-tablet elementor-hidden-phone ae-bg-gallery-type-default\" data-id=\"a154afd\" data-element_type=\"column\">\n\t\t\t<div class=\"elementor-column-wrap elementor-element-populated\">\n\t\t\t\t\t\t\t<div class=\"elementor-widget-wrap\">\n\t\t\t\t\t\t<div class=\"elementor-element elementor-element-fdf34c4 elementor-widget elementor-widget-image\" data-id=\"fdf34c4\" data-element_type=\"widget\" data-widget_type=\"image.default\">\n\t\t\t\t<div class=\"elementor-widget-container\">\n\t\t\t\t\t\t\t\t<div class=\"elementor-image\">\n\t\t\t\t\t\t\t\t\t\t\t\t\t<a href=\"https:\/\/doanhnghiepxahoiyoure.org.vn\/hinh-anh-hoc-vien\/\">\n\t\t\t\t\t\t\t<img width=\"930\" height=\"620\" src=\"https:\/\/youre.org.vn\/wp-content\/uploads\/2022\/05\/Hinh-anh-hooc-vien-27-930x620.jpg\" class=\"attachment-neve-blog size-neve-blog\" alt=\"H\u00ecnh \u1ea3nh h\u1ecdc vi\u00ean YOURE H\u00ecnh \u1ea3nh YOURE\" loading=\"lazy\" srcset=\"https:\/\/youre.org.vn\/wp-content\/uploads\/2022\/05\/Hinh-anh-hooc-vien-27-930x620.jpg 930w, https:\/\/youre.org.vn\/wp-content\/uploads\/2022\/05\/Hinh-anh-hooc-vien-27-16x12.jpg 16w\" sizes=\"(max-width: 930px) 100vw, 930px\" \/>\t\t\t\t\t\t\t\t<\/a>\n\t\t\t\t\t\t\t\t\t\t\t\t\t\t<\/div>\n\t\t\t\t\t\t<\/div>\n\t\t\t\t<\/div>\n\t\t\t\t<div class=\"elementor-element elementor-element-cb40432 elementor-widget elementor-widget-heading\" data-id=\"cb40432\" data-element_type=\"widget\" data-widget_type=\"heading.default\">\n\t\t\t\t<div class=\"elementor-widget-container\">\n\t\t\t<h2 class=\"elementor-heading-title elementor-size-default\"><a href=\"https:\/\/doanhnghiepxahoiyoure.org.vn\/hinh-anh-hoc-vien\/\">H\u1ecdc Vi\u00ean<\/a><\/h2>\t\t<\/div>\n\t\t\t\t<\/div>\n\t\t\t\t\t\t<\/div>\n\t\t\t\t\t<\/div>\n\t\t<\/div>\n\t\t\t\t<div class=\"has_ae_slider elementor-column elementor-col-20 elementor-inner-column elementor-element elementor-element-4617bcd ae-bg-gallery-type-default\" data-id=\"4617bcd\" data-element_type=\"column\">\n\t\t\t<div class=\"elementor-column-wrap\">\n\t\t\t\t\t\t\t<div class=\"elementor-widget-wrap\">\n\t\t\t\t\t\t\t\t<\/div>\n\t\t\t\t\t<\/div>\n\t\t<\/div>\n\t\t\t\t\t\t\t\t<\/div>\n\t\t\t\t\t<\/div>\n\t\t<\/section>\n\t\t\t\t<section class=\"has_ae_slider elementor-section elementor-inner-section elementor-element elementor-element-3d6157e elementor-hidden-desktop elementor-hidden-tablet elementor-hidden-phone elementor-section-boxed elementor-section-height-default elementor-section-height-default ae-bg-gallery-type-default\" data-id=\"3d6157e\" data-element_type=\"section\">\n\t\t\t\t\t\t<div class=\"elementor-container elementor-column-gap-default\">\n\t\t\t\t\t\t\t<div class=\"elementor-row\">\n\t\t\t\t\t<div class=\"has_ae_slider elementor-column elementor-col-20 elementor-inner-column elementor-element elementor-element-52b7805 ae-bg-gallery-type-default\" data-id=\"52b7805\" data-element_type=\"column\">\n\t\t\t<div class=\"elementor-column-wrap\">\n\t\t\t\t\t\t\t<div class=\"elementor-widget-wrap\">\n\t\t\t\t\t\t\t\t<\/div>\n\t\t\t\t\t<\/div>\n\t\t<\/div>\n\t\t\t\t<div class=\"has_ae_slider elementor-column elementor-col-20 elementor-inner-column elementor-element elementor-element-9f9674f ae-bg-gallery-type-default\" data-id=\"9f9674f\" data-element_type=\"column\">\n\t\t\t<div class=\"elementor-column-wrap elementor-element-populated\">\n\t\t\t\t\t\t\t<div class=\"elementor-widget-wrap\">\n\t\t\t\t\t\t<div class=\"elementor-element elementor-element-266ae3ba elementor-widget elementor-widget-image\" data-id=\"266ae3ba\" data-element_type=\"widget\" data-widget_type=\"image.default\">\n\t\t\t\t<div class=\"elementor-widget-container\">\n\t\t\t\t\t\t\t\t<div class=\"elementor-image\">\n\t\t\t\t\t\t\t\t\t\t\t\t\t<a href=\"https:\/\/doanhnghiepxahoiyoure.org.vn\/su-kien-youre-hinh-anh\/\">\n\t\t\t\t\t\t\t<img width=\"930\" height=\"620\" src=\"https:\/\/youre.org.vn\/wp-content\/uploads\/2021\/04\/YOURE-TALK-930x620.jpg\" class=\"attachment-neve-blog size-neve-blog\" alt=\"YOURE Tuy\u1ec3n d\u1ee5ng nh\u00e2n s\u1ef1\" loading=\"lazy\" srcset=\"https:\/\/youre.org.vn\/wp-content\/uploads\/2021\/04\/YOURE-TALK-930x620.jpg 930w, https:\/\/youre.org.vn\/wp-content\/uploads\/2021\/04\/YOURE-TALK-16x12.jpg 16w\" sizes=\"(max-width: 930px) 100vw, 930px\" \/>\t\t\t\t\t\t\t\t<\/a>\n\t\t\t\t\t\t\t\t\t\t\t\t\t\t<\/div>\n\t\t\t\t\t\t<\/div>\n\t\t\t\t<\/div>\n\t\t\t\t<div class=\"elementor-element elementor-element-280a9324 elementor-widget elementor-widget-heading\" data-id=\"280a9324\" data-element_type=\"widget\" data-widget_type=\"heading.default\">\n\t\t\t\t<div class=\"elementor-widget-container\">\n\t\t\t<h2 class=\"elementor-heading-title elementor-size-default\"><a href=\"https:\/\/doanhnghiepxahoiyoure.org.vn\/su-kien-youre-hinh-anh\/\">S\u1ef1 Ki\u1ec7n<\/a><\/h2>\t\t<\/div>\n\t\t\t\t<\/div>\n\t\t\t\t\t\t<\/div>\n\t\t\t\t\t<\/div>\n\t\t<\/div>\n\t\t\t\t<div class=\"has_ae_slider elementor-column elementor-col-20 elementor-inner-column elementor-element elementor-element-4877ff1 ae-bg-gallery-type-default\" data-id=\"4877ff1\" data-element_type=\"column\">\n\t\t\t<div class=\"elementor-column-wrap\">\n\t\t\t\t\t\t\t<div class=\"elementor-widget-wrap\">\n\t\t\t\t\t\t\t\t<\/div>\n\t\t\t\t\t<\/div>\n\t\t<\/div>\n\t\t\t\t<div class=\"has_ae_slider elementor-column elementor-col-20 elementor-inner-column elementor-element elementor-element-68d5294 ae-bg-gallery-type-default\" data-id=\"68d5294\" data-element_type=\"column\">\n\t\t\t<div class=\"elementor-column-wrap elementor-element-populated\">\n\t\t\t\t\t\t\t<div class=\"elementor-widget-wrap\">\n\t\t\t\t\t\t<div class=\"elementor-element elementor-element-238afae elementor-widget elementor-widget-image\" data-id=\"238afae\" data-element_type=\"widget\" data-widget_type=\"image.default\">\n\t\t\t\t<div class=\"elementor-widget-container\">\n\t\t\t\t\t\t\t\t<div class=\"elementor-image\">\n\t\t\t\t\t\t\t\t\t\t\t\t\t<a href=\"https:\/\/doanhnghiepxahoiyoure.org.vn\/hanh-trinh-giao-duc-cua-thay-giao-le-hoang-phong\">\n\t\t\t\t\t\t\t<img width=\"930\" height=\"620\" src=\"https:\/\/youre.org.vn\/wp-content\/uploads\/2022\/05\/Hanh-trinh-giao-duc-YOURE-02-930x620.jpg\" class=\"attachment-neve-blog size-neve-blog\" alt=\"Hanh trinh giao duc YOURE 02\" loading=\"lazy\" srcset=\"https:\/\/youre.org.vn\/wp-content\/uploads\/2022\/05\/Hanh-trinh-giao-duc-YOURE-02-930x620.jpg 930w, https:\/\/youre.org.vn\/wp-content\/uploads\/2022\/05\/Hanh-trinh-giao-duc-YOURE-02-16x12.jpg 16w\" sizes=\"(max-width: 930px) 100vw, 930px\" \/>\t\t\t\t\t\t\t\t<\/a>\n\t\t\t\t\t\t\t\t\t\t\t\t\t\t<\/div>\n\t\t\t\t\t\t<\/div>\n\t\t\t\t<\/div>\n\t\t\t\t<div class=\"elementor-element elementor-element-3a9b44e elementor-widget elementor-widget-heading\" data-id=\"3a9b44e\" data-element_type=\"widget\" data-widget_type=\"heading.default\">\n\t\t\t\t<div class=\"elementor-widget-container\">\n\t\t\t<h2 class=\"elementor-heading-title elementor-size-default\"><a href=\"https:\/\/doanhnghiepxahoiyoure.org.vn\/hanh-trinh-giao-duc-cua-thay-giao-le-hoang-phong\">H\u00e0nh Tr\u00ecnh Gi\u00e1o D\u1ee5c<\/a><\/h2>\t\t<\/div>\n\t\t\t\t<\/div>\n\t\t\t\t\t\t<\/div>\n\t\t\t\t\t<\/div>\n\t\t<\/div>\n\t\t\t\t<div class=\"has_ae_slider elementor-column elementor-col-20 elementor-inner-column elementor-element elementor-element-1a3d7fe ae-bg-gallery-type-default\" data-id=\"1a3d7fe\" data-element_type=\"column\">\n\t\t\t<div class=\"elementor-column-wrap\">\n\t\t\t\t\t\t\t<div class=\"elementor-widget-wrap\">\n\t\t\t\t\t\t\t\t<\/div>\n\t\t\t\t\t<\/div>\n\t\t<\/div>\n\t\t\t\t\t\t\t\t<\/div>\n\t\t\t\t\t<\/div>\n\t\t<\/section>\n\t\t\t\t<div class=\"elementor-element elementor-element-4f57c66b elementor-hidden-phone elementor-widget elementor-widget-spacer\" data-id=\"4f57c66b\" data-element_type=\"widget\" data-widget_type=\"spacer.default\">\n\t\t\t\t<div class=\"elementor-widget-container\">\n\t\t\t\t\t<div class=\"elementor-spacer\">\n\t\t\t<div class=\"elementor-spacer-inner\"><\/div>\n\t\t<\/div>\n\t\t\t\t<\/div>\n\t\t\t\t<\/div>\n\t\t\t\t\t\t<\/div>\n\t\t\t\t\t<\/div>\n\t\t<\/div>\n\t\t\t\t\t\t\t\t<\/div>\n\t\t\t\t\t<\/div>\n\t\t<\/section>\n\t\t\t\t\t\t<\/div>\n\t\t\t\t\t\t<\/div>\n\t\t\t\t\t<\/div>","protected":false},"excerpt":{"rendered":"<p>H\u00ecnh \u1ea3nh DNXH Your-E H\u00ecnh \u1ea3nh DNXH Your-E C\u01a1 S\u1edf V\u1eadt Ch\u1ea5t H\u1ecdc Vi\u00ean S\u1ef1 Ki\u1ec7n H\u00e0nh Tr\u00ecnh Gi\u00e1o D\u1ee5c<\/p>","protected":false},"author":5,"featured_media":29385,"parent":0,"menu_order":0,"comment_status":"closed","ping_status":"closed","template":"elementor_header_footer","meta":{"neve_meta_sidebar":"full-width","neve_meta_container":"","neve_meta_enable_content_width":"on","neve_meta_content_width":100,"neve_meta_title_alignment":"","neve_meta_author_avatar":"","neve_post_elements_order":"","neve_meta_disable_header":"","neve_meta_disable_footer":"","neve_meta_disable_title":""},"yoast_head":"<!-- This site is optimized with the Yoast SEO plugin v17.5 - https:\/\/yoast.com\/wordpress\/plugins\/seo\/ -->\n<title>H\u00ecnh \u1ea2nh - T\u1ed5 ch\u1ee9c X\u00e3 H\u1ed9i Gi\u00e1o D\u1ee5c &amp; \u0110\u00e0o T\u1ea1o YOUREORG<\/title>\n<meta name=\"description\" content=\"M\u1ed9t s\u1ed1 h\u00ecnh \u1ea3nh v\u1ec1 khung c\u1ea3nh v\u00e0 c\u01a1 s\u1edf v\u1eadt ch\u1ea5t t\u1ea1i trung t\u00e2m YOURE, t\u1eeb ph\u00f2ng h\u1ecdc \u0111\u1ebfn c\u1ea7u thang v\u00e0 c\u00e1c g\u00f3c h\u00e0nh lang....\" \/>\n<meta name=\"robots\" content=\"index, follow, max-snippet:-1, max-image-preview:large, max-video-preview:-1\" \/>\n<link rel=\"canonical\" href=\"https:\/\/youre.vn\/hinh-anh\/\" \/>\n<meta property=\"og:locale\" content=\"en_US\" \/>\n<meta property=\"og:type\" content=\"article\" \/>\n<meta property=\"og:title\" content=\"H\u00ecnh \u1ea2nh - T\u1ed5 ch\u1ee9c X\u00e3 H\u1ed9i Gi\u00e1o D\u1ee5c &amp; \u0110\u00e0o T\u1ea1o YOUREORG\" \/>\n<meta property=\"og:description\" content=\"M\u1ed9t s\u1ed1 h\u00ecnh \u1ea3nh v\u1ec1 khung c\u1ea3nh v\u00e0 c\u01a1 s\u1edf v\u1eadt ch\u1ea5t t\u1ea1i trung t\u00e2m YOURE, t\u1eeb ph\u00f2ng h\u1ecdc \u0111\u1ebfn c\u1ea7u thang v\u00e0 c\u00e1c g\u00f3c h\u00e0nh lang....\" \/>\n<meta property=\"og:url\" content=\"https:\/\/youre.vn\/hinh-anh\/\" \/>\n<meta property=\"og:site_name\" content=\"T\u1ed5 ch\u1ee9c X\u00e3 H\u1ed9i Gi\u00e1o D\u1ee5c &amp; \u0110\u00e0o T\u1ea1o YOUREORG\" \/>\n<meta property=\"article:publisher\" content=\"https:\/\/www.facebook.com\/youre.organization\" \/>\n<meta property=\"article:modified_time\" content=\"2023-10-05T18:05:20+00:00\" \/>\n<meta property=\"og:image\" content=\"https:\/\/youre.org.vn\/wp-content\/uploads\/2022\/05\/Hinh-anh-hooc-vien-27.jpg\" \/>\n\t<meta property=\"og:image:width\" content=\"2560\" \/>\n\t<meta property=\"og:image:height\" content=\"1920\" \/>\n<meta name=\"twitter:card\" content=\"summary_large_image\" \/>\n<meta name=\"twitter:label1\" content=\"Est. reading time\" \/>\n\t<meta name=\"twitter:data1\" content=\"1 minute\" \/>\n<script type=\"application\/ld+json\" class=\"yoast-schema-graph\">{\"@context\":\"https:\/\/schema.org\",\"@graph\":[{\"@type\":\"Organization\",\"@id\":\"https:\/\/youre.org.vn\/#organization\",\"name\":\"Doanh Nghi\\u1ec7p X\\u00e3 H\\u1ed9i YourE\",\"url\":\"https:\/\/youre.org.vn\/\",\"sameAs\":[\"https:\/\/www.facebook.com\/youre.organization\",\"https:\/\/www.instagram.com\/youre.organization\/\",\"https:\/\/www.linkedin.com\/company\/youre-education-training-centre\",\"https:\/\/www.youtube.com\/channel\/UCjFcDKSF56thpv5sQKXWyEg\"],\"logo\":{\"@type\":\"ImageObject\",\"@id\":\"https:\/\/youre.org.vn\/#logo\",\"inLanguage\":\"en-US\",\"url\":\"https:\/\/doanhnghiepxahoiyoure.org.vn\/wp-content\/uploads\/2023\/03\/Website.png\",\"contentUrl\":\"https:\/\/doanhnghiepxahoiyoure.org.vn\/wp-content\/uploads\/2023\/03\/Website.png\",\"width\":1248,\"height\":672,\"caption\":\"Doanh Nghi\\u1ec7p X\\u00e3 H\\u1ed9i YourE\"},\"image\":{\"@id\":\"https:\/\/youre.org.vn\/#logo\"}},{\"@type\":\"WebSite\",\"@id\":\"https:\/\/youre.org.vn\/#website\",\"url\":\"https:\/\/youre.org.vn\/\",\"name\":\"T\\u1ed5 ch\\u1ee9c X\\u00e3 H\\u1ed9i Gi\\u00e1o D\\u1ee5c &amp; \\u0110\\u00e0o T\\u1ea1o YOUREORG\",\"description\":\"\",\"publisher\":{\"@id\":\"https:\/\/youre.org.vn\/#organization\"},\"potentialAction\":[{\"@type\":\"SearchAction\",\"target\":{\"@type\":\"EntryPoint\",\"urlTemplate\":\"https:\/\/youre.org.vn\/?s={search_term_string}\"},\"query-input\":\"required name=search_term_string\"}],\"inLanguage\":\"en-US\"},{\"@type\":\"ImageObject\",\"@id\":\"https:\/\/youre.vn\/hinh-anh\/#primaryimage\",\"inLanguage\":\"en-US\",\"url\":\"https:\/\/youre.org.vn\/wp-content\/uploads\/2022\/05\/Hinh-anh-hooc-vien-27.jpg\",\"contentUrl\":\"https:\/\/youre.org.vn\/wp-content\/uploads\/2022\/05\/Hinh-anh-hooc-vien-27.jpg\",\"width\":2560,\"height\":1920,\"caption\":\"H\\u00ecnh \\u1ea3nh h\\u1ecdc vi\\u00ean YOURE H\\u00ecnh \\u1ea3nh YOURE\"},{\"@type\":\"WebPage\",\"@id\":\"https:\/\/youre.vn\/hinh-anh\/#webpage\",\"url\":\"https:\/\/youre.vn\/hinh-anh\/\",\"name\":\"H\\u00ecnh \\u1ea2nh - T\\u1ed5 ch\\u1ee9c X\\u00e3 H\\u1ed9i Gi\\u00e1o D\\u1ee5c &amp; \\u0110\\u00e0o T\\u1ea1o YOUREORG\",\"isPartOf\":{\"@id\":\"https:\/\/youre.org.vn\/#website\"},\"primaryImageOfPage\":{\"@id\":\"https:\/\/youre.vn\/hinh-anh\/#primaryimage\"},\"datePublished\":\"2021-06-23T08:00:03+00:00\",\"dateModified\":\"2023-10-05T18:05:20+00:00\",\"description\":\"M\\u1ed9t s\\u1ed1 h\\u00ecnh \\u1ea3nh v\\u1ec1 khung c\\u1ea3nh v\\u00e0 c\\u01a1 s\\u1edf v\\u1eadt ch\\u1ea5t t\\u1ea1i trung t\\u00e2m YOURE, t\\u1eeb ph\\u00f2ng h\\u1ecdc \\u0111\\u1ebfn c\\u1ea7u thang v\\u00e0 c\\u00e1c g\\u00f3c h\\u00e0nh lang....\",\"breadcrumb\":{\"@id\":\"https:\/\/youre.vn\/hinh-anh\/#breadcrumb\"},\"inLanguage\":\"en-US\",\"potentialAction\":[{\"@type\":\"ReadAction\",\"target\":[\"https:\/\/youre.vn\/hinh-anh\/\"]}]},{\"@type\":\"BreadcrumbList\",\"@id\":\"https:\/\/youre.vn\/hinh-anh\/#breadcrumb\",\"itemListElement\":[{\"@type\":\"ListItem\",\"position\":1,\"name\":\"Home\",\"item\":\"https:\/\/youre.org.vn\/\"},{\"@type\":\"ListItem\",\"position\":2,\"name\":\"H\\u00ecnh \\u1ea2nh\"}]}]}<\/script>\n<!-- \/ Yoast SEO plugin. -->","yoast_head_json":{"title":"H\u00ecnh \u1ea2nh - T\u1ed5 ch\u1ee9c X\u00e3 H\u1ed9i Gi\u00e1o D\u1ee5c &amp; \u0110\u00e0o T\u1ea1o YOUREORG","description":"M\u1ed9t s\u1ed1 h\u00ecnh \u1ea3nh v\u1ec1 khung c\u1ea3nh v\u00e0 c\u01a1 s\u1edf v\u1eadt ch\u1ea5t t\u1ea1i trung t\u00e2m YOURE, t\u1eeb ph\u00f2ng h\u1ecdc \u0111\u1ebfn c\u1ea7u thang v\u00e0 c\u00e1c g\u00f3c h\u00e0nh lang....","robots":{"index":"index","follow":"follow","max-snippet":"max-snippet:-1","max-image-preview":"max-image-preview:large","max-video-preview":"max-video-preview:-1"},"canonical":"https:\/\/youre.vn\/hinh-anh\/","og_locale":"en_US","og_type":"article","og_title":"H\u00ecnh \u1ea2nh - T\u1ed5 ch\u1ee9c X\u00e3 H\u1ed9i Gi\u00e1o D\u1ee5c &amp; \u0110\u00e0o T\u1ea1o YOUREORG","og_description":"M\u1ed9t s\u1ed1 h\u00ecnh \u1ea3nh v\u1ec1 khung c\u1ea3nh v\u00e0 c\u01a1 s\u1edf v\u1eadt ch\u1ea5t t\u1ea1i trung t\u00e2m YOURE, t\u1eeb ph\u00f2ng h\u1ecdc \u0111\u1ebfn c\u1ea7u thang v\u00e0 c\u00e1c g\u00f3c h\u00e0nh lang....","og_url":"https:\/\/youre.vn\/hinh-anh\/","og_site_name":"T\u1ed5 ch\u1ee9c X\u00e3 H\u1ed9i Gi\u00e1o D\u1ee5c &amp; \u0110\u00e0o T\u1ea1o YOUREORG","article_publisher":"https:\/\/www.facebook.com\/youre.organization","article_modified_time":"2023-10-05T18:05:20+00:00","og_image":[{"width":2560,"height":1920,"url":"https:\/\/youre.org.vn\/wp-content\/uploads\/2022\/05\/Hinh-anh-hooc-vien-27.jpg","type":"image\/jpeg"}],"twitter_card":"summary_large_image","twitter_misc":{"Est. reading time":"1 minute"},"schema":{"@context":"https:\/\/schema.org","@graph":[{"@type":"Organization","@id":"https:\/\/youre.org.vn\/#organization","name":"Doanh Nghi\u1ec7p X\u00e3 H\u1ed9i YourE","url":"https:\/\/youre.org.vn\/","sameAs":["https:\/\/www.facebook.com\/youre.organization","https:\/\/www.instagram.com\/youre.organization\/","https:\/\/www.linkedin.com\/company\/youre-education-training-centre","https:\/\/www.youtube.com\/channel\/UCjFcDKSF56thpv5sQKXWyEg"],"logo":{"@type":"ImageObject","@id":"https:\/\/youre.org.vn\/#logo","inLanguage":"en-US","url":"https:\/\/doanhnghiepxahoiyoure.org.vn\/wp-content\/uploads\/2023\/03\/Website.png","contentUrl":"https:\/\/doanhnghiepxahoiyoure.org.vn\/wp-content\/uploads\/2023\/03\/Website.png","width":1248,"height":672,"caption":"Doanh Nghi\u1ec7p X\u00e3 H\u1ed9i YourE"},"image":{"@id":"https:\/\/youre.org.vn\/#logo"}},{"@type":"WebSite","@id":"https:\/\/youre.org.vn\/#website","url":"https:\/\/youre.org.vn\/","name":"T\u1ed5 ch\u1ee9c X\u00e3 H\u1ed9i Gi\u00e1o D\u1ee5c &amp; \u0110\u00e0o T\u1ea1o YOUREORG","description":"","publisher":{"@id":"https:\/\/youre.org.vn\/#organization"},"potentialAction":[{"@type":"SearchAction","target":{"@type":"EntryPoint","urlTemplate":"https:\/\/youre.org.vn\/?s={search_term_string}"},"query-input":"required name=search_term_string"}],"inLanguage":"en-US"},{"@type":"ImageObject","@id":"https:\/\/youre.vn\/hinh-anh\/#primaryimage","inLanguage":"en-US","url":"https:\/\/youre.org.vn\/wp-content\/uploads\/2022\/05\/Hinh-anh-hooc-vien-27.jpg","contentUrl":"https:\/\/youre.org.vn\/wp-content\/uploads\/2022\/05\/Hinh-anh-hooc-vien-27.jpg","width":2560,"height":1920,"caption":"H\u00ecnh \u1ea3nh h\u1ecdc vi\u00ean YOURE H\u00ecnh \u1ea3nh YOURE"},{"@type":"WebPage","@id":"https:\/\/youre.vn\/hinh-anh\/#webpage","url":"https:\/\/youre.vn\/hinh-anh\/","name":"H\u00ecnh \u1ea2nh - T\u1ed5 ch\u1ee9c X\u00e3 H\u1ed9i Gi\u00e1o D\u1ee5c &amp; \u0110\u00e0o T\u1ea1o YOUREORG","isPartOf":{"@id":"https:\/\/youre.org.vn\/#website"},"primaryImageOfPage":{"@id":"https:\/\/youre.vn\/hinh-anh\/#primaryimage"},"datePublished":"2021-06-23T08:00:03+00:00","dateModified":"2023-10-05T18:05:20+00:00","description":"M\u1ed9t s\u1ed1 h\u00ecnh \u1ea3nh v\u1ec1 khung c\u1ea3nh v\u00e0 c\u01a1 s\u1edf v\u1eadt ch\u1ea5t t\u1ea1i trung t\u00e2m YOURE, t\u1eeb ph\u00f2ng h\u1ecdc \u0111\u1ebfn c\u1ea7u thang v\u00e0 c\u00e1c g\u00f3c h\u00e0nh lang....","breadcrumb":{"@id":"https:\/\/youre.vn\/hinh-anh\/#breadcrumb"},"inLanguage":"en-US","potentialAction":[{"@type":"ReadAction","target":["https:\/\/youre.vn\/hinh-anh\/"]}]},{"@type":"BreadcrumbList","@id":"https:\/\/youre.vn\/hinh-anh\/#breadcrumb","itemListElement":[{"@type":"ListItem","position":1,"name":"Home","item":"https:\/\/youre.org.vn\/"},{"@type":"ListItem","position":2,"name":"H\u00ecnh \u1ea2nh"}]}]}},"_links":{"self":[{"href":"https:\/\/youre.org.vn\/en\/wp-json\/wp\/v2\/pages\/23084"}],"collection":[{"href":"https:\/\/youre.org.vn\/en\/wp-json\/wp\/v2\/pages"}],"about":[{"href":"https:\/\/youre.org.vn\/en\/wp-json\/wp\/v2\/types\/page"}],"author":[{"embeddable":true,"href":"https:\/\/youre.org.vn\/en\/wp-json\/wp\/v2\/users\/5"}],"replies":[{"embeddable":true,"href":"https:\/\/youre.org.vn\/en\/wp-json\/wp\/v2\/comments?post=23084"}],"version-history":[{"count":0,"href":"https:\/\/youre.org.vn\/en\/wp-json\/wp\/v2\/pages\/23084\/revisions"}],"wp:featuredmedia":[{"embeddable":true,"href":"https:\/\/youre.org.vn\/en\/wp-json\/wp\/v2\/media\/29385"}],"wp:attachment":[{"href":"https:\/\/youre.org.vn\/en\/wp-json\/wp\/v2\/media?parent=23084"}],"curies":[{"name":"wp","href":"https:\/\/api.w.org\/{rel}","templated":true}]}}