{"id":54661,"date":"2025-08-16T00:38:45","date_gmt":"2025-08-15T17:38:45","guid":{"rendered":"https:\/\/youre.org.vn\/?page_id=54661"},"modified":"2025-08-26T16:02:53","modified_gmt":"2025-08-26T09:02:53","slug":"ban-co-van-cong-nghe","status":"publish","type":"page","link":"https:\/\/youre.org.vn\/en\/ban-co-van-cong-nghe\/","title":{"rendered":"EdTech Advisory Board"},"content":{"rendered":"<div data-elementor-type=\"wp-page\" data-elementor-id=\"54661\" class=\"elementor elementor-54661\" data-elementor-settings=\"[]\">\n\t\t\t\t\t\t<div class=\"elementor-inner\">\n\t\t\t\t\t\t\t<div class=\"elementor-section-wrap\">\n\t\t\t\t\t\t\t<section class=\"has_ae_slider elementor-section elementor-top-section elementor-element elementor-element-2869764 elementor-section-height-min-height elementor-section-boxed elementor-section-height-default elementor-section-items-middle ae-bg-gallery-type-default\" data-id=\"2869764\" data-element_type=\"section\" data-settings=\"{&quot;background_background&quot;:&quot;classic&quot;}\">\n\t\t\t\t\t\t<div class=\"elementor-container elementor-column-gap-default\">\n\t\t\t\t\t\t\t<div class=\"elementor-row\">\n\t\t\t\t\t<div class=\"has_ae_slider elementor-column elementor-col-100 elementor-top-column elementor-element elementor-element-cff1f8b ae-bg-gallery-type-default\" data-id=\"cff1f8b\" data-element_type=\"column\">\n\t\t\t<div class=\"elementor-column-wrap elementor-element-populated\">\n\t\t\t\t\t\t\t<div class=\"elementor-widget-wrap\">\n\t\t\t\t\t\t<div class=\"elementor-element elementor-element-9de35af elementor-widget elementor-widget-heading\" data-id=\"9de35af\" data-element_type=\"widget\" data-widget_type=\"heading.default\">\n\t\t\t\t<div class=\"elementor-widget-container\">\n\t\t\t<h2 class=\"elementor-heading-title elementor-size-default\">Khi c\u00e1c chuy\u00ean gia c\u00f4ng ngh\u1ec7 gi\u00e1o d\u1ee5c c\u1ee7a YOUREORG h\u1ee3p s\u1ee9c, <br> h\u1ecd ki\u1ebfn t\u1ea1o nh\u1eefng tr\u1ea3i nghi\u1ec7m h\u1ecdc t\u1eadp <br>n\u01a1i m\u1ecdi h\u1ecdc sinh \u0111\u1ec1u c\u00f3 th\u1ec3 ph\u00e1t tri\u1ec3n.<\/h2>\t\t<\/div>\n\t\t\t\t<\/div>\n\t\t\t\t<div class=\"elementor-element elementor-element-60f1826 elementor-widget elementor-widget-image\" data-id=\"60f1826\" data-element_type=\"widget\" data-widget_type=\"image.default\">\n\t\t\t\t<div class=\"elementor-widget-container\">\n\t\t\t\t\t\t\t\t<div class=\"elementor-image\">\n\t\t\t\t\t\t\t\t\t\t\t\t<img src=\"https:\/\/youre.org.vn\/wp-content\/uploads\/2024\/11\/icon-plane.svg\" title=\"icon-plane\" alt=\"icon-plane\" \/>\t\t\t\t\t\t\t\t\t\t\t\t\t\t<\/div>\n\t\t\t\t\t\t<\/div>\n\t\t\t\t<\/div>\n\t\t\t\t<div class=\"elementor-element elementor-element-ac4a78a elementor-widget elementor-widget-heading\" data-id=\"ac4a78a\" data-element_type=\"widget\" data-widget_type=\"heading.default\">\n\t\t\t\t<div class=\"elementor-widget-container\">\n\t\t\t<h2 class=\"elementor-heading-title elementor-size-default\">When YOUREORG\u2019s edtech experts unite, they craft learning experiences where every student thrives.<\/h2>\t\t<\/div>\n\t\t\t\t<\/div>\n\t\t\t\t\t\t<\/div>\n\t\t\t\t\t<\/div>\n\t\t<\/div>\n\t\t\t\t\t\t\t\t<\/div>\n\t\t\t\t\t<\/div>\n\t\t<\/section>\n\t\t\t\t<section class=\"has_ae_slider elementor-section elementor-top-section elementor-element elementor-element-cd1b6ca elementor-section-boxed elementor-section-height-default elementor-section-height-default ae-bg-gallery-type-default\" data-id=\"cd1b6ca\" data-element_type=\"section\">\n\t\t\t\t\t\t<div class=\"elementor-container elementor-column-gap-default\">\n\t\t\t\t\t\t\t<div class=\"elementor-row\">\n\t\t\t\t\t<div class=\"has_ae_slider elementor-column elementor-col-100 elementor-top-column elementor-element elementor-element-00381a5 ae-bg-gallery-type-default\" data-id=\"00381a5\" data-element_type=\"column\">\n\t\t\t<div class=\"elementor-column-wrap elementor-element-populated\">\n\t\t\t\t\t\t\t<div class=\"elementor-widget-wrap\">\n\t\t\t\t\t\t<section class=\"has_ae_slider elementor-section elementor-inner-section elementor-element elementor-element-23e7b9d elementor-section-boxed elementor-section-height-default elementor-section-height-default ae-bg-gallery-type-default\" data-id=\"23e7b9d\" data-element_type=\"section\">\n\t\t\t\t\t\t<div class=\"elementor-container elementor-column-gap-default\">\n\t\t\t\t\t\t\t<div class=\"elementor-row\">\n\t\t\t\t\t<div class=\"has_ae_slider elementor-column elementor-col-50 elementor-inner-column elementor-element elementor-element-08e8565 ae-bg-gallery-type-default\" data-id=\"08e8565\" data-element_type=\"column\">\n\t\t\t<div class=\"elementor-column-wrap elementor-element-populated\">\n\t\t\t\t\t\t\t<div class=\"elementor-widget-wrap\">\n\t\t\t\t\t\t<div class=\"elementor-element elementor-element-4d763ec elementor-widget elementor-widget-image\" data-id=\"4d763ec\" data-element_type=\"widget\" data-widget_type=\"image.default\">\n\t\t\t\t<div class=\"elementor-widget-container\">\n\t\t\t\t\t\t\t\t<div class=\"elementor-image\">\n\t\t\t\t\t\t\t\t\t\t\t\t<img width=\"1536\" height=\"2048\" src=\"https:\/\/youre.org.vn\/wp-content\/uploads\/2025\/08\/Thao-Vu.jpg\" class=\"attachment-full size-full\" alt=\"\" loading=\"lazy\" srcset=\"https:\/\/youre.org.vn\/wp-content\/uploads\/2025\/08\/Thao-Vu.jpg 1536w, https:\/\/youre.org.vn\/wp-content\/uploads\/2025\/08\/Thao-Vu-225x300.jpg 225w, https:\/\/youre.org.vn\/wp-content\/uploads\/2025\/08\/Thao-Vu-768x1024.jpg 768w, https:\/\/youre.org.vn\/wp-content\/uploads\/2025\/08\/Thao-Vu-1152x1536.jpg 1152w, https:\/\/youre.org.vn\/wp-content\/uploads\/2025\/08\/Thao-Vu-9x12.jpg 9w\" sizes=\"(max-width: 1536px) 100vw, 1536px\" \/>\t\t\t\t\t\t\t\t\t\t\t\t\t\t<\/div>\n\t\t\t\t\t\t<\/div>\n\t\t\t\t<\/div>\n\t\t\t\t\t\t<\/div>\n\t\t\t\t\t<\/div>\n\t\t<\/div>\n\t\t\t\t<div class=\"has_ae_slider elementor-column elementor-col-50 elementor-inner-column elementor-element elementor-element-2f01fcd ae-bg-gallery-type-default\" data-id=\"2f01fcd\" data-element_type=\"column\">\n\t\t\t<div class=\"elementor-column-wrap elementor-element-populated\">\n\t\t\t\t\t\t\t<div class=\"elementor-widget-wrap\">\n\t\t\t\t\t\t<div class=\"elementor-element elementor-element-2dfbb49 elementor-widget elementor-widget-text-editor\" data-id=\"2dfbb49\" data-element_type=\"widget\" data-widget_type=\"text-editor.default\">\n\t\t\t\t<div class=\"elementor-widget-container\">\n\t\t\t\t\t\t\t\t<div class=\"elementor-text-editor elementor-clearfix\">\n\t\t\t\t\t<p>Ms. V\u0169 Ph\u01b0\u01a1ng Th\u1ea3o is a Learning Experience Designer at Columbia+, the online learning platform of Columbia University, dedicated to bringing world-class education to learners worldwide. With first-hand experience living and working across Vietnam, Hong Kong, Taiwan, and the United States, she brings a truly global and multicultural perspective, shaping inclusive learning solutions that resonate with Columbia\u2019s diverse student community.<\/p><p>Before being awarded the prestigious Fulbright Scholarship for Vietnamese students (2022\u20132024) and completing her Master\u2019s degree in Instructional Technology and Media (M.A.) at Teachers College, Columbia University (Ivy League) \u2013 ranked the No.1 graduate school of education in the United States \u2013 Ms. V\u0169 Ph\u01b0\u01a1ng Th\u1ea3o had already distinguished herself as a double valedictorian, topping both entrance and graduation of the English Language Teacher Education program at Ho Chi Minh City University of Education (2017).<\/p><p>In 2024, she was honored as one of only 10 outstanding students to receive the Provost\u2019s Student Excellence Award from Columbia University, recognizing her exceptional contributions to innovating online learning experiences.<\/p><p>With over four years of experience designing and developing training programs for both educational institutions and enterprises, she combines a passion for learning analytics and cutting-edge educational technologies to create breakthrough online learning experiences that are both inspiring and deeply engaging. She currently serves as a EdTech Advisor for Breakthrough IELTS: From Adversity to Achievement, contributing her expertise to enhance the learner experience on the LMS platform.<\/p>\t\t\t\t\t<\/div>\n\t\t\t\t\t\t<\/div>\n\t\t\t\t<\/div>\n\t\t\t\t<div class=\"elementor-element elementor-element-c81c019 elementor-align-right elementor-mobile-align-left elementor-icon-list--layout-traditional elementor-list-item-link-full_width elementor-widget elementor-widget-icon-list\" data-id=\"c81c019\" data-element_type=\"widget\" data-widget_type=\"icon-list.default\">\n\t\t\t\t<div class=\"elementor-widget-container\">\n\t\t\t\t\t<ul class=\"elementor-icon-list-items\">\n\t\t\t\t\t\t\t<li class=\"elementor-icon-list-item\">\n\t\t\t\t\t\t\t\t\t\t\t<span class=\"elementor-icon-list-icon\">\n\t\t\t\t\t\t\t<svg xmlns=\"http:\/\/www.w3.org\/2000\/svg\" width=\"25\" height=\"28\" viewbox=\"0 0 25 28\" fill=\"none\"><path d=\"M0 0L3.14431 11.273L17.813 13.7771L3.4336 16.1816L0.303523 28L24.1111 13.7771L0 0Z\" fill=\"#0228A6\"><\/path><\/svg>\t\t\t\t\t\t<\/span>\n\t\t\t\t\t\t\t\t\t\t<span class=\"elementor-icon-list-text\">V\u0169 Ph\u01b0\u01a1ng Th\u1ea3o<\/span>\n\t\t\t\t\t\t\t\t\t<\/li>\n\t\t\t\t\t\t<\/ul>\n\t\t\t\t<\/div>\n\t\t\t\t<\/div>\n\t\t\t\t\t\t<\/div>\n\t\t\t\t\t<\/div>\n\t\t<\/div>\n\t\t\t\t\t\t\t\t<\/div>\n\t\t\t\t\t<\/div>\n\t\t<\/section>\n\t\t\t\t\t\t<\/div>\n\t\t\t\t\t<\/div>\n\t\t<\/div>\n\t\t\t\t\t\t\t\t<\/div>\n\t\t\t\t\t<\/div>\n\t\t<\/section>\n\t\t\t\t<section class=\"has_ae_slider elementor-section elementor-top-section elementor-element elementor-element-9898e15 elementor-hidden-phone elementor-section-boxed elementor-section-height-default elementor-section-height-default ae-bg-gallery-type-default\" data-id=\"9898e15\" data-element_type=\"section\">\n\t\t\t\t\t\t<div class=\"elementor-container elementor-column-gap-default\">\n\t\t\t\t\t\t\t<div class=\"elementor-row\">\n\t\t\t\t\t<div class=\"has_ae_slider elementor-column elementor-col-100 elementor-top-column elementor-element elementor-element-3c2a8cd ae-bg-gallery-type-default\" data-id=\"3c2a8cd\" data-element_type=\"column\">\n\t\t\t<div class=\"elementor-column-wrap elementor-element-populated\">\n\t\t\t\t\t\t\t<div class=\"elementor-widget-wrap\">\n\t\t\t\t\t\t<div class=\"elementor-element elementor-element-742e284 elementor-widget elementor-widget-spacer\" data-id=\"742e284\" data-element_type=\"widget\" data-widget_type=\"spacer.default\">\n\t\t\t\t<div class=\"elementor-widget-container\">\n\t\t\t\t\t<div class=\"elementor-spacer\">\n\t\t\t<div class=\"elementor-spacer-inner\"><\/div>\n\t\t<\/div>\n\t\t\t\t<\/div>\n\t\t\t\t<\/div>\n\t\t\t\t\t\t<\/div>\n\t\t\t\t\t<\/div>\n\t\t<\/div>\n\t\t\t\t\t\t\t\t<\/div>\n\t\t\t\t\t<\/div>\n\t\t<\/section>\n\t\t\t\t\t\t<\/div>\n\t\t\t\t\t\t<\/div>\n\t\t\t\t\t<\/div>","protected":false},"excerpt":{"rendered":"<p>Khi c\u00e1c chuy\u00ean gia c\u00f4ng ngh\u1ec7 gi\u00e1o d\u1ee5c c\u1ee7a YOUREORG h\u1ee3p s\u1ee9c, h\u1ecd ki\u1ebfn t\u1ea1o nh\u1eefng tr\u1ea3i nghi\u1ec7m h\u1ecdc t\u1eadp n\u01a1i m\u1ecdi h\u1ecdc sinh \u0111\u1ec1u c\u00f3 th\u1ec3 ph\u00e1t tri\u1ec3n. When YOUREORG\u2019s edtech experts unite, they craft learning experiences where every student thrives. C\u00f4 V\u0169 Ph\u01b0\u01a1ng Th\u1ea3o hi\u1ec7n l\u00e0 nh\u00e0 thi\u1ebft k\u1ebf tr\u1ea3i nghi\u1ec7m h\u1ecdc t\u1eadp&hellip;&nbsp;<a href=\"https:\/\/youre.org.vn\/en\/ban-co-van-cong-nghe\/\" class=\"\" rel=\"bookmark\">Read More &raquo;<span class=\"screen-reader-text\">EdTech Advisory Board<\/span><\/a><\/p>","protected":false},"author":5,"featured_media":50897,"parent":0,"menu_order":0,"comment_status":"closed","ping_status":"closed","template":"elementor_header_footer","meta":{"neve_meta_sidebar":"full-width","neve_meta_container":"","neve_meta_enable_content_width":"on","neve_meta_content_width":100,"neve_meta_title_alignment":"","neve_meta_author_avatar":"","neve_post_elements_order":"","neve_meta_disable_header":"","neve_meta_disable_footer":"","neve_meta_disable_title":""},"yoast_head":"<!-- This site is optimized with the Yoast SEO plugin v17.5 - https:\/\/yoast.com\/wordpress\/plugins\/seo\/ -->\n<title>Ban C\u1ed1 V\u1ea5n C\u00f4ng Ngh\u1ec7 || YOUREORG<\/title>\n<meta name=\"description\" content=\"Our EdTech Advisory Board guides innovation, optimizes our LMS, and enhances learning experiences for all students.\" \/>\n<meta name=\"robots\" content=\"index, follow, max-snippet:-1, max-image-preview:large, max-video-preview:-1\" \/>\n<link rel=\"canonical\" href=\"https:\/\/youre.org.vn\/en\/ban-co-van-cong-nghe\/\" \/>\n<meta property=\"og:locale\" content=\"en_US\" \/>\n<meta property=\"og:type\" content=\"article\" \/>\n<meta property=\"og:title\" content=\"Ban C\u1ed1 V\u1ea5n C\u00f4ng Ngh\u1ec7 || YOUREORG\" \/>\n<meta property=\"og:description\" content=\"Our EdTech Advisory Board guides innovation, optimizes our LMS, and enhances learning experiences for all students.\" \/>\n<meta property=\"og:url\" content=\"https:\/\/youre.org.vn\/en\/ban-co-van-cong-nghe\/\" \/>\n<meta property=\"og:site_name\" content=\"T\u1ed5 ch\u1ee9c X\u00e3 H\u1ed9i Gi\u00e1o D\u1ee5c &amp; \u0110\u00e0o T\u1ea1o YOUREORG\" \/>\n<meta property=\"article:publisher\" content=\"https:\/\/www.facebook.com\/youre.organization\" \/>\n<meta property=\"article:modified_time\" content=\"2025-08-26T09:02:53+00:00\" \/>\n<meta property=\"og:image\" content=\"https:\/\/youre.org.vn\/wp-content\/uploads\/2024\/11\/Background-gioi-thieu-chung-scaled.jpg\" \/>\n\t<meta property=\"og:image:width\" content=\"2560\" \/>\n\t<meta property=\"og:image:height\" content=\"1150\" \/>\n<meta name=\"twitter:card\" content=\"summary_large_image\" \/>\n<meta name=\"twitter:label1\" content=\"Est. reading time\" \/>\n\t<meta name=\"twitter:data1\" content=\"3 minutes\" \/>\n<script type=\"application\/ld+json\" class=\"yoast-schema-graph\">{\"@context\":\"https:\/\/schema.org\",\"@graph\":[{\"@type\":\"Organization\",\"@id\":\"https:\/\/youre.org.vn\/#organization\",\"name\":\"Doanh Nghi\\u1ec7p X\\u00e3 H\\u1ed9i YourE\",\"url\":\"https:\/\/youre.org.vn\/\",\"sameAs\":[\"https:\/\/www.facebook.com\/youre.organization\",\"https:\/\/www.instagram.com\/youre.organization\/\",\"https:\/\/www.linkedin.com\/company\/youre-education-training-centre\",\"https:\/\/www.youtube.com\/channel\/UCjFcDKSF56thpv5sQKXWyEg\"],\"logo\":{\"@type\":\"ImageObject\",\"@id\":\"https:\/\/youre.org.vn\/#logo\",\"inLanguage\":\"en-US\",\"url\":\"https:\/\/doanhnghiepxahoiyoure.org.vn\/wp-content\/uploads\/2023\/03\/Website.png\",\"contentUrl\":\"https:\/\/doanhnghiepxahoiyoure.org.vn\/wp-content\/uploads\/2023\/03\/Website.png\",\"width\":1248,\"height\":672,\"caption\":\"Doanh Nghi\\u1ec7p X\\u00e3 H\\u1ed9i YourE\"},\"image\":{\"@id\":\"https:\/\/youre.org.vn\/#logo\"}},{\"@type\":\"WebSite\",\"@id\":\"https:\/\/youre.org.vn\/#website\",\"url\":\"https:\/\/youre.org.vn\/\",\"name\":\"T\\u1ed5 ch\\u1ee9c X\\u00e3 H\\u1ed9i Gi\\u00e1o D\\u1ee5c &amp; \\u0110\\u00e0o T\\u1ea1o YOUREORG\",\"description\":\"\",\"publisher\":{\"@id\":\"https:\/\/youre.org.vn\/#organization\"},\"potentialAction\":[{\"@type\":\"SearchAction\",\"target\":{\"@type\":\"EntryPoint\",\"urlTemplate\":\"https:\/\/youre.org.vn\/?s={search_term_string}\"},\"query-input\":\"required name=search_term_string\"}],\"inLanguage\":\"en-US\"},{\"@type\":\"ImageObject\",\"@id\":\"https:\/\/youre.org.vn\/ban-co-van-cong-nghe\/#primaryimage\",\"inLanguage\":\"en-US\",\"url\":\"https:\/\/youre.org.vn\/wp-content\/uploads\/2024\/11\/Background-gioi-thieu-chung-scaled.jpg\",\"contentUrl\":\"https:\/\/youre.org.vn\/wp-content\/uploads\/2024\/11\/Background-gioi-thieu-chung-scaled.jpg\",\"width\":2560,\"height\":1150},{\"@type\":\"WebPage\",\"@id\":\"https:\/\/youre.org.vn\/ban-co-van-cong-nghe\/#webpage\",\"url\":\"https:\/\/youre.org.vn\/ban-co-van-cong-nghe\/\",\"name\":\"Ban C\\u1ed1 V\\u1ea5n C\\u00f4ng Ngh\\u1ec7 || YOUREORG\",\"isPartOf\":{\"@id\":\"https:\/\/youre.org.vn\/#website\"},\"primaryImageOfPage\":{\"@id\":\"https:\/\/youre.org.vn\/ban-co-van-cong-nghe\/#primaryimage\"},\"datePublished\":\"2025-08-15T17:38:45+00:00\",\"dateModified\":\"2025-08-26T09:02:53+00:00\",\"description\":\"Our EdTech Advisory Board guides innovation, optimizes our LMS, and enhances learning experiences for all students.\",\"breadcrumb\":{\"@id\":\"https:\/\/youre.org.vn\/ban-co-van-cong-nghe\/#breadcrumb\"},\"inLanguage\":\"en-US\",\"potentialAction\":[{\"@type\":\"ReadAction\",\"target\":[\"https:\/\/youre.org.vn\/ban-co-van-cong-nghe\/\"]}]},{\"@type\":\"BreadcrumbList\",\"@id\":\"https:\/\/youre.org.vn\/ban-co-van-cong-nghe\/#breadcrumb\",\"itemListElement\":[{\"@type\":\"ListItem\",\"position\":1,\"name\":\"Home\",\"item\":\"https:\/\/youre.org.vn\/\"},{\"@type\":\"ListItem\",\"position\":2,\"name\":\"Ban C\\u1ed1 V\\u1ea5n C\\u00f4ng Ngh\\u1ec7\"}]}]}<\/script>\n<!-- \/ Yoast SEO plugin. -->","yoast_head_json":{"title":"Ban C\u1ed1 V\u1ea5n C\u00f4ng Ngh\u1ec7 || YOUREORG","description":"Our EdTech Advisory Board guides innovation, optimizes our LMS, and enhances learning experiences for all students.","robots":{"index":"index","follow":"follow","max-snippet":"max-snippet:-1","max-image-preview":"max-image-preview:large","max-video-preview":"max-video-preview:-1"},"canonical":"https:\/\/youre.org.vn\/en\/ban-co-van-cong-nghe\/","og_locale":"en_US","og_type":"article","og_title":"Ban C\u1ed1 V\u1ea5n C\u00f4ng Ngh\u1ec7 || YOUREORG","og_description":"Our EdTech Advisory Board guides innovation, optimizes our LMS, and enhances learning experiences for all students.","og_url":"https:\/\/youre.org.vn\/en\/ban-co-van-cong-nghe\/","og_site_name":"T\u1ed5 ch\u1ee9c X\u00e3 H\u1ed9i Gi\u00e1o D\u1ee5c &amp; \u0110\u00e0o T\u1ea1o YOUREORG","article_publisher":"https:\/\/www.facebook.com\/youre.organization","article_modified_time":"2025-08-26T09:02:53+00:00","og_image":[{"width":2560,"height":1150,"url":"https:\/\/youre.org.vn\/wp-content\/uploads\/2024\/11\/Background-gioi-thieu-chung-scaled.jpg","type":"image\/jpeg"}],"twitter_card":"summary_large_image","twitter_misc":{"Est. reading time":"3 minutes"},"schema":{"@context":"https:\/\/schema.org","@graph":[{"@type":"Organization","@id":"https:\/\/youre.org.vn\/#organization","name":"Doanh Nghi\u1ec7p X\u00e3 H\u1ed9i YourE","url":"https:\/\/youre.org.vn\/","sameAs":["https:\/\/www.facebook.com\/youre.organization","https:\/\/www.instagram.com\/youre.organization\/","https:\/\/www.linkedin.com\/company\/youre-education-training-centre","https:\/\/www.youtube.com\/channel\/UCjFcDKSF56thpv5sQKXWyEg"],"logo":{"@type":"ImageObject","@id":"https:\/\/youre.org.vn\/#logo","inLanguage":"en-US","url":"https:\/\/doanhnghiepxahoiyoure.org.vn\/wp-content\/uploads\/2023\/03\/Website.png","contentUrl":"https:\/\/doanhnghiepxahoiyoure.org.vn\/wp-content\/uploads\/2023\/03\/Website.png","width":1248,"height":672,"caption":"Doanh Nghi\u1ec7p X\u00e3 H\u1ed9i YourE"},"image":{"@id":"https:\/\/youre.org.vn\/#logo"}},{"@type":"WebSite","@id":"https:\/\/youre.org.vn\/#website","url":"https:\/\/youre.org.vn\/","name":"T\u1ed5 ch\u1ee9c X\u00e3 H\u1ed9i Gi\u00e1o D\u1ee5c &amp; \u0110\u00e0o T\u1ea1o YOUREORG","description":"","publisher":{"@id":"https:\/\/youre.org.vn\/#organization"},"potentialAction":[{"@type":"SearchAction","target":{"@type":"EntryPoint","urlTemplate":"https:\/\/youre.org.vn\/?s={search_term_string}"},"query-input":"required name=search_term_string"}],"inLanguage":"en-US"},{"@type":"ImageObject","@id":"https:\/\/youre.org.vn\/ban-co-van-cong-nghe\/#primaryimage","inLanguage":"en-US","url":"https:\/\/youre.org.vn\/wp-content\/uploads\/2024\/11\/Background-gioi-thieu-chung-scaled.jpg","contentUrl":"https:\/\/youre.org.vn\/wp-content\/uploads\/2024\/11\/Background-gioi-thieu-chung-scaled.jpg","width":2560,"height":1150},{"@type":"WebPage","@id":"https:\/\/youre.org.vn\/ban-co-van-cong-nghe\/#webpage","url":"https:\/\/youre.org.vn\/ban-co-van-cong-nghe\/","name":"Ban C\u1ed1 V\u1ea5n C\u00f4ng Ngh\u1ec7 || YOUREORG","isPartOf":{"@id":"https:\/\/youre.org.vn\/#website"},"primaryImageOfPage":{"@id":"https:\/\/youre.org.vn\/ban-co-van-cong-nghe\/#primaryimage"},"datePublished":"2025-08-15T17:38:45+00:00","dateModified":"2025-08-26T09:02:53+00:00","description":"Our EdTech Advisory Board guides innovation, optimizes our LMS, and enhances learning experiences for all students.","breadcrumb":{"@id":"https:\/\/youre.org.vn\/ban-co-van-cong-nghe\/#breadcrumb"},"inLanguage":"en-US","potentialAction":[{"@type":"ReadAction","target":["https:\/\/youre.org.vn\/ban-co-van-cong-nghe\/"]}]},{"@type":"BreadcrumbList","@id":"https:\/\/youre.org.vn\/ban-co-van-cong-nghe\/#breadcrumb","itemListElement":[{"@type":"ListItem","position":1,"name":"Home","item":"https:\/\/youre.org.vn\/"},{"@type":"ListItem","position":2,"name":"Ban C\u1ed1 V\u1ea5n C\u00f4ng Ngh\u1ec7"}]}]}},"_links":{"self":[{"href":"https:\/\/youre.org.vn\/en\/wp-json\/wp\/v2\/pages\/54661"}],"collection":[{"href":"https:\/\/youre.org.vn\/en\/wp-json\/wp\/v2\/pages"}],"about":[{"href":"https:\/\/youre.org.vn\/en\/wp-json\/wp\/v2\/types\/page"}],"author":[{"embeddable":true,"href":"https:\/\/youre.org.vn\/en\/wp-json\/wp\/v2\/users\/5"}],"replies":[{"embeddable":true,"href":"https:\/\/youre.org.vn\/en\/wp-json\/wp\/v2\/comments?post=54661"}],"version-history":[{"count":26,"href":"https:\/\/youre.org.vn\/en\/wp-json\/wp\/v2\/pages\/54661\/revisions"}],"predecessor-version":[{"id":54912,"href":"https:\/\/youre.org.vn\/en\/wp-json\/wp\/v2\/pages\/54661\/revisions\/54912"}],"wp:featuredmedia":[{"embeddable":true,"href":"https:\/\/youre.org.vn\/en\/wp-json\/wp\/v2\/media\/50897"}],"wp:attachment":[{"href":"https:\/\/youre.org.vn\/en\/wp-json\/wp\/v2\/media?parent=54661"}],"curies":[{"name":"wp","href":"https:\/\/api.w.org\/{rel}","templated":true}]}}