{"id":56052,"date":"2026-04-08T03:23:39","date_gmt":"2026-04-07T20:23:39","guid":{"rendered":"https:\/\/youre.org.vn\/?page_id=56052"},"modified":"2026-04-11T03:48:55","modified_gmt":"2026-04-10T20:48:55","slug":"dau-an-giao-duc-quoc-te","status":"publish","type":"page","link":"https:\/\/youre.org.vn\/en\/dau-an-giao-duc-quoc-te\/","title":{"rendered":"Global Engagement &amp; Academic Leadership"},"content":{"rendered":"<div data-elementor-type=\"wp-page\" data-elementor-id=\"56052\" class=\"elementor elementor-56052\" data-elementor-settings=\"[]\">\n\t\t\t\t\t\t<div class=\"elementor-inner\">\n\t\t\t\t\t\t\t<div class=\"elementor-section-wrap\">\n\t\t\t\t\t\t\t<section class=\"has_ae_slider elementor-section elementor-top-section elementor-element elementor-element-d960e5f elementor-section-boxed elementor-section-height-default elementor-section-height-default ae-bg-gallery-type-default\" data-id=\"d960e5f\" data-element_type=\"section\">\n\t\t\t\t\t\t<div class=\"elementor-container elementor-column-gap-default\">\n\t\t\t\t\t\t\t<div class=\"elementor-row\">\n\t\t\t\t\t<div class=\"has_ae_slider elementor-column elementor-col-100 elementor-top-column elementor-element elementor-element-be69c6a ae-bg-gallery-type-default\" data-id=\"be69c6a\" data-element_type=\"column\">\n\t\t\t<div class=\"elementor-column-wrap elementor-element-populated\">\n\t\t\t\t\t\t\t<div class=\"elementor-widget-wrap\">\n\t\t\t\t\t\t<div class=\"elementor-element elementor-element-cf9e27a elementor-widget elementor-widget-text-editor\" data-id=\"cf9e27a\" data-element_type=\"widget\" data-widget_type=\"text-editor.default\">\n\t\t\t\t<div class=\"elementor-widget-container\">\n\t\t\t\t\t\t\t\t<div class=\"elementor-text-editor elementor-clearfix\">\n\t\t\t\t\t<h3>This section is currently being developed<\/h3><h5>to share YOUREORG\u2019s engagement with the global education landscape.<\/h5><p data-start=\"333\" data-end=\"904\">From participation in the Nobel Prize Teacher Summit in Sweden and the launch of UNESCO\u2019s Global Education Monitoring Report at its headquarters in Paris, to engagement in academic dialogue and exchange with heads of state, including Presidents, Prime Ministers, and Ministers of Education, alongside professors and academic leaders from leading universities such as the University of Oxford, the University of Cambridge, Harvard University, the University of Pennsylvania, UCL, the London School of Economics and Political Science, and London Business School, as well as Nobel laureates.<\/p><p data-start=\"509\" data-end=\"771\">More details will be shared soon to show how these engagements inform programme design and learning outcomes at YOUREORG.<\/p>\t\t\t\t\t<\/div>\n\t\t\t\t\t\t<\/div>\n\t\t\t\t<\/div>\n\t\t\t\t\t\t<\/div>\n\t\t\t\t\t<\/div>\n\t\t<\/div>\n\t\t\t\t\t\t\t\t<\/div>\n\t\t\t\t\t<\/div>\n\t\t<\/section>\n\t\t\t\t<section class=\"has_ae_slider elementor-section elementor-top-section elementor-element elementor-element-650826c elementor-section-boxed elementor-section-height-default elementor-section-height-default ae-bg-gallery-type-default\" data-id=\"650826c\" data-element_type=\"section\">\n\t\t\t\t\t\t<div class=\"elementor-container elementor-column-gap-default\">\n\t\t\t\t\t\t\t<div class=\"elementor-row\">\n\t\t\t\t\t<div class=\"has_ae_slider elementor-column elementor-col-100 elementor-top-column elementor-element elementor-element-8a57638 ae-bg-gallery-type-default\" data-id=\"8a57638\" data-element_type=\"column\">\n\t\t\t<div class=\"elementor-column-wrap elementor-element-populated\">\n\t\t\t\t\t\t\t<div class=\"elementor-widget-wrap\">\n\t\t\t\t\t\t<div class=\"elementor-element elementor-element-5500e3f elementor-widget elementor-widget-gallery\" data-id=\"5500e3f\" data-element_type=\"widget\" data-settings=\"{&quot;columns&quot;:5,&quot;aspect_ratio&quot;:&quot;4:3&quot;,&quot;lazyload&quot;:&quot;yes&quot;,&quot;gallery_layout&quot;:&quot;grid&quot;,&quot;columns_tablet&quot;:2,&quot;columns_mobile&quot;:1,&quot;gap&quot;:{&quot;unit&quot;:&quot;px&quot;,&quot;size&quot;:10,&quot;sizes&quot;:[]},&quot;gap_tablet&quot;:{&quot;unit&quot;:&quot;px&quot;,&quot;size&quot;:10,&quot;sizes&quot;:[]},&quot;gap_mobile&quot;:{&quot;unit&quot;:&quot;px&quot;,&quot;size&quot;:10,&quot;sizes&quot;:[]},&quot;link_to&quot;:&quot;file&quot;,&quot;overlay_background&quot;:&quot;yes&quot;,&quot;content_hover_animation&quot;:&quot;fade-in&quot;}\" data-widget_type=\"gallery.default\">\n\t\t\t\t<div class=\"elementor-widget-container\">\n\t\t\t\t\t<div class=\"elementor-gallery__container\">\n\t\t\t\t\t\t\t<a class=\"e-gallery-item elementor-gallery-item elementor-animated-content\" href=\"https:\/\/youre.org.vn\/wp-content\/uploads\/2026\/04\/cam.jpg\" data-elementor-open-lightbox=\"yes\" data-elementor-lightbox-slideshow=\"all-5500e3f\" data-elementor-lightbox-title=\"cam\">\n\t\t\t\t\t<div class=\"e-gallery-image elementor-gallery-item__image\" data-thumbnail=\"https:\/\/youre.org.vn\/wp-content\/uploads\/2026\/04\/cam-768x501.jpg\" data-width=\"768\" data-height=\"501\" alt=\"\" ><\/div>\n\t\t\t\t\t\t\t\t\t\t<div class=\"elementor-gallery-item__overlay\"><\/div>\n\t\t\t\t\t\t\t\t\t\t\t\t\t\t<\/a>\n\t\t\t\t\t\t\t<a class=\"e-gallery-item elementor-gallery-item elementor-animated-content\" href=\"https:\/\/youre.org.vn\/wp-content\/uploads\/2026\/04\/nobel.jpg\" data-elementor-open-lightbox=\"yes\" data-elementor-lightbox-slideshow=\"all-5500e3f\" data-elementor-lightbox-title=\"nobel\">\n\t\t\t\t\t<div class=\"e-gallery-image elementor-gallery-item__image\" data-thumbnail=\"https:\/\/youre.org.vn\/wp-content\/uploads\/2026\/04\/nobel-768x509.jpg\" data-width=\"768\" data-height=\"509\" alt=\"\" ><\/div>\n\t\t\t\t\t\t\t\t\t\t<div class=\"elementor-gallery-item__overlay\"><\/div>\n\t\t\t\t\t\t\t\t\t\t\t\t\t\t<\/a>\n\t\t\t\t\t\t\t<a class=\"e-gallery-item elementor-gallery-item elementor-animated-content\" href=\"https:\/\/youre.org.vn\/wp-content\/uploads\/2026\/04\/Logo-YOUREORG-downside.jpg\" data-elementor-open-lightbox=\"yes\" data-elementor-lightbox-slideshow=\"all-5500e3f\" data-elementor-lightbox-title=\"Logo YOUREORG downside\">\n\t\t\t\t\t<div class=\"e-gallery-image elementor-gallery-item__image\" data-thumbnail=\"https:\/\/youre.org.vn\/wp-content\/uploads\/2026\/04\/Logo-YOUREORG-downside-768x768.jpg\" data-width=\"768\" data-height=\"768\" alt=\"\" ><\/div>\n\t\t\t\t\t\t\t\t\t\t<div class=\"elementor-gallery-item__overlay\"><\/div>\n\t\t\t\t\t\t\t\t\t\t\t\t\t\t<\/a>\n\t\t\t\t\t\t\t<a class=\"e-gallery-item elementor-gallery-item elementor-animated-content\" href=\"https:\/\/youre.org.vn\/wp-content\/uploads\/2026\/04\/ox.jpg\" data-elementor-open-lightbox=\"yes\" data-elementor-lightbox-slideshow=\"all-5500e3f\" data-elementor-lightbox-title=\"ox\">\n\t\t\t\t\t<div class=\"e-gallery-image elementor-gallery-item__image\" data-thumbnail=\"https:\/\/youre.org.vn\/wp-content\/uploads\/2026\/04\/ox-768x432.jpg\" data-width=\"768\" data-height=\"432\" alt=\"\" ><\/div>\n\t\t\t\t\t\t\t\t\t\t<div class=\"elementor-gallery-item__overlay\"><\/div>\n\t\t\t\t\t\t\t\t\t\t\t\t\t\t<\/a>\n\t\t\t\t\t\t\t<a class=\"e-gallery-item elementor-gallery-item elementor-animated-content\" href=\"https:\/\/youre.org.vn\/wp-content\/uploads\/2026\/04\/hgse-1.jpg\" data-elementor-open-lightbox=\"yes\" data-elementor-lightbox-slideshow=\"all-5500e3f\" data-elementor-lightbox-title=\"hgse\">\n\t\t\t\t\t<div class=\"e-gallery-image elementor-gallery-item__image\" data-thumbnail=\"https:\/\/youre.org.vn\/wp-content\/uploads\/2026\/04\/hgse-1-768x432.jpg\" data-width=\"768\" data-height=\"432\" alt=\"\" ><\/div>\n\t\t\t\t\t\t\t\t\t\t<div class=\"elementor-gallery-item__overlay\"><\/div>\n\t\t\t\t\t\t\t\t\t\t\t\t\t\t<\/a>\n\t\t\t\t\t<\/div>\n\t\t\t<\/div>\n\t\t\t\t<\/div>\n\t\t\t\t\t\t<\/div>\n\t\t\t\t\t<\/div>\n\t\t<\/div>\n\t\t\t\t\t\t\t\t<\/div>\n\t\t\t\t\t<\/div>\n\t\t<\/section>\n\t\t\t\t<section class=\"has_ae_slider elementor-section elementor-top-section elementor-element elementor-element-13645d2 elementor-section-boxed elementor-section-height-default elementor-section-height-default ae-bg-gallery-type-default\" data-id=\"13645d2\" data-element_type=\"section\">\n\t\t\t\t\t\t<div class=\"elementor-container elementor-column-gap-default\">\n\t\t\t\t\t\t\t<div class=\"elementor-row\">\n\t\t\t\t\t<div class=\"has_ae_slider elementor-column elementor-col-100 elementor-top-column elementor-element elementor-element-bd491a5 ae-bg-gallery-type-default\" data-id=\"bd491a5\" data-element_type=\"column\">\n\t\t\t<div class=\"elementor-column-wrap elementor-element-populated\">\n\t\t\t\t\t\t\t<div class=\"elementor-widget-wrap\">\n\t\t\t\t\t\t<div class=\"elementor-element elementor-element-8d4297b elementor-widget elementor-widget-spacer\" data-id=\"8d4297b\" data-element_type=\"widget\" data-widget_type=\"spacer.default\">\n\t\t\t\t<div class=\"elementor-widget-container\">\n\t\t\t\t\t<div class=\"elementor-spacer\">\n\t\t\t<div class=\"elementor-spacer-inner\"><\/div>\n\t\t<\/div>\n\t\t\t\t<\/div>\n\t\t\t\t<\/div>\n\t\t\t\t\t\t<\/div>\n\t\t\t\t\t<\/div>\n\t\t<\/div>\n\t\t\t\t\t\t\t\t<\/div>\n\t\t\t\t\t<\/div>\n\t\t<\/section>\n\t\t\t\t\t\t<\/div>\n\t\t\t\t\t\t<\/div>\n\t\t\t\t\t<\/div>","protected":false},"excerpt":{"rendered":"<p>M\u1ee5c n\u1ed9i dung n\u00e0y \u0111ang \u0111\u01b0\u1ee3c ho\u00e0n thi\u1ec7n \u0111\u1ec3 chia s\u1ebb h\u00e0nh tr\u00ecnh YOUREORG k\u1ebft n\u1ed1i v\u1edbi th\u1ebf gi\u1edbi gi\u00e1o d\u1ee5c to\u00e0n c\u1ea7u. T\u1eeb vi\u1ec7c tham d\u1ef1 H\u1ed9i ngh\u1ecb th\u01b0\u1ee3ng \u0111\u1ec9nh Gi\u00e1o vi\u00ean Gi\u1ea3i Nobel t\u1ea1i Th\u1ee5y \u0110i\u1ec3n, hay l\u1ec5 ra m\u1eaft B\u00e1o c\u00e1o Gi\u00e1m s\u00e1t Gi\u00e1o d\u1ee5c To\u00e0n c\u1ea7u GEM t\u1ea1i tr\u1ee5 s\u1edd ch\u00ednh&hellip;&nbsp;<a href=\"https:\/\/youre.org.vn\/en\/dau-an-giao-duc-quoc-te\/\" class=\"\" rel=\"bookmark\">Read More &raquo;<span class=\"screen-reader-text\">Global Engagement &amp; Academic Leadership<\/span><\/a><\/p>","protected":false},"author":5,"featured_media":56112,"parent":0,"menu_order":0,"comment_status":"closed","ping_status":"closed","template":"page-templates\/template-pagebuilder-full-width.php","meta":{"neve_meta_sidebar":"full-width","neve_meta_container":"","neve_meta_enable_content_width":"on","neve_meta_content_width":100,"neve_meta_title_alignment":"","neve_meta_author_avatar":"","neve_post_elements_order":"","neve_meta_disable_header":"","neve_meta_disable_footer":"","neve_meta_disable_title":""},"yoast_head":"<!-- This site is optimized with the Yoast SEO plugin v17.5 - https:\/\/yoast.com\/wordpress\/plugins\/seo\/ -->\n<title>YOUREORG || D\u1ea5u \u1ea4n Gi\u00e1o D\u1ee5c Qu\u1ed1c T\u1ebf<\/title>\n<meta name=\"description\" content=\"Kh\u1eb3ng \u0111\u1ecbnh t\u1ea7m v\u00f3c v\u00e0 uy t\u00edn c\u1ee7a YOUREORG trong gi\u00e1o d\u1ee5c qu\u1ed1c t\u1ebf th\u00f4ng qua s\u1ef1 hi\u1ec7n di\u1ec7n t\u1ea1i c\u00e1c di\u1ec5n \u0111\u00e0n h\u1ecdc thu\u1eadt v\u00e0 ch\u00ednh s\u00e1ch h\u00e0ng \u0111\u1ea7u th\u1ebf gi\u1edbi, k\u1ebft n\u1ed1i v\u1edbi c\u00e1c h\u1ecdc gi\u1ea3 v\u00e0 nh\u00e0 l\u00e3nh \u0111\u1ea1o to\u00e0n c\u1ea7u, t\u1eeb \u0111\u00f3 chuy\u1ec3n h\u00f3a tri th\u1ee9c ti\u00ean phong th\u00e0nh c\u00e1c ch\u01b0\u01a1ng tr\u00ecnh chu\u1ea9n m\u1ef1c v\u00e0 t\u00e1c \u0111\u1ed9ng gi\u00e1o d\u1ee5c b\u1ec1n v\u1eefng t\u1ea1i Vi\u1ec7t Nam.\" \/>\n<meta name=\"robots\" content=\"index, follow, max-snippet:-1, max-image-preview:large, max-video-preview:-1\" \/>\n<link rel=\"canonical\" href=\"https:\/\/youre.org.vn\/en\/dau-an-giao-duc-quoc-te\/\" \/>\n<meta property=\"og:locale\" content=\"en_US\" \/>\n<meta property=\"og:type\" content=\"article\" \/>\n<meta property=\"og:title\" content=\"YOUREORG || D\u1ea5u \u1ea4n Gi\u00e1o D\u1ee5c Qu\u1ed1c T\u1ebf\" \/>\n<meta property=\"og:description\" content=\"Kh\u1eb3ng \u0111\u1ecbnh t\u1ea7m v\u00f3c v\u00e0 uy t\u00edn c\u1ee7a YOUREORG trong gi\u00e1o d\u1ee5c qu\u1ed1c t\u1ebf th\u00f4ng qua s\u1ef1 hi\u1ec7n di\u1ec7n t\u1ea1i c\u00e1c di\u1ec5n \u0111\u00e0n h\u1ecdc thu\u1eadt v\u00e0 ch\u00ednh s\u00e1ch h\u00e0ng \u0111\u1ea7u th\u1ebf gi\u1edbi, k\u1ebft n\u1ed1i v\u1edbi c\u00e1c h\u1ecdc gi\u1ea3 v\u00e0 nh\u00e0 l\u00e3nh \u0111\u1ea1o to\u00e0n c\u1ea7u, t\u1eeb \u0111\u00f3 chuy\u1ec3n h\u00f3a tri th\u1ee9c ti\u00ean phong th\u00e0nh c\u00e1c ch\u01b0\u01a1ng tr\u00ecnh chu\u1ea9n m\u1ef1c v\u00e0 t\u00e1c \u0111\u1ed9ng gi\u00e1o d\u1ee5c b\u1ec1n v\u1eefng t\u1ea1i Vi\u1ec7t Nam.\" \/>\n<meta property=\"og:url\" content=\"https:\/\/youre.org.vn\/en\/dau-an-giao-duc-quoc-te\/\" \/>\n<meta property=\"og:site_name\" content=\"T\u1ed5 ch\u1ee9c X\u00e3 H\u1ed9i Gi\u00e1o D\u1ee5c &amp; \u0110\u00e0o T\u1ea1o YOUREORG\" \/>\n<meta property=\"article:publisher\" content=\"https:\/\/www.facebook.com\/youre.organization\" \/>\n<meta property=\"article:modified_time\" content=\"2026-04-10T20:48:55+00:00\" \/>\n<meta property=\"og:image\" content=\"https:\/\/youre.org.vn\/wp-content\/uploads\/2026\/04\/hinh-web-dau-an-giao-duc-quoc-te.jpg\" \/>\n\t<meta property=\"og:image:width\" content=\"1152\" \/>\n\t<meta property=\"og:image:height\" content=\"648\" \/>\n<meta name=\"twitter:card\" content=\"summary_large_image\" \/>\n<meta name=\"twitter:label1\" content=\"Est. reading time\" \/>\n\t<meta name=\"twitter:data1\" content=\"1 minute\" \/>\n<script type=\"application\/ld+json\" class=\"yoast-schema-graph\">{\"@context\":\"https:\/\/schema.org\",\"@graph\":[{\"@type\":\"Organization\",\"@id\":\"https:\/\/youre.org.vn\/#organization\",\"name\":\"Doanh Nghi\\u1ec7p X\\u00e3 H\\u1ed9i YourE\",\"url\":\"https:\/\/youre.org.vn\/\",\"sameAs\":[\"https:\/\/www.facebook.com\/youre.organization\",\"https:\/\/www.instagram.com\/youre.organization\/\",\"https:\/\/www.linkedin.com\/company\/youre-education-training-centre\",\"https:\/\/www.youtube.com\/channel\/UCjFcDKSF56thpv5sQKXWyEg\"],\"logo\":{\"@type\":\"ImageObject\",\"@id\":\"https:\/\/youre.org.vn\/#logo\",\"inLanguage\":\"en-US\",\"url\":\"https:\/\/doanhnghiepxahoiyoure.org.vn\/wp-content\/uploads\/2023\/03\/Website.png\",\"contentUrl\":\"https:\/\/doanhnghiepxahoiyoure.org.vn\/wp-content\/uploads\/2023\/03\/Website.png\",\"width\":1248,\"height\":672,\"caption\":\"Doanh Nghi\\u1ec7p X\\u00e3 H\\u1ed9i YourE\"},\"image\":{\"@id\":\"https:\/\/youre.org.vn\/#logo\"}},{\"@type\":\"WebSite\",\"@id\":\"https:\/\/youre.org.vn\/#website\",\"url\":\"https:\/\/youre.org.vn\/\",\"name\":\"T\\u1ed5 ch\\u1ee9c X\\u00e3 H\\u1ed9i Gi\\u00e1o D\\u1ee5c &amp; \\u0110\\u00e0o T\\u1ea1o YOUREORG\",\"description\":\"\",\"publisher\":{\"@id\":\"https:\/\/youre.org.vn\/#organization\"},\"potentialAction\":[{\"@type\":\"SearchAction\",\"target\":{\"@type\":\"EntryPoint\",\"urlTemplate\":\"https:\/\/youre.org.vn\/?s={search_term_string}\"},\"query-input\":\"required name=search_term_string\"}],\"inLanguage\":\"en-US\"},{\"@type\":\"ImageObject\",\"@id\":\"https:\/\/youre.org.vn\/dau-an-giao-duc-quoc-te\/#primaryimage\",\"inLanguage\":\"en-US\",\"url\":\"https:\/\/youre.org.vn\/wp-content\/uploads\/2026\/04\/hinh-web-dau-an-giao-duc-quoc-te.jpg\",\"contentUrl\":\"https:\/\/youre.org.vn\/wp-content\/uploads\/2026\/04\/hinh-web-dau-an-giao-duc-quoc-te.jpg\",\"width\":1152,\"height\":648},{\"@type\":\"WebPage\",\"@id\":\"https:\/\/youre.org.vn\/dau-an-giao-duc-quoc-te\/#webpage\",\"url\":\"https:\/\/youre.org.vn\/dau-an-giao-duc-quoc-te\/\",\"name\":\"YOUREORG || D\\u1ea5u \\u1ea4n Gi\\u00e1o D\\u1ee5c Qu\\u1ed1c T\\u1ebf\",\"isPartOf\":{\"@id\":\"https:\/\/youre.org.vn\/#website\"},\"primaryImageOfPage\":{\"@id\":\"https:\/\/youre.org.vn\/dau-an-giao-duc-quoc-te\/#primaryimage\"},\"datePublished\":\"2026-04-07T20:23:39+00:00\",\"dateModified\":\"2026-04-10T20:48:55+00:00\",\"description\":\"Kh\\u1eb3ng \\u0111\\u1ecbnh t\\u1ea7m v\\u00f3c v\\u00e0 uy t\\u00edn c\\u1ee7a YOUREORG trong gi\\u00e1o d\\u1ee5c qu\\u1ed1c t\\u1ebf th\\u00f4ng qua s\\u1ef1 hi\\u1ec7n di\\u1ec7n t\\u1ea1i c\\u00e1c di\\u1ec5n \\u0111\\u00e0n h\\u1ecdc thu\\u1eadt v\\u00e0 ch\\u00ednh s\\u00e1ch h\\u00e0ng \\u0111\\u1ea7u th\\u1ebf gi\\u1edbi, k\\u1ebft n\\u1ed1i v\\u1edbi c\\u00e1c h\\u1ecdc gi\\u1ea3 v\\u00e0 nh\\u00e0 l\\u00e3nh \\u0111\\u1ea1o to\\u00e0n c\\u1ea7u, t\\u1eeb \\u0111\\u00f3 chuy\\u1ec3n h\\u00f3a tri th\\u1ee9c ti\\u00ean phong th\\u00e0nh c\\u00e1c ch\\u01b0\\u01a1ng tr\\u00ecnh chu\\u1ea9n m\\u1ef1c v\\u00e0 t\\u00e1c \\u0111\\u1ed9ng gi\\u00e1o d\\u1ee5c b\\u1ec1n v\\u1eefng t\\u1ea1i Vi\\u1ec7t Nam.\",\"breadcrumb\":{\"@id\":\"https:\/\/youre.org.vn\/dau-an-giao-duc-quoc-te\/#breadcrumb\"},\"inLanguage\":\"en-US\",\"potentialAction\":[{\"@type\":\"ReadAction\",\"target\":[\"https:\/\/youre.org.vn\/dau-an-giao-duc-quoc-te\/\"]}]},{\"@type\":\"BreadcrumbList\",\"@id\":\"https:\/\/youre.org.vn\/dau-an-giao-duc-quoc-te\/#breadcrumb\",\"itemListElement\":[{\"@type\":\"ListItem\",\"position\":1,\"name\":\"Home\",\"item\":\"https:\/\/youre.org.vn\/\"},{\"@type\":\"ListItem\",\"position\":2,\"name\":\"D\\u1ea5u \\u1ea4n Gi\\u00e1o D\\u1ee5c Qu\\u1ed1c T\\u1ebf\"}]}]}<\/script>\n<!-- \/ Yoast SEO plugin. -->","yoast_head_json":{"title":"YOUREORG || D\u1ea5u \u1ea4n Gi\u00e1o D\u1ee5c Qu\u1ed1c T\u1ebf","description":"Kh\u1eb3ng \u0111\u1ecbnh t\u1ea7m v\u00f3c v\u00e0 uy t\u00edn c\u1ee7a YOUREORG trong gi\u00e1o d\u1ee5c qu\u1ed1c t\u1ebf th\u00f4ng qua s\u1ef1 hi\u1ec7n di\u1ec7n t\u1ea1i c\u00e1c di\u1ec5n \u0111\u00e0n h\u1ecdc thu\u1eadt v\u00e0 ch\u00ednh s\u00e1ch h\u00e0ng \u0111\u1ea7u th\u1ebf gi\u1edbi, k\u1ebft n\u1ed1i v\u1edbi c\u00e1c h\u1ecdc gi\u1ea3 v\u00e0 nh\u00e0 l\u00e3nh \u0111\u1ea1o to\u00e0n c\u1ea7u, t\u1eeb \u0111\u00f3 chuy\u1ec3n h\u00f3a tri th\u1ee9c ti\u00ean phong th\u00e0nh c\u00e1c ch\u01b0\u01a1ng tr\u00ecnh chu\u1ea9n m\u1ef1c v\u00e0 t\u00e1c \u0111\u1ed9ng gi\u00e1o d\u1ee5c b\u1ec1n v\u1eefng t\u1ea1i Vi\u1ec7t Nam.","robots":{"index":"index","follow":"follow","max-snippet":"max-snippet:-1","max-image-preview":"max-image-preview:large","max-video-preview":"max-video-preview:-1"},"canonical":"https:\/\/youre.org.vn\/en\/dau-an-giao-duc-quoc-te\/","og_locale":"en_US","og_type":"article","og_title":"YOUREORG || D\u1ea5u \u1ea4n Gi\u00e1o D\u1ee5c Qu\u1ed1c T\u1ebf","og_description":"Kh\u1eb3ng \u0111\u1ecbnh t\u1ea7m v\u00f3c v\u00e0 uy t\u00edn c\u1ee7a YOUREORG trong gi\u00e1o d\u1ee5c qu\u1ed1c t\u1ebf th\u00f4ng qua s\u1ef1 hi\u1ec7n di\u1ec7n t\u1ea1i c\u00e1c di\u1ec5n \u0111\u00e0n h\u1ecdc thu\u1eadt v\u00e0 ch\u00ednh s\u00e1ch h\u00e0ng \u0111\u1ea7u th\u1ebf gi\u1edbi, k\u1ebft n\u1ed1i v\u1edbi c\u00e1c h\u1ecdc gi\u1ea3 v\u00e0 nh\u00e0 l\u00e3nh \u0111\u1ea1o to\u00e0n c\u1ea7u, t\u1eeb \u0111\u00f3 chuy\u1ec3n h\u00f3a tri th\u1ee9c ti\u00ean phong th\u00e0nh c\u00e1c ch\u01b0\u01a1ng tr\u00ecnh chu\u1ea9n m\u1ef1c v\u00e0 t\u00e1c \u0111\u1ed9ng gi\u00e1o d\u1ee5c b\u1ec1n v\u1eefng t\u1ea1i Vi\u1ec7t Nam.","og_url":"https:\/\/youre.org.vn\/en\/dau-an-giao-duc-quoc-te\/","og_site_name":"T\u1ed5 ch\u1ee9c X\u00e3 H\u1ed9i Gi\u00e1o D\u1ee5c &amp; \u0110\u00e0o T\u1ea1o YOUREORG","article_publisher":"https:\/\/www.facebook.com\/youre.organization","article_modified_time":"2026-04-10T20:48:55+00:00","og_image":[{"width":1152,"height":648,"url":"https:\/\/youre.org.vn\/wp-content\/uploads\/2026\/04\/hinh-web-dau-an-giao-duc-quoc-te.jpg","type":"image\/jpeg"}],"twitter_card":"summary_large_image","twitter_misc":{"Est. reading time":"1 minute"},"schema":{"@context":"https:\/\/schema.org","@graph":[{"@type":"Organization","@id":"https:\/\/youre.org.vn\/#organization","name":"Doanh Nghi\u1ec7p X\u00e3 H\u1ed9i YourE","url":"https:\/\/youre.org.vn\/","sameAs":["https:\/\/www.facebook.com\/youre.organization","https:\/\/www.instagram.com\/youre.organization\/","https:\/\/www.linkedin.com\/company\/youre-education-training-centre","https:\/\/www.youtube.com\/channel\/UCjFcDKSF56thpv5sQKXWyEg"],"logo":{"@type":"ImageObject","@id":"https:\/\/youre.org.vn\/#logo","inLanguage":"en-US","url":"https:\/\/doanhnghiepxahoiyoure.org.vn\/wp-content\/uploads\/2023\/03\/Website.png","contentUrl":"https:\/\/doanhnghiepxahoiyoure.org.vn\/wp-content\/uploads\/2023\/03\/Website.png","width":1248,"height":672,"caption":"Doanh Nghi\u1ec7p X\u00e3 H\u1ed9i YourE"},"image":{"@id":"https:\/\/youre.org.vn\/#logo"}},{"@type":"WebSite","@id":"https:\/\/youre.org.vn\/#website","url":"https:\/\/youre.org.vn\/","name":"T\u1ed5 ch\u1ee9c X\u00e3 H\u1ed9i Gi\u00e1o D\u1ee5c &amp; \u0110\u00e0o T\u1ea1o YOUREORG","description":"","publisher":{"@id":"https:\/\/youre.org.vn\/#organization"},"potentialAction":[{"@type":"SearchAction","target":{"@type":"EntryPoint","urlTemplate":"https:\/\/youre.org.vn\/?s={search_term_string}"},"query-input":"required name=search_term_string"}],"inLanguage":"en-US"},{"@type":"ImageObject","@id":"https:\/\/youre.org.vn\/dau-an-giao-duc-quoc-te\/#primaryimage","inLanguage":"en-US","url":"https:\/\/youre.org.vn\/wp-content\/uploads\/2026\/04\/hinh-web-dau-an-giao-duc-quoc-te.jpg","contentUrl":"https:\/\/youre.org.vn\/wp-content\/uploads\/2026\/04\/hinh-web-dau-an-giao-duc-quoc-te.jpg","width":1152,"height":648},{"@type":"WebPage","@id":"https:\/\/youre.org.vn\/dau-an-giao-duc-quoc-te\/#webpage","url":"https:\/\/youre.org.vn\/dau-an-giao-duc-quoc-te\/","name":"YOUREORG || D\u1ea5u \u1ea4n Gi\u00e1o D\u1ee5c Qu\u1ed1c T\u1ebf","isPartOf":{"@id":"https:\/\/youre.org.vn\/#website"},"primaryImageOfPage":{"@id":"https:\/\/youre.org.vn\/dau-an-giao-duc-quoc-te\/#primaryimage"},"datePublished":"2026-04-07T20:23:39+00:00","dateModified":"2026-04-10T20:48:55+00:00","description":"Kh\u1eb3ng \u0111\u1ecbnh t\u1ea7m v\u00f3c v\u00e0 uy t\u00edn c\u1ee7a YOUREORG trong gi\u00e1o d\u1ee5c qu\u1ed1c t\u1ebf th\u00f4ng qua s\u1ef1 hi\u1ec7n di\u1ec7n t\u1ea1i c\u00e1c di\u1ec5n \u0111\u00e0n h\u1ecdc thu\u1eadt v\u00e0 ch\u00ednh s\u00e1ch h\u00e0ng \u0111\u1ea7u th\u1ebf gi\u1edbi, k\u1ebft n\u1ed1i v\u1edbi c\u00e1c h\u1ecdc gi\u1ea3 v\u00e0 nh\u00e0 l\u00e3nh \u0111\u1ea1o to\u00e0n c\u1ea7u, t\u1eeb \u0111\u00f3 chuy\u1ec3n h\u00f3a tri th\u1ee9c ti\u00ean phong th\u00e0nh c\u00e1c ch\u01b0\u01a1ng tr\u00ecnh chu\u1ea9n m\u1ef1c v\u00e0 t\u00e1c \u0111\u1ed9ng gi\u00e1o d\u1ee5c b\u1ec1n v\u1eefng t\u1ea1i Vi\u1ec7t Nam.","breadcrumb":{"@id":"https:\/\/youre.org.vn\/dau-an-giao-duc-quoc-te\/#breadcrumb"},"inLanguage":"en-US","potentialAction":[{"@type":"ReadAction","target":["https:\/\/youre.org.vn\/dau-an-giao-duc-quoc-te\/"]}]},{"@type":"BreadcrumbList","@id":"https:\/\/youre.org.vn\/dau-an-giao-duc-quoc-te\/#breadcrumb","itemListElement":[{"@type":"ListItem","position":1,"name":"Home","item":"https:\/\/youre.org.vn\/"},{"@type":"ListItem","position":2,"name":"D\u1ea5u \u1ea4n Gi\u00e1o D\u1ee5c Qu\u1ed1c T\u1ebf"}]}]}},"_links":{"self":[{"href":"https:\/\/youre.org.vn\/en\/wp-json\/wp\/v2\/pages\/56052"}],"collection":[{"href":"https:\/\/youre.org.vn\/en\/wp-json\/wp\/v2\/pages"}],"about":[{"href":"https:\/\/youre.org.vn\/en\/wp-json\/wp\/v2\/types\/page"}],"author":[{"embeddable":true,"href":"https:\/\/youre.org.vn\/en\/wp-json\/wp\/v2\/users\/5"}],"replies":[{"embeddable":true,"href":"https:\/\/youre.org.vn\/en\/wp-json\/wp\/v2\/comments?post=56052"}],"version-history":[{"count":14,"href":"https:\/\/youre.org.vn\/en\/wp-json\/wp\/v2\/pages\/56052\/revisions"}],"predecessor-version":[{"id":56114,"href":"https:\/\/youre.org.vn\/en\/wp-json\/wp\/v2\/pages\/56052\/revisions\/56114"}],"wp:featuredmedia":[{"embeddable":true,"href":"https:\/\/youre.org.vn\/en\/wp-json\/wp\/v2\/media\/56112"}],"wp:attachment":[{"href":"https:\/\/youre.org.vn\/en\/wp-json\/wp\/v2\/media?parent=56052"}],"curies":[{"name":"wp","href":"https:\/\/api.w.org\/{rel}","templated":true}]}}