{"id":56088,"date":"2026-04-08T07:55:07","date_gmt":"2026-04-08T00:55:07","guid":{"rendered":"https:\/\/youre.org.vn\/?page_id=56088"},"modified":"2026-04-08T08:23:39","modified_gmt":"2026-04-08T01:23:39","slug":"he-thong-dam-bao-chat-luong","status":"publish","type":"page","link":"https:\/\/youre.org.vn\/en\/he-thong-dam-bao-chat-luong\/","title":{"rendered":"H\u1ec7 th\u1ed1ng \u0111\u1ea3m b\u1ea3o ch\u1ea5t l\u01b0\u1ee3ng"},"content":{"rendered":"<div data-elementor-type=\"wp-page\" data-elementor-id=\"56088\" class=\"elementor elementor-56088\" data-elementor-settings=\"[]\">\n\t\t\t\t\t\t<div class=\"elementor-inner\">\n\t\t\t\t\t\t\t<div class=\"elementor-section-wrap\">\n\t\t\t\t\t\t\t<section class=\"has_ae_slider elementor-section elementor-top-section elementor-element elementor-element-6ea33e3 elementor-section-boxed elementor-section-height-default elementor-section-height-default ae-bg-gallery-type-default\" data-id=\"6ea33e3\" data-element_type=\"section\">\n\t\t\t\t\t\t<div class=\"elementor-container elementor-column-gap-default\">\n\t\t\t\t\t\t\t<div class=\"elementor-row\">\n\t\t\t\t\t<div class=\"has_ae_slider elementor-column elementor-col-100 elementor-top-column elementor-element elementor-element-1a7958f ae-bg-gallery-type-default\" data-id=\"1a7958f\" data-element_type=\"column\">\n\t\t\t<div class=\"elementor-column-wrap elementor-element-populated\">\n\t\t\t\t\t\t\t<div class=\"elementor-widget-wrap\">\n\t\t\t\t\t\t<div class=\"elementor-element elementor-element-bcec073 elementor-widget elementor-widget-text-editor\" data-id=\"bcec073\" data-element_type=\"widget\" data-widget_type=\"text-editor.default\">\n\t\t\t\t<div class=\"elementor-widget-container\">\n\t\t\t\t\t\t\t\t<div class=\"elementor-text-editor elementor-clearfix\">\n\t\t\t\t\t<h3 data-start=\"137\" data-end=\"178\"><strong data-start=\"137\" data-end=\"178\">This section is currently being developed <\/strong><\/h3><h5 data-start=\"137\" data-end=\"178\"><strong>to present how YOUREORG designs and delivers its academic quality assurance framework to international standards.<\/strong><\/h5><p data-start=\"292\" data-end=\"587\">From Cambridge-aligned teaching competencies and Harvard-informed pedagogy to a coherent LMS-based learning pathway <br> with transparent progress tracking, the full system will be shared clearly and simply.<\/p><p data-start=\"589\" data-end=\"853\">This reflects not only how learning is structured at YOUREORG, but a commitment to ensuring that <br>\nevery learner\u2019s progress is guided with consistency, clarity, and long-term purpose.<\/p>\t\t\t\t\t<\/div>\n\t\t\t\t\t\t<\/div>\n\t\t\t\t<\/div>\n\t\t\t\t\t\t<\/div>\n\t\t\t\t\t<\/div>\n\t\t<\/div>\n\t\t\t\t\t\t\t\t<\/div>\n\t\t\t\t\t<\/div>\n\t\t<\/section>\n\t\t\t\t<section class=\"has_ae_slider elementor-section elementor-top-section elementor-element elementor-element-c2074fc elementor-section-boxed elementor-section-height-default elementor-section-height-default ae-bg-gallery-type-default\" data-id=\"c2074fc\" data-element_type=\"section\">\n\t\t\t\t\t\t<div class=\"elementor-container elementor-column-gap-default\">\n\t\t\t\t\t\t\t<div class=\"elementor-row\">\n\t\t\t\t\t<div class=\"has_ae_slider elementor-column elementor-col-100 elementor-top-column elementor-element elementor-element-9880ac6 ae-bg-gallery-type-default\" data-id=\"9880ac6\" data-element_type=\"column\">\n\t\t\t<div class=\"elementor-column-wrap elementor-element-populated\">\n\t\t\t\t\t\t\t<div class=\"elementor-widget-wrap\">\n\t\t\t\t\t\t<div class=\"elementor-element elementor-element-0375184 elementor-widget elementor-widget-gallery\" data-id=\"0375184\" data-element_type=\"widget\" data-settings=\"{&quot;gallery_layout&quot;:&quot;justified&quot;,&quot;ideal_row_height&quot;:{&quot;unit&quot;:&quot;px&quot;,&quot;size&quot;:151,&quot;sizes&quot;:[]},&quot;lazyload&quot;:&quot;yes&quot;,&quot;ideal_row_height_tablet&quot;:{&quot;unit&quot;:&quot;px&quot;,&quot;size&quot;:150,&quot;sizes&quot;:[]},&quot;ideal_row_height_mobile&quot;:{&quot;unit&quot;:&quot;px&quot;,&quot;size&quot;:150,&quot;sizes&quot;:[]},&quot;gap&quot;:{&quot;unit&quot;:&quot;px&quot;,&quot;size&quot;:10,&quot;sizes&quot;:[]},&quot;gap_tablet&quot;:{&quot;unit&quot;:&quot;px&quot;,&quot;size&quot;:10,&quot;sizes&quot;:[]},&quot;gap_mobile&quot;:{&quot;unit&quot;:&quot;px&quot;,&quot;size&quot;:10,&quot;sizes&quot;:[]},&quot;link_to&quot;:&quot;file&quot;,&quot;overlay_background&quot;:&quot;yes&quot;,&quot;content_hover_animation&quot;:&quot;fade-in&quot;}\" data-widget_type=\"gallery.default\">\n\t\t\t\t<div class=\"elementor-widget-container\">\n\t\t\t\t\t<div class=\"elementor-gallery__container\">\n\t\t\t\t\t\t\t<a class=\"e-gallery-item elementor-gallery-item elementor-animated-content\" href=\"https:\/\/youre.org.vn\/wp-content\/uploads\/2026\/04\/HGSE-2.png\" data-elementor-open-lightbox=\"yes\" data-elementor-lightbox-slideshow=\"all-0375184\" data-elementor-lightbox-title=\"HGSE 2\">\n\t\t\t\t\t<div class=\"e-gallery-image elementor-gallery-item__image\" data-thumbnail=\"https:\/\/youre.org.vn\/wp-content\/uploads\/2026\/04\/HGSE-2-768x330.png\" data-width=\"768\" data-height=\"330\" alt=\"\" ><\/div>\n\t\t\t\t\t\t\t\t\t\t<div class=\"elementor-gallery-item__overlay\"><\/div>\n\t\t\t\t\t\t\t\t\t\t\t\t\t\t<\/a>\n\t\t\t\t\t\t\t<a class=\"e-gallery-item elementor-gallery-item elementor-animated-content\" href=\"https:\/\/youre.org.vn\/wp-content\/uploads\/2026\/04\/IMG_1493.jpg\" data-elementor-open-lightbox=\"yes\" data-elementor-lightbox-slideshow=\"all-0375184\" data-elementor-lightbox-title=\"Cambridge English Assessment\">\n\t\t\t\t\t<div class=\"e-gallery-image elementor-gallery-item__image\" data-thumbnail=\"https:\/\/youre.org.vn\/wp-content\/uploads\/2026\/04\/IMG_1493-768x512.jpg\" data-width=\"768\" data-height=\"512\" alt=\"\" ><\/div>\n\t\t\t\t\t\t\t\t\t\t<div class=\"elementor-gallery-item__overlay\"><\/div>\n\t\t\t\t\t\t\t\t\t\t\t\t\t\t<\/a>\n\t\t\t\t\t\t\t<a class=\"e-gallery-item elementor-gallery-item elementor-animated-content\" href=\"https:\/\/youre.org.vn\/wp-content\/uploads\/2026\/04\/Harvard-GSAS.webp\" data-elementor-open-lightbox=\"yes\" data-elementor-lightbox-slideshow=\"all-0375184\" data-elementor-lightbox-title=\"Harvard GSAS\">\n\t\t\t\t\t<div class=\"e-gallery-image elementor-gallery-item__image\" data-thumbnail=\"https:\/\/youre.org.vn\/wp-content\/uploads\/2026\/04\/Harvard-GSAS-768x512.webp\" data-width=\"768\" data-height=\"512\" alt=\"\" ><\/div>\n\t\t\t\t\t\t\t\t\t\t<div class=\"elementor-gallery-item__overlay\"><\/div>\n\t\t\t\t\t\t\t\t\t\t\t\t\t\t<\/a>\n\t\t\t\t\t<\/div>\n\t\t\t<\/div>\n\t\t\t\t<\/div>\n\t\t\t\t\t\t<\/div>\n\t\t\t\t\t<\/div>\n\t\t<\/div>\n\t\t\t\t\t\t\t\t<\/div>\n\t\t\t\t\t<\/div>\n\t\t<\/section>\n\t\t\t\t<section class=\"has_ae_slider elementor-section elementor-top-section elementor-element elementor-element-5f8cd3e elementor-section-boxed elementor-section-height-default elementor-section-height-default ae-bg-gallery-type-default\" data-id=\"5f8cd3e\" data-element_type=\"section\">\n\t\t\t\t\t\t<div class=\"elementor-container elementor-column-gap-default\">\n\t\t\t\t\t\t\t<div class=\"elementor-row\">\n\t\t\t\t\t<div class=\"has_ae_slider elementor-column elementor-col-100 elementor-top-column elementor-element elementor-element-eb4f544 ae-bg-gallery-type-default\" data-id=\"eb4f544\" data-element_type=\"column\">\n\t\t\t<div class=\"elementor-column-wrap elementor-element-populated\">\n\t\t\t\t\t\t\t<div class=\"elementor-widget-wrap\">\n\t\t\t\t\t\t<div class=\"elementor-element elementor-element-8587c57 elementor-widget elementor-widget-spacer\" data-id=\"8587c57\" data-element_type=\"widget\" data-widget_type=\"spacer.default\">\n\t\t\t\t<div class=\"elementor-widget-container\">\n\t\t\t\t\t<div class=\"elementor-spacer\">\n\t\t\t<div class=\"elementor-spacer-inner\"><\/div>\n\t\t<\/div>\n\t\t\t\t<\/div>\n\t\t\t\t<\/div>\n\t\t\t\t\t\t<\/div>\n\t\t\t\t\t<\/div>\n\t\t<\/div>\n\t\t\t\t\t\t\t\t<\/div>\n\t\t\t\t\t<\/div>\n\t\t<\/section>\n\t\t\t\t\t\t<\/div>\n\t\t\t\t\t\t<\/div>\n\t\t\t\t\t<\/div>","protected":false},"excerpt":{"rendered":"<p>M\u1ee4C N\u1ed8I DUNG N\u00c0Y \u0110ANG \u0110\u01af\u1ee2C HO\u00c0N THI\u1ec6N \u0110\u1ec3 chia s\u1ebb \u0111\u1ea7y \u0111\u1ee7 c\u00e1ch YOUREORG x\u00e2y d\u1ef1ng v\u00e0 v\u1eadn h\u00e0nh h\u1ec7 th\u1ed1ng \u0111\u1ea3m b\u1ea3o ch\u1ea5t l\u01b0\u1ee3ng gi\u1ea3ng d\u1ea1y theo chu\u1ea9n qu\u1ed1c t\u1ebf. T\u1eeb vi\u1ec7c t\u00edch h\u1ee3p c\u00e1c khung n\u0103ng l\u1ef1c gi\u1ea3ng d\u1ea1y ti\u1ebfng Anh c\u1ee7a Cambridge, v\u1eadn d\u1ee5ng c\u00e1c nguy\u00ean l\u00fd s\u01b0 ph\u1ea1m t\u1eeb Harvard,&hellip;&nbsp;<a href=\"https:\/\/youre.org.vn\/en\/he-thong-dam-bao-chat-luong\/\" class=\"\" rel=\"bookmark\">Read More &raquo;<span class=\"screen-reader-text\">H\u1ec7 th\u1ed1ng \u0111\u1ea3m b\u1ea3o ch\u1ea5t l\u01b0\u1ee3ng<\/span><\/a><\/p>","protected":false},"author":5,"featured_media":56089,"parent":0,"menu_order":0,"comment_status":"closed","ping_status":"closed","template":"page-templates\/template-pagebuilder-full-width.php","meta":{"neve_meta_sidebar":"full-width","neve_meta_container":"","neve_meta_enable_content_width":"on","neve_meta_content_width":100,"neve_meta_title_alignment":"","neve_meta_author_avatar":"","neve_post_elements_order":"","neve_meta_disable_header":"","neve_meta_disable_footer":"","neve_meta_disable_title":""},"yoast_head":"<!-- This site is optimized with the Yoast SEO plugin v17.5 - https:\/\/yoast.com\/wordpress\/plugins\/seo\/ -->\n<title>H\u1ec7 th\u1ed1ng \u0111\u1ea3m b\u1ea3o ch\u1ea5t l\u01b0\u1ee3ng<\/title>\n<meta name=\"description\" content=\"H\u1ec7 th\u1ed1ng \u0111\u1ea3m b\u1ea3o ch\u1ea5t l\u01b0\u1ee3ng t\u1ea1i YOUREORG \u0111\u01b0\u1ee3c x\u00e2y d\u1ef1ng t\u1eeb chu\u1ea9n Cambridge v\u00e0 Harvard, tri\u1ec3n khai qua LMS v\u1edbi l\u1ed9 tr\u00ecnh h\u1ecdc r\u00f5 r\u00e0ng, b\u00e1o c\u00e1o ti\u1ebfn \u0111\u1ed9 minh b\u1ea1ch v\u00e0 k\u1ebft qu\u1ea3 h\u1ecdc t\u1eadp th\u1ef1c ch\u1ea5t.\" \/>\n<meta name=\"robots\" content=\"index, follow, max-snippet:-1, max-image-preview:large, max-video-preview:-1\" \/>\n<link rel=\"canonical\" href=\"https:\/\/youre.org.vn\/en\/he-thong-dam-bao-chat-luong\/\" \/>\n<meta property=\"og:locale\" content=\"en_US\" \/>\n<meta property=\"og:type\" content=\"article\" \/>\n<meta property=\"og:title\" content=\"H\u1ec7 th\u1ed1ng \u0111\u1ea3m b\u1ea3o ch\u1ea5t l\u01b0\u1ee3ng\" \/>\n<meta property=\"og:description\" content=\"H\u1ec7 th\u1ed1ng \u0111\u1ea3m b\u1ea3o ch\u1ea5t l\u01b0\u1ee3ng t\u1ea1i YOUREORG \u0111\u01b0\u1ee3c x\u00e2y d\u1ef1ng t\u1eeb chu\u1ea9n Cambridge v\u00e0 Harvard, tri\u1ec3n khai qua LMS v\u1edbi l\u1ed9 tr\u00ecnh h\u1ecdc r\u00f5 r\u00e0ng, b\u00e1o c\u00e1o ti\u1ebfn \u0111\u1ed9 minh b\u1ea1ch v\u00e0 k\u1ebft qu\u1ea3 h\u1ecdc t\u1eadp th\u1ef1c ch\u1ea5t.\" \/>\n<meta property=\"og:url\" content=\"https:\/\/youre.org.vn\/en\/he-thong-dam-bao-chat-luong\/\" \/>\n<meta property=\"og:site_name\" content=\"T\u1ed5 ch\u1ee9c X\u00e3 H\u1ed9i Gi\u00e1o D\u1ee5c &amp; \u0110\u00e0o T\u1ea1o YOUREORG\" \/>\n<meta property=\"article:publisher\" content=\"https:\/\/www.facebook.com\/youre.organization\" \/>\n<meta property=\"article:modified_time\" content=\"2026-04-08T01:23:39+00:00\" \/>\n<meta property=\"og:image\" content=\"https:\/\/youre.org.vn\/wp-content\/uploads\/2026\/04\/istockphoto-1808231641-612x612-1.jpg\" \/>\n\t<meta property=\"og:image:width\" content=\"612\" \/>\n\t<meta property=\"og:image:height\" content=\"612\" \/>\n<meta name=\"twitter:card\" content=\"summary_large_image\" \/>\n<meta name=\"twitter:label1\" content=\"Est. reading time\" \/>\n\t<meta name=\"twitter:data1\" content=\"1 minute\" \/>\n<script type=\"application\/ld+json\" class=\"yoast-schema-graph\">{\"@context\":\"https:\/\/schema.org\",\"@graph\":[{\"@type\":\"Organization\",\"@id\":\"https:\/\/youre.org.vn\/#organization\",\"name\":\"Doanh Nghi\\u1ec7p X\\u00e3 H\\u1ed9i YourE\",\"url\":\"https:\/\/youre.org.vn\/\",\"sameAs\":[\"https:\/\/www.facebook.com\/youre.organization\",\"https:\/\/www.instagram.com\/youre.organization\/\",\"https:\/\/www.linkedin.com\/company\/youre-education-training-centre\",\"https:\/\/www.youtube.com\/channel\/UCjFcDKSF56thpv5sQKXWyEg\"],\"logo\":{\"@type\":\"ImageObject\",\"@id\":\"https:\/\/youre.org.vn\/#logo\",\"inLanguage\":\"en-US\",\"url\":\"https:\/\/doanhnghiepxahoiyoure.org.vn\/wp-content\/uploads\/2023\/03\/Website.png\",\"contentUrl\":\"https:\/\/doanhnghiepxahoiyoure.org.vn\/wp-content\/uploads\/2023\/03\/Website.png\",\"width\":1248,\"height\":672,\"caption\":\"Doanh Nghi\\u1ec7p X\\u00e3 H\\u1ed9i YourE\"},\"image\":{\"@id\":\"https:\/\/youre.org.vn\/#logo\"}},{\"@type\":\"WebSite\",\"@id\":\"https:\/\/youre.org.vn\/#website\",\"url\":\"https:\/\/youre.org.vn\/\",\"name\":\"T\\u1ed5 ch\\u1ee9c X\\u00e3 H\\u1ed9i Gi\\u00e1o D\\u1ee5c &amp; \\u0110\\u00e0o T\\u1ea1o YOUREORG\",\"description\":\"\",\"publisher\":{\"@id\":\"https:\/\/youre.org.vn\/#organization\"},\"potentialAction\":[{\"@type\":\"SearchAction\",\"target\":{\"@type\":\"EntryPoint\",\"urlTemplate\":\"https:\/\/youre.org.vn\/?s={search_term_string}\"},\"query-input\":\"required name=search_term_string\"}],\"inLanguage\":\"en-US\"},{\"@type\":\"ImageObject\",\"@id\":\"https:\/\/youre.org.vn\/he-thong-dam-bao-chat-luong\/#primaryimage\",\"inLanguage\":\"en-US\",\"url\":\"https:\/\/youre.org.vn\/wp-content\/uploads\/2026\/04\/istockphoto-1808231641-612x612-1.jpg\",\"contentUrl\":\"https:\/\/youre.org.vn\/wp-content\/uploads\/2026\/04\/istockphoto-1808231641-612x612-1.jpg\",\"width\":612,\"height\":612},{\"@type\":\"WebPage\",\"@id\":\"https:\/\/youre.org.vn\/he-thong-dam-bao-chat-luong\/#webpage\",\"url\":\"https:\/\/youre.org.vn\/he-thong-dam-bao-chat-luong\/\",\"name\":\"H\\u1ec7 th\\u1ed1ng \\u0111\\u1ea3m b\\u1ea3o ch\\u1ea5t l\\u01b0\\u1ee3ng\",\"isPartOf\":{\"@id\":\"https:\/\/youre.org.vn\/#website\"},\"primaryImageOfPage\":{\"@id\":\"https:\/\/youre.org.vn\/he-thong-dam-bao-chat-luong\/#primaryimage\"},\"datePublished\":\"2026-04-08T00:55:07+00:00\",\"dateModified\":\"2026-04-08T01:23:39+00:00\",\"description\":\"H\\u1ec7 th\\u1ed1ng \\u0111\\u1ea3m b\\u1ea3o ch\\u1ea5t l\\u01b0\\u1ee3ng t\\u1ea1i YOUREORG \\u0111\\u01b0\\u1ee3c x\\u00e2y d\\u1ef1ng t\\u1eeb chu\\u1ea9n Cambridge v\\u00e0 Harvard, tri\\u1ec3n khai qua LMS v\\u1edbi l\\u1ed9 tr\\u00ecnh h\\u1ecdc r\\u00f5 r\\u00e0ng, b\\u00e1o c\\u00e1o ti\\u1ebfn \\u0111\\u1ed9 minh b\\u1ea1ch v\\u00e0 k\\u1ebft qu\\u1ea3 h\\u1ecdc t\\u1eadp th\\u1ef1c ch\\u1ea5t.\",\"breadcrumb\":{\"@id\":\"https:\/\/youre.org.vn\/he-thong-dam-bao-chat-luong\/#breadcrumb\"},\"inLanguage\":\"en-US\",\"potentialAction\":[{\"@type\":\"ReadAction\",\"target\":[\"https:\/\/youre.org.vn\/he-thong-dam-bao-chat-luong\/\"]}]},{\"@type\":\"BreadcrumbList\",\"@id\":\"https:\/\/youre.org.vn\/he-thong-dam-bao-chat-luong\/#breadcrumb\",\"itemListElement\":[{\"@type\":\"ListItem\",\"position\":1,\"name\":\"Home\",\"item\":\"https:\/\/youre.org.vn\/\"},{\"@type\":\"ListItem\",\"position\":2,\"name\":\"H\\u1ec7 th\\u1ed1ng \\u0111\\u1ea3m b\\u1ea3o ch\\u1ea5t l\\u01b0\\u1ee3ng\"}]}]}<\/script>\n<!-- \/ Yoast SEO plugin. -->","yoast_head_json":{"title":"H\u1ec7 th\u1ed1ng \u0111\u1ea3m b\u1ea3o ch\u1ea5t l\u01b0\u1ee3ng","description":"H\u1ec7 th\u1ed1ng \u0111\u1ea3m b\u1ea3o ch\u1ea5t l\u01b0\u1ee3ng t\u1ea1i YOUREORG \u0111\u01b0\u1ee3c x\u00e2y d\u1ef1ng t\u1eeb chu\u1ea9n Cambridge v\u00e0 Harvard, tri\u1ec3n khai qua LMS v\u1edbi l\u1ed9 tr\u00ecnh h\u1ecdc r\u00f5 r\u00e0ng, b\u00e1o c\u00e1o ti\u1ebfn \u0111\u1ed9 minh b\u1ea1ch v\u00e0 k\u1ebft qu\u1ea3 h\u1ecdc t\u1eadp th\u1ef1c ch\u1ea5t.","robots":{"index":"index","follow":"follow","max-snippet":"max-snippet:-1","max-image-preview":"max-image-preview:large","max-video-preview":"max-video-preview:-1"},"canonical":"https:\/\/youre.org.vn\/en\/he-thong-dam-bao-chat-luong\/","og_locale":"en_US","og_type":"article","og_title":"H\u1ec7 th\u1ed1ng \u0111\u1ea3m b\u1ea3o ch\u1ea5t l\u01b0\u1ee3ng","og_description":"H\u1ec7 th\u1ed1ng \u0111\u1ea3m b\u1ea3o ch\u1ea5t l\u01b0\u1ee3ng t\u1ea1i YOUREORG \u0111\u01b0\u1ee3c x\u00e2y d\u1ef1ng t\u1eeb chu\u1ea9n Cambridge v\u00e0 Harvard, tri\u1ec3n khai qua LMS v\u1edbi l\u1ed9 tr\u00ecnh h\u1ecdc r\u00f5 r\u00e0ng, b\u00e1o c\u00e1o ti\u1ebfn \u0111\u1ed9 minh b\u1ea1ch v\u00e0 k\u1ebft qu\u1ea3 h\u1ecdc t\u1eadp th\u1ef1c ch\u1ea5t.","og_url":"https:\/\/youre.org.vn\/en\/he-thong-dam-bao-chat-luong\/","og_site_name":"T\u1ed5 ch\u1ee9c X\u00e3 H\u1ed9i Gi\u00e1o D\u1ee5c &amp; \u0110\u00e0o T\u1ea1o YOUREORG","article_publisher":"https:\/\/www.facebook.com\/youre.organization","article_modified_time":"2026-04-08T01:23:39+00:00","og_image":[{"width":612,"height":612,"url":"https:\/\/youre.org.vn\/wp-content\/uploads\/2026\/04\/istockphoto-1808231641-612x612-1.jpg","type":"image\/jpeg"}],"twitter_card":"summary_large_image","twitter_misc":{"Est. reading time":"1 minute"},"schema":{"@context":"https:\/\/schema.org","@graph":[{"@type":"Organization","@id":"https:\/\/youre.org.vn\/#organization","name":"Doanh Nghi\u1ec7p X\u00e3 H\u1ed9i YourE","url":"https:\/\/youre.org.vn\/","sameAs":["https:\/\/www.facebook.com\/youre.organization","https:\/\/www.instagram.com\/youre.organization\/","https:\/\/www.linkedin.com\/company\/youre-education-training-centre","https:\/\/www.youtube.com\/channel\/UCjFcDKSF56thpv5sQKXWyEg"],"logo":{"@type":"ImageObject","@id":"https:\/\/youre.org.vn\/#logo","inLanguage":"en-US","url":"https:\/\/doanhnghiepxahoiyoure.org.vn\/wp-content\/uploads\/2023\/03\/Website.png","contentUrl":"https:\/\/doanhnghiepxahoiyoure.org.vn\/wp-content\/uploads\/2023\/03\/Website.png","width":1248,"height":672,"caption":"Doanh Nghi\u1ec7p X\u00e3 H\u1ed9i YourE"},"image":{"@id":"https:\/\/youre.org.vn\/#logo"}},{"@type":"WebSite","@id":"https:\/\/youre.org.vn\/#website","url":"https:\/\/youre.org.vn\/","name":"T\u1ed5 ch\u1ee9c X\u00e3 H\u1ed9i Gi\u00e1o D\u1ee5c &amp; \u0110\u00e0o T\u1ea1o YOUREORG","description":"","publisher":{"@id":"https:\/\/youre.org.vn\/#organization"},"potentialAction":[{"@type":"SearchAction","target":{"@type":"EntryPoint","urlTemplate":"https:\/\/youre.org.vn\/?s={search_term_string}"},"query-input":"required name=search_term_string"}],"inLanguage":"en-US"},{"@type":"ImageObject","@id":"https:\/\/youre.org.vn\/he-thong-dam-bao-chat-luong\/#primaryimage","inLanguage":"en-US","url":"https:\/\/youre.org.vn\/wp-content\/uploads\/2026\/04\/istockphoto-1808231641-612x612-1.jpg","contentUrl":"https:\/\/youre.org.vn\/wp-content\/uploads\/2026\/04\/istockphoto-1808231641-612x612-1.jpg","width":612,"height":612},{"@type":"WebPage","@id":"https:\/\/youre.org.vn\/he-thong-dam-bao-chat-luong\/#webpage","url":"https:\/\/youre.org.vn\/he-thong-dam-bao-chat-luong\/","name":"H\u1ec7 th\u1ed1ng \u0111\u1ea3m b\u1ea3o ch\u1ea5t l\u01b0\u1ee3ng","isPartOf":{"@id":"https:\/\/youre.org.vn\/#website"},"primaryImageOfPage":{"@id":"https:\/\/youre.org.vn\/he-thong-dam-bao-chat-luong\/#primaryimage"},"datePublished":"2026-04-08T00:55:07+00:00","dateModified":"2026-04-08T01:23:39+00:00","description":"H\u1ec7 th\u1ed1ng \u0111\u1ea3m b\u1ea3o ch\u1ea5t l\u01b0\u1ee3ng t\u1ea1i YOUREORG \u0111\u01b0\u1ee3c x\u00e2y d\u1ef1ng t\u1eeb chu\u1ea9n Cambridge v\u00e0 Harvard, tri\u1ec3n khai qua LMS v\u1edbi l\u1ed9 tr\u00ecnh h\u1ecdc r\u00f5 r\u00e0ng, b\u00e1o c\u00e1o ti\u1ebfn \u0111\u1ed9 minh b\u1ea1ch v\u00e0 k\u1ebft qu\u1ea3 h\u1ecdc t\u1eadp th\u1ef1c ch\u1ea5t.","breadcrumb":{"@id":"https:\/\/youre.org.vn\/he-thong-dam-bao-chat-luong\/#breadcrumb"},"inLanguage":"en-US","potentialAction":[{"@type":"ReadAction","target":["https:\/\/youre.org.vn\/he-thong-dam-bao-chat-luong\/"]}]},{"@type":"BreadcrumbList","@id":"https:\/\/youre.org.vn\/he-thong-dam-bao-chat-luong\/#breadcrumb","itemListElement":[{"@type":"ListItem","position":1,"name":"Home","item":"https:\/\/youre.org.vn\/"},{"@type":"ListItem","position":2,"name":"H\u1ec7 th\u1ed1ng \u0111\u1ea3m b\u1ea3o ch\u1ea5t l\u01b0\u1ee3ng"}]}]}},"_links":{"self":[{"href":"https:\/\/youre.org.vn\/en\/wp-json\/wp\/v2\/pages\/56088"}],"collection":[{"href":"https:\/\/youre.org.vn\/en\/wp-json\/wp\/v2\/pages"}],"about":[{"href":"https:\/\/youre.org.vn\/en\/wp-json\/wp\/v2\/types\/page"}],"author":[{"embeddable":true,"href":"https:\/\/youre.org.vn\/en\/wp-json\/wp\/v2\/users\/5"}],"replies":[{"embeddable":true,"href":"https:\/\/youre.org.vn\/en\/wp-json\/wp\/v2\/comments?post=56088"}],"version-history":[{"count":7,"href":"https:\/\/youre.org.vn\/en\/wp-json\/wp\/v2\/pages\/56088\/revisions"}],"predecessor-version":[{"id":56102,"href":"https:\/\/youre.org.vn\/en\/wp-json\/wp\/v2\/pages\/56088\/revisions\/56102"}],"wp:featuredmedia":[{"embeddable":true,"href":"https:\/\/youre.org.vn\/en\/wp-json\/wp\/v2\/media\/56089"}],"wp:attachment":[{"href":"https:\/\/youre.org.vn\/en\/wp-json\/wp\/v2\/media?parent=56088"}],"curies":[{"name":"wp","href":"https:\/\/api.w.org\/{rel}","templated":true}]}}